{"id":3460,"date":"2025-04-09T22:12:35","date_gmt":"2025-04-09T21:12:35","guid":{"rendered":"https:\/\/thefitnesthub.com\/cookie-policy\/"},"modified":"2025-04-09T22:27:19","modified_gmt":"2025-04-09T21:27:19","slug":"cookie-policy","status":"publish","type":"page","link":"https:\/\/thefitnesthub.com\/fr\/cookie-policy\/","title":{"rendered":"Cookie Policy"},"content":{"rendered":"\t\t<div data-elementor-type=\"wp-page\" data-elementor-id=\"3460\" class=\"elementor elementor-3460 elementor-3441\" data-elementor-post-type=\"page\">\n\t\t\t\t\t\t<section class=\"elementor-section elementor-top-section elementor-element elementor-element-f6e99ff elementor-section-height-min-height elementor-section-boxed elementor-section-height-default elementor-section-items-middle\" data-id=\"f6e99ff\" data-element_type=\"section\" data-e-type=\"section\" data-settings=\"{&quot;background_background&quot;:&quot;classic&quot;}\">\n\t\t\t\t\t\t<div class=\"elementor-container elementor-column-gap-default\">\n\t\t\t\t\t<div class=\"elementor-column elementor-col-100 elementor-top-column elementor-element elementor-element-3b2a6ae\" data-id=\"3b2a6ae\" data-element_type=\"column\" data-e-type=\"column\">\n\t\t\t<div class=\"elementor-widget-wrap elementor-element-populated\">\n\t\t\t\t\t\t<div class=\"elementor-element elementor-element-80ebc49 elementor-widget elementor-widget-heading\" data-id=\"80ebc49\" data-element_type=\"widget\" data-e-type=\"widget\" data-widget_type=\"heading.default\">\n\t\t\t\t<div class=\"elementor-widget-container\">\n\t\t\t\t\t<h2 class=\"elementor-heading-title elementor-size-default\">POLITIQUE RELATIVE AUX COOKIES<\/h2>\t\t\t\t<\/div>\n\t\t\t\t<\/div>\n\t\t\t\t<div class=\"elementor-element elementor-element-b6f1bc1 elementor-widget elementor-widget-text-editor\" data-id=\"b6f1bc1\" data-element_type=\"widget\" data-e-type=\"widget\" data-widget_type=\"text-editor.default\">\n\t\t\t\t<div class=\"elementor-widget-container\">\n\t\t\t\t\t\t\t\t\t<p class=\"\" data-start=\"123\" data-end=\"160\"><strong data-start=\"123\" data-end=\"160\">Derni\u00e8re mise \u00e0 jour : 01\/04\/2025<\/strong><\/p>\n<p><\/p>\n<p class=\"\" data-start=\"162\" data-end=\"181\"><strong data-start=\"162\" data-end=\"181\">1. Introduction<\/strong><\/p>\n<p><\/p>\n<p class=\"\" data-start=\"183\" data-end=\"473\">Le pr\u00e9sent document a pour but de vous informer sur l&rsquo;utilisation des cookies sur le site web de The FitNest Hub (<a class=\"\" href=\"https:\/\/thefitnesthub.com\/fr\/\" target=\"_new\" rel=\"noopener\" data-start=\"297\" data-end=\"323\">https:\/\/thefitnesthub.com\/<\/a>). Nous utilisons des cookies afin d&rsquo;am\u00e9liorer l&rsquo;exp\u00e9rience de navigation des utilisateurs et de collecter des informations sur l&rsquo;utilisation du site.<\/p>\n<p><\/p>\n<p class=\"\" data-start=\"475\" data-end=\"504\"><strong data-start=\"475\" data-end=\"504\">2. Que sont les cookies ?<\/strong><\/p>\n<p><\/p>\n<p class=\"\" data-start=\"506\" data-end=\"793\">Les cookies sont de petits fichiers texte enregistr\u00e9s sur votre appareil (ordinateur, tablette, smartphone) lorsque vous visitez un site web. Ces fichiers permettent au site de reconna\u00eetre votre appareil et de m\u00e9moriser des informations concernant vos pr\u00e9f\u00e9rences ou vos actions pass\u00e9es.<\/p>\n<p><\/p>\n<p class=\"\" data-start=\"795\" data-end=\"827\"><strong data-start=\"795\" data-end=\"827\">3. Types de cookies utilis\u00e9s<\/strong><\/p>\n<p><\/p>\n<p class=\"\" data-start=\"829\" data-end=\"890\">Nous utilisons les types de cookies suivants sur notre site :<\/p>\n<p><\/p>\n<p class=\"\" data-start=\"892\" data-end=\"1055\"><strong data-start=\"892\" data-end=\"931\">Cookies techniques ou n\u00e9cessaires :<\/strong> Ces cookies sont essentiels au bon fonctionnement du site et vous permettent de naviguer et d\u2019utiliser ses fonctionnalit\u00e9s.<\/p>\n<p><\/p>\n<p class=\"\" data-start=\"1057\" data-end=\"1299\"><strong data-start=\"1057\" data-end=\"1098\">Cookies analytiques ou statistiques :<\/strong> Ces cookies recueillent des informations sur la mani\u00e8re dont les utilisateurs utilisent le site, comme les pages visit\u00e9es ou les messages d\u2019erreur \u00e9ventuels, afin d\u2019am\u00e9liorer les performances du site.<\/p>\n<p><\/p>\n<p class=\"\" data-start=\"1301\" data-end=\"1526\"><strong data-start=\"1301\" data-end=\"1332\">Cookies de fonctionnalit\u00e9 :<\/strong> Ces cookies permettent au site de se souvenir des choix que vous faites (comme votre nom d&rsquo;utilisateur, votre langue ou votre r\u00e9gion) et d&rsquo;offrir des fonctionnalit\u00e9s avanc\u00e9es et personnalis\u00e9es.<\/p>\n<p><\/p>\n<p class=\"\" data-start=\"1528\" data-end=\"1735\"><strong data-start=\"1528\" data-end=\"1567\">Cookies marketing ou de profilage :<\/strong> Ces cookies sont utilis\u00e9s pour suivre les visiteurs \u00e0 travers les sites web. Leur but est d\u2019afficher des publicit\u00e9s pertinentes et attrayantes pour chaque utilisateur.<\/p>\n<p><\/p>\n<p class=\"\" data-start=\"1737\" data-end=\"1760\"><strong data-start=\"1737\" data-end=\"1760\">4. Cookies de tiers<\/strong><\/p>\n<p><\/p>\n<p class=\"\" data-start=\"1762\" data-end=\"2091\">Certains cookies peuvent \u00eatre d\u00e9finis par des services tiers pr\u00e9sents sur nos pages. Cela inclut, par exemple, les boutons de partage sur les r\u00e9seaux sociaux ou les contenus int\u00e9gr\u00e9s. Nous n&rsquo;avons aucun contr\u00f4le sur ces cookies ; pour plus d&rsquo;informations, veuillez consulter les politiques de confidentialit\u00e9 des tiers concern\u00e9s.<\/p>\n<p><\/p>\n<p class=\"\" data-start=\"2093\" data-end=\"2119\"><strong data-start=\"2093\" data-end=\"2119\">5. Gestion des cookies<\/strong><\/p>\n<p><\/p>\n<p class=\"\" data-start=\"2121\" data-end=\"2464\">Lors de votre premi\u00e8re visite sur notre site, une banni\u00e8re d\u2019information vous sera pr\u00e9sent\u00e9e concernant l\u2019utilisation des cookies. Vous pourrez accepter tous les cookies, les refuser ou personnaliser vos pr\u00e9f\u00e9rences. Vous pouvez modifier vos pr\u00e9f\u00e9rences \u00e0 tout moment en acc\u00e9dant \u00e0 la section \u00ab Param\u00e8tres des cookies \u00bb disponible sur le site.<\/p>\n<p><\/p>\n<p class=\"\" data-start=\"2466\" data-end=\"2721\">De plus, la plupart des navigateurs vous permettent de contr\u00f4ler et de g\u00e9rer les cookies via les param\u00e8tres du navigateur. Veuillez noter que la d\u00e9sactivation des cookies peut affecter les fonctionnalit\u00e9s du site et limiter votre exp\u00e9rience de navigation.<\/p>\n<p><\/p>\n<p class=\"\" data-start=\"2723\" data-end=\"2763\"><strong data-start=\"2723\" data-end=\"2763\">6. Dur\u00e9e de conservation des cookies<\/strong><\/p>\n<p><\/p>\n<p class=\"\" data-start=\"2765\" data-end=\"2836\">Les cookies peuvent avoir des dur\u00e9es de vie diff\u00e9rentes. On distingue :<\/p>\n<p><\/p>\n<p class=\"\" data-start=\"2838\" data-end=\"2918\"><strong data-start=\"2838\" data-end=\"2862\">Cookies de session :<\/strong> supprim\u00e9s automatiquement \u00e0 la fermeture du navigateur.<\/p>\n<p><\/p>\n<p class=\"\" data-start=\"2920\" data-end=\"3041\"><strong data-start=\"2920\" data-end=\"2945\">Cookies persistants :<\/strong> stock\u00e9s sur votre appareil jusqu\u2019\u00e0 leur date d\u2019expiration ou jusqu\u2019\u00e0 leur suppression manuelle.<\/p>\n<p><\/p>\n<p class=\"\" data-start=\"3043\" data-end=\"3109\"><strong data-start=\"3043\" data-end=\"3109\">7. Modifications de la pr\u00e9sente Politique relative aux cookies<\/strong><\/p>\n<p><\/p>\n<p class=\"\" data-start=\"3111\" data-end=\"3371\">Nous nous r\u00e9servons le droit de modifier cette Politique relative aux cookies. Toute modification sera publi\u00e9e sur cette page avec la date de mise \u00e0 jour. Nous vous invitons \u00e0 consulter r\u00e9guli\u00e8rement cette page pour rester inform\u00e9 des \u00e9ventuelles mises \u00e0 jour.<\/p>\n<p><\/p>\n<p class=\"\" data-start=\"3373\" data-end=\"3387\"><strong data-start=\"3373\" data-end=\"3387\">8. Contact<\/strong><\/p>\n<p><\/p>\n<p class=\"\" data-start=\"3389\" data-end=\"3539\">Pour toute question ou demande concernant cette Politique relative aux cookies, veuillez nous contacter \u00e0 l\u2019adresse suivante : <a rel=\"noopener\" data-start=\"3516\" data-end=\"3538\">info@thefitnesthub.com<\/a>.<\/p>\n\t\t\t\t\t\t\t\t<\/div>\n\t\t\t\t<\/div>\n\t\t\t\t\t<\/div>\n\t\t<\/div>\n\t\t\t\t\t<\/div>\n\t\t<\/section>\n\t\t\t\t<\/div>\n\t\t","protected":false},"excerpt":{"rendered":"<p>POLITIQUE RELATIVE AUX COOKIES Derni\u00e8re mise \u00e0 jour : 01\/04\/2025 1. Introduction Le pr\u00e9sent document a pour but de vous informer sur l&rsquo;utilisation des cookies sur le site web de The FitNest Hub (https:\/\/thefitnesthub.com\/). Nous utilisons des cookies afin d&rsquo;am\u00e9liorer l&rsquo;exp\u00e9rience de navigation des utilisateurs et de collecter des informations sur l&rsquo;utilisation du site. 2. [&hellip;]<\/p>\n","protected":false},"author":1,"featured_media":0,"parent":0,"menu_order":0,"comment_status":"closed","ping_status":"closed","template":"elementor_header_footer","meta":{"footnotes":""},"class_list":["post-3460","page","type-page","status-publish","hentry"],"_wp_page_template":"elementor_header_footer","hostinger_preview_image_url":null,"hostinger_preview_image_id":null,"hostinger_preview_image_post_id":null,"hostinger_ai_post_meta_title":null,"hostinger_ai_post_meta_description":null,"hostinger_ai_post_meta_seo_keywords":null,"_wp_attached_file":null,"_wp_attachment_metadata":null,"_edit_last":null,"origin":null,"_thumbnail_id":null,"_wp_trash_meta_status":null,"_wp_trash_meta_time":null,"_wp_desired_post_slug":null,"_edit_lock":null,"yoast_head":"<!-- This site is optimized with the Yoast SEO plugin v27.4 - https:\/\/yoast.com\/product\/yoast-seo-wordpress\/ -->\n<title>Cookie Policy - The FitNest Hub<\/title>\n<meta name=\"robots\" content=\"index, follow, max-snippet:-1, max-image-preview:large, max-video-preview:-1\" \/>\n<link rel=\"canonical\" href=\"https:\/\/thefitnesthub.com\/fr\/cookie-policy\/\" \/>\n<meta property=\"og:locale\" content=\"fr_FR\" \/>\n<meta property=\"og:type\" content=\"article\" \/>\n<meta property=\"og:title\" content=\"Cookie Policy - The FitNest Hub\" \/>\n<meta property=\"og:description\" content=\"POLITIQUE RELATIVE AUX COOKIES Derni\u00e8re mise \u00e0 jour : 01\/04\/2025 1. Introduction Le pr\u00e9sent document a pour but de vous informer sur l&rsquo;utilisation des cookies sur le site web de The FitNest Hub (https:\/\/thefitnesthub.com\/). Nous utilisons des cookies afin d&rsquo;am\u00e9liorer l&rsquo;exp\u00e9rience de navigation des utilisateurs et de collecter des informations sur l&rsquo;utilisation du site. 2. [&hellip;]\" \/>\n<meta property=\"og:url\" content=\"https:\/\/thefitnesthub.com\/fr\/cookie-policy\/\" \/>\n<meta property=\"og:site_name\" content=\"The FitNest Hub\" \/>\n<meta property=\"article:modified_time\" content=\"2025-04-09T21:27:19+00:00\" \/>\n<meta name=\"twitter:card\" content=\"summary_large_image\" \/>\n<meta name=\"twitter:label1\" content=\"Dur\u00e9e de lecture estim\u00e9e\" \/>\n\t<meta name=\"twitter:data1\" content=\"3 minutes\" \/>\n<script type=\"application\/ld+json\" class=\"yoast-schema-graph\">{\"@context\":\"https:\\\/\\\/schema.org\",\"@graph\":[{\"@type\":\"WebPage\",\"@id\":\"https:\\\/\\\/thefitnesthub.com\\\/fr\\\/cookie-policy\\\/\",\"url\":\"https:\\\/\\\/thefitnesthub.com\\\/fr\\\/cookie-policy\\\/\",\"name\":\"Cookie Policy - The FitNest Hub\",\"isPartOf\":{\"@id\":\"https:\\\/\\\/skyblue-rat-680472.hostingersite.com\\\/es\\\/#website\"},\"datePublished\":\"2025-04-09T21:12:35+00:00\",\"dateModified\":\"2025-04-09T21:27:19+00:00\",\"breadcrumb\":{\"@id\":\"https:\\\/\\\/thefitnesthub.com\\\/fr\\\/cookie-policy\\\/#breadcrumb\"},\"inLanguage\":\"fr-FR\",\"potentialAction\":[{\"@type\":\"ReadAction\",\"target\":[\"https:\\\/\\\/thefitnesthub.com\\\/fr\\\/cookie-policy\\\/\"]}]},{\"@type\":\"BreadcrumbList\",\"@id\":\"https:\\\/\\\/thefitnesthub.com\\\/fr\\\/cookie-policy\\\/#breadcrumb\",\"itemListElement\":[{\"@type\":\"ListItem\",\"position\":1,\"name\":\"Home\",\"item\":\"https:\\\/\\\/thefitnesthub.com\\\/fr\\\/\"},{\"@type\":\"ListItem\",\"position\":2,\"name\":\"Cookie Policy\"}]},{\"@type\":\"WebSite\",\"@id\":\"https:\\\/\\\/skyblue-rat-680472.hostingersite.com\\\/es\\\/#website\",\"url\":\"https:\\\/\\\/skyblue-rat-680472.hostingersite.com\\\/es\\\/\",\"name\":\"The FitNest Hub\",\"description\":\"\",\"publisher\":{\"@id\":\"https:\\\/\\\/skyblue-rat-680472.hostingersite.com\\\/es\\\/#organization\"},\"potentialAction\":[{\"@type\":\"SearchAction\",\"target\":{\"@type\":\"EntryPoint\",\"urlTemplate\":\"https:\\\/\\\/skyblue-rat-680472.hostingersite.com\\\/es\\\/?s={search_term_string}\"},\"query-input\":{\"@type\":\"PropertyValueSpecification\",\"valueRequired\":true,\"valueName\":\"search_term_string\"}}],\"inLanguage\":\"fr-FR\"},{\"@type\":\"Organization\",\"@id\":\"https:\\\/\\\/skyblue-rat-680472.hostingersite.com\\\/es\\\/#organization\",\"name\":\"The FitNest Hub\",\"url\":\"https:\\\/\\\/skyblue-rat-680472.hostingersite.com\\\/es\\\/\",\"logo\":{\"@type\":\"ImageObject\",\"inLanguage\":\"fr-FR\",\"@id\":\"https:\\\/\\\/skyblue-rat-680472.hostingersite.com\\\/es\\\/#\\\/schema\\\/logo\\\/image\\\/\",\"url\":\"https:\\\/\\\/thefitnesthub.com\\\/wp-content\\\/uploads\\\/2025\\\/03\\\/favicon-solo-nera-1.png\",\"contentUrl\":\"https:\\\/\\\/thefitnesthub.com\\\/wp-content\\\/uploads\\\/2025\\\/03\\\/favicon-solo-nera-1.png\",\"width\":512,\"height\":512,\"caption\":\"The FitNest Hub\"},\"image\":{\"@id\":\"https:\\\/\\\/skyblue-rat-680472.hostingersite.com\\\/es\\\/#\\\/schema\\\/logo\\\/image\\\/\"}}]}<\/script>\n<!-- \/ Yoast SEO plugin. -->","yoast_head_json":{"title":"Cookie Policy - The FitNest Hub","robots":{"index":"index","follow":"follow","max-snippet":"max-snippet:-1","max-image-preview":"max-image-preview:large","max-video-preview":"max-video-preview:-1"},"canonical":"https:\/\/thefitnesthub.com\/fr\/cookie-policy\/","og_locale":"fr_FR","og_type":"article","og_title":"Cookie Policy - The FitNest Hub","og_description":"POLITIQUE RELATIVE AUX COOKIES Derni\u00e8re mise \u00e0 jour : 01\/04\/2025 1. Introduction Le pr\u00e9sent document a pour but de vous informer sur l&rsquo;utilisation des cookies sur le site web de The FitNest Hub (https:\/\/thefitnesthub.com\/). Nous utilisons des cookies afin d&rsquo;am\u00e9liorer l&rsquo;exp\u00e9rience de navigation des utilisateurs et de collecter des informations sur l&rsquo;utilisation du site. 2. [&hellip;]","og_url":"https:\/\/thefitnesthub.com\/fr\/cookie-policy\/","og_site_name":"The FitNest Hub","article_modified_time":"2025-04-09T21:27:19+00:00","twitter_card":"summary_large_image","twitter_misc":{"Dur\u00e9e de lecture estim\u00e9e":"3 minutes"},"schema":{"@context":"https:\/\/schema.org","@graph":[{"@type":"WebPage","@id":"https:\/\/thefitnesthub.com\/fr\/cookie-policy\/","url":"https:\/\/thefitnesthub.com\/fr\/cookie-policy\/","name":"Cookie Policy - The FitNest Hub","isPartOf":{"@id":"https:\/\/skyblue-rat-680472.hostingersite.com\/es\/#website"},"datePublished":"2025-04-09T21:12:35+00:00","dateModified":"2025-04-09T21:27:19+00:00","breadcrumb":{"@id":"https:\/\/thefitnesthub.com\/fr\/cookie-policy\/#breadcrumb"},"inLanguage":"fr-FR","potentialAction":[{"@type":"ReadAction","target":["https:\/\/thefitnesthub.com\/fr\/cookie-policy\/"]}]},{"@type":"BreadcrumbList","@id":"https:\/\/thefitnesthub.com\/fr\/cookie-policy\/#breadcrumb","itemListElement":[{"@type":"ListItem","position":1,"name":"Home","item":"https:\/\/thefitnesthub.com\/fr\/"},{"@type":"ListItem","position":2,"name":"Cookie Policy"}]},{"@type":"WebSite","@id":"https:\/\/skyblue-rat-680472.hostingersite.com\/es\/#website","url":"https:\/\/skyblue-rat-680472.hostingersite.com\/es\/","name":"The FitNest Hub","description":"","publisher":{"@id":"https:\/\/skyblue-rat-680472.hostingersite.com\/es\/#organization"},"potentialAction":[{"@type":"SearchAction","target":{"@type":"EntryPoint","urlTemplate":"https:\/\/skyblue-rat-680472.hostingersite.com\/es\/?s={search_term_string}"},"query-input":{"@type":"PropertyValueSpecification","valueRequired":true,"valueName":"search_term_string"}}],"inLanguage":"fr-FR"},{"@type":"Organization","@id":"https:\/\/skyblue-rat-680472.hostingersite.com\/es\/#organization","name":"The FitNest Hub","url":"https:\/\/skyblue-rat-680472.hostingersite.com\/es\/","logo":{"@type":"ImageObject","inLanguage":"fr-FR","@id":"https:\/\/skyblue-rat-680472.hostingersite.com\/es\/#\/schema\/logo\/image\/","url":"https:\/\/thefitnesthub.com\/wp-content\/uploads\/2025\/03\/favicon-solo-nera-1.png","contentUrl":"https:\/\/thefitnesthub.com\/wp-content\/uploads\/2025\/03\/favicon-solo-nera-1.png","width":512,"height":512,"caption":"The FitNest Hub"},"image":{"@id":"https:\/\/skyblue-rat-680472.hostingersite.com\/es\/#\/schema\/logo\/image\/"}}]}},"_links":{"self":[{"href":"https:\/\/thefitnesthub.com\/fr\/wp-json\/wp\/v2\/pages\/3460","targetHints":{"allow":["GET"]}}],"collection":[{"href":"https:\/\/thefitnesthub.com\/fr\/wp-json\/wp\/v2\/pages"}],"about":[{"href":"https:\/\/thefitnesthub.com\/fr\/wp-json\/wp\/v2\/types\/page"}],"author":[{"embeddable":true,"href":"https:\/\/thefitnesthub.com\/fr\/wp-json\/wp\/v2\/users\/1"}],"replies":[{"embeddable":true,"href":"https:\/\/thefitnesthub.com\/fr\/wp-json\/wp\/v2\/comments?post=3460"}],"version-history":[{"count":1,"href":"https:\/\/thefitnesthub.com\/fr\/wp-json\/wp\/v2\/pages\/3460\/revisions"}],"predecessor-version":[{"id":3461,"href":"https:\/\/thefitnesthub.com\/fr\/wp-json\/wp\/v2\/pages\/3460\/revisions\/3461"}],"wp:attachment":[{"href":"https:\/\/thefitnesthub.com\/fr\/wp-json\/wp\/v2\/media?parent=3460"}],"curies":[{"name":"wp","href":"https:\/\/api.w.org\/{rel}","templated":true}]}}