{"id":3452,"date":"2025-03-17T20:35:22","date_gmt":"2025-03-17T19:35:22","guid":{"rendered":"https:\/\/thefitnesthub.com\/politique-de-confidentialite\/"},"modified":"2025-04-09T22:22:44","modified_gmt":"2025-04-09T21:22:44","slug":"politique-de-confidentialite","status":"publish","type":"page","link":"https:\/\/thefitnesthub.com\/fr\/politique-de-confidentialite\/","title":{"rendered":"Politique de Confidentialit\u00e9"},"content":{"rendered":"\t\t<div data-elementor-type=\"wp-page\" data-elementor-id=\"3452\" class=\"elementor elementor-3452 elementor-3\" data-elementor-post-type=\"page\">\n\t\t\t\t\t\t<section class=\"elementor-section elementor-top-section elementor-element elementor-element-aec6aff elementor-section-height-min-height elementor-section-boxed elementor-section-height-default elementor-section-items-middle\" data-id=\"aec6aff\" data-element_type=\"section\" data-e-type=\"section\" data-settings=\"{&quot;background_background&quot;:&quot;classic&quot;}\">\n\t\t\t\t\t\t<div class=\"elementor-container elementor-column-gap-default\">\n\t\t\t\t\t<div class=\"elementor-column elementor-col-100 elementor-top-column elementor-element elementor-element-f43ddd9\" data-id=\"f43ddd9\" data-element_type=\"column\" data-e-type=\"column\">\n\t\t\t<div class=\"elementor-widget-wrap elementor-element-populated\">\n\t\t\t\t\t\t<div class=\"elementor-element elementor-element-f502215 elementor-widget elementor-widget-heading\" data-id=\"f502215\" data-element_type=\"widget\" data-e-type=\"widget\" data-widget_type=\"heading.default\">\n\t\t\t\t<div class=\"elementor-widget-container\">\n\t\t\t\t\t<h2 class=\"elementor-heading-title elementor-size-default\">POLITIQUE DE CONFIDENTIALIT\u00c9<\/h2>\t\t\t\t<\/div>\n\t\t\t\t<\/div>\n\t\t\t\t<div class=\"elementor-element elementor-element-4be98a9 elementor-widget elementor-widget-text-editor\" data-id=\"4be98a9\" data-element_type=\"widget\" data-e-type=\"widget\" data-widget_type=\"text-editor.default\">\n\t\t\t\t<div class=\"elementor-widget-container\">\n\t\t\t\t\t\t\t\t\t<p class=\"\" data-start=\"121\" data-end=\"158\"><strong data-start=\"121\" data-end=\"158\">Derni\u00e8re mise \u00e0 jour : 01\/04\/2025<\/strong><\/p><br><p class=\"\" data-start=\"160\" data-end=\"179\"><strong data-start=\"160\" data-end=\"179\">1. Introduction<\/strong><\/p><br><p class=\"\" data-start=\"181\" data-end=\"439\">Bienvenue sur The FitNest Hub. Votre vie priv\u00e9e est importante pour nous. Cette Politique de Confidentialit\u00e9 d\u00e9crit comment nous collectons, utilisons et prot\u00e9geons vos informations personnelles lorsque vous visitez notre site web <a class=\"\" href=\"https:\/\/thefitnesthub.com\/fr\/\" target=\"_new\" rel=\"noopener\" data-start=\"412\" data-end=\"438\">https:\/\/thefitnesthub.com\/<\/a>.<\/p><br><p class=\"\" data-start=\"441\" data-end=\"479\"><strong data-start=\"441\" data-end=\"479\">2. Donn\u00e9es Personnelles Collect\u00e9es<\/strong><\/p><br><p class=\"\" data-start=\"481\" data-end=\"533\">Nous collectons les donn\u00e9es personnelles suivantes :<\/p><br><p class=\"\" data-start=\"535\" data-end=\"770\"><strong data-start=\"535\" data-end=\"572\">Donn\u00e9es fournies volontairement :<\/strong> Lorsque vous remplissez des formulaires sur notre site, comme l&rsquo;inscription \u00e0 la newsletter ou une demande de contact, nous collectons des informations telles que votre nom et votre adresse e-mail.<\/p><br><p class=\"\" data-start=\"772\" data-end=\"1091\"><strong data-start=\"772\" data-end=\"799\">Donn\u00e9es de navigation :<\/strong> Nous recueillons des informations standards relatives aux journaux du serveur, telles que l&rsquo;adresse IP, le type de navigateur, les pages visit\u00e9es et le temps pass\u00e9 sur notre site. Ces donn\u00e9es nous aident \u00e0 am\u00e9liorer l&rsquo;exp\u00e9rience utilisateur et \u00e0 mieux comprendre l&rsquo;utilisation de notre site.<\/p><br><p class=\"\" data-start=\"1093\" data-end=\"1143\"><strong data-start=\"1093\" data-end=\"1143\">3. Finalit\u00e9s et Bases Juridiques du Traitement<\/strong><\/p><br><p class=\"\" data-start=\"1145\" data-end=\"1272\">Nous utilisons vos donn\u00e9es personnelles pour les finalit\u00e9s suivantes, en nous basant sur les bases juridiques correspondantes :<\/p><br><p class=\"\" data-start=\"1274\" data-end=\"1449\"><strong data-start=\"1274\" data-end=\"1312\">Fourniture des services demand\u00e9s :<\/strong> Pour r\u00e9pondre \u00e0 vos demandes ou vous fournir des informations.<br data-start=\"1375\" data-end=\"1378\" \/><em data-start=\"1378\" data-end=\"1449\">Base juridique : ex\u00e9cution d\u2019un contrat ou mesures pr\u00e9contractuelles.<\/em><\/p><br><p class=\"\" data-start=\"1451\" data-end=\"1622\"><strong data-start=\"1451\" data-end=\"1473\">Marketing direct :<\/strong> Pour vous envoyer des communications promotionnelles, avec votre consentement explicite.<br data-start=\"1562\" data-end=\"1565\" \/><em data-start=\"1565\" data-end=\"1622\">Base juridique : consentement de la personne concern\u00e9e.<\/em><\/p><br><p class=\"\" data-start=\"1624\" data-end=\"1758\"><strong data-start=\"1624\" data-end=\"1650\">Am\u00e9lioration du site :<\/strong> Pour analyser l&rsquo;utilisation de notre site et am\u00e9liorer nos services.<br data-start=\"1719\" data-end=\"1722\" \/><em data-start=\"1722\" data-end=\"1758\">Base juridique : int\u00e9r\u00eat l\u00e9gitime.<\/em><\/p><br><p class=\"\" data-start=\"1760\" data-end=\"1791\"><strong data-start=\"1760\" data-end=\"1791\">4. Conservation des Donn\u00e9es<\/strong><\/p><br><p class=\"\" data-start=\"1793\" data-end=\"2014\">Nous conservons vos donn\u00e9es personnelles pendant la dur\u00e9e n\u00e9cessaire \u00e0 la r\u00e9alisation des finalit\u00e9s pour lesquelles elles ont \u00e9t\u00e9 collect\u00e9es, sauf si des obligations l\u00e9gales imposent une dur\u00e9e de conservation plus longue.<\/p><br><p class=\"\" data-start=\"2016\" data-end=\"2042\"><strong data-start=\"2016\" data-end=\"2042\">5. Partage des Donn\u00e9es<\/strong><\/p><br><p class=\"\" data-start=\"2044\" data-end=\"2392\">Nous ne vendons ni ne louons vos informations personnelles \u00e0 des tiers. Toutefois, nous pouvons partager vos donn\u00e9es avec des prestataires de services qui nous assistent dans nos op\u00e9rations, comme les services d\u2019h\u00e9bergement ou d\u2019email marketing, en veillant \u00e0 ce qu\u2019ils respectent cette Politique de Confidentialit\u00e9 et la r\u00e9glementation en vigueur.<\/p><br><p class=\"\" data-start=\"2394\" data-end=\"2437\"><strong data-start=\"2394\" data-end=\"2437\">6. Transferts Internationaux de Donn\u00e9es<\/strong><\/p><br><p class=\"\" data-start=\"2439\" data-end=\"2644\">Si nous transf\u00e9rons vos donn\u00e9es personnelles en dehors de l\u2019Espace \u00c9conomique Europ\u00e9en (EEE), nous veillerons \u00e0 ce que des mesures ad\u00e9quates soient en place pour prot\u00e9ger vos donn\u00e9es, conform\u00e9ment au RGPD.<\/p><br><p class=\"\" data-start=\"2646\" data-end=\"2663\"><strong data-start=\"2646\" data-end=\"2663\">7. Vos Droits<\/strong><\/p><br><p class=\"\" data-start=\"2665\" data-end=\"2710\">Conform\u00e9ment au RGPD, vous avez le droit de :<\/p><br><br><ul data-start=\"2712\" data-end=\"3154\">\r\n \t<li class=\"\" data-start=\"2712\" data-end=\"2774\">\r\n<p class=\"\" data-start=\"2714\" data-end=\"2774\">Acc\u00e9der \u00e0 vos donn\u00e9es personnelles et en demander une copie.<\/p>\r\n<\/li>\r\n \t<li class=\"\" data-start=\"2775\" data-end=\"2836\">\r\n<p class=\"\" data-start=\"2777\" data-end=\"2836\">Demander la rectification ou la suppression de vos donn\u00e9es.<\/p>\r\n<\/li>\r\n \t<li class=\"\" data-start=\"2837\" data-end=\"2910\">\r\n<p class=\"\" data-start=\"2839\" data-end=\"2910\">Vous opposer au traitement de vos donn\u00e9es ou en demander la limitation.<\/p>\r\n<\/li>\r\n \t<li class=\"\" data-start=\"2911\" data-end=\"2952\">\r\n<p class=\"\" data-start=\"2913\" data-end=\"2952\">Demander la portabilit\u00e9 de vos donn\u00e9es.<\/p>\r\n<\/li>\r\n \t<li class=\"\" data-start=\"2953\" data-end=\"3090\">\r\n<p class=\"\" data-start=\"2955\" data-end=\"3090\">Retirer votre consentement \u00e0 tout moment, sans porter atteinte \u00e0 la l\u00e9galit\u00e9 du traitement fond\u00e9 sur le consentement avant son retrait.<\/p>\r\n<\/li>\r\n \t<li class=\"\" data-start=\"3091\" data-end=\"3154\">\r\n<p class=\"\" data-start=\"3093\" data-end=\"3154\">Introduire une r\u00e9clamation aupr\u00e8s d\u2019une autorit\u00e9 de contr\u00f4le.<\/p>\r\n<\/li>\r\n<\/ul><br><p class=\"\" data-start=\"3156\" data-end=\"3243\">Pour exercer ces droits, veuillez nous contacter \u00e0 l\u2019adresse e-mail indiqu\u00e9e ci-dessus.<\/p><br><p class=\"\" data-start=\"3245\" data-end=\"3272\"><strong data-start=\"3245\" data-end=\"3272\">8. S\u00e9curit\u00e9 des Donn\u00e9es<\/strong><\/p><br><p class=\"\" data-start=\"3274\" data-end=\"3445\">Nous mettons en \u0153uvre des mesures techniques et organisationnelles appropri\u00e9es pour prot\u00e9ger vos donn\u00e9es personnelles contre tout acc\u00e8s non autoris\u00e9, perte ou destruction.<\/p><br><p class=\"\" data-start=\"3447\" data-end=\"3505\"><strong data-start=\"3447\" data-end=\"3505\">9. Modifications de Cette Politique de Confidentialit\u00e9<\/strong><\/p><br><p class=\"\" data-start=\"3507\" data-end=\"3806\">Nous nous r\u00e9servons le droit de mettre \u00e0 jour cette Politique de Confidentialit\u00e9. Toute modification sera publi\u00e9e sur cette page avec la date de la derni\u00e8re mise \u00e0 jour. Nous vous invitons \u00e0 consulter r\u00e9guli\u00e8rement cette page pour rester inform\u00e9 sur la mani\u00e8re dont nous prot\u00e9geons vos informations.<\/p><br><p class=\"\" data-start=\"3808\" data-end=\"3823\"><strong data-start=\"3808\" data-end=\"3823\">10. Contact<\/strong><\/p><br><p class=\"\" data-start=\"3825\" data-end=\"4025\">Si vous avez des questions ou des pr\u00e9occupations concernant cette Politique de Confidentialit\u00e9 ou le traitement de vos donn\u00e9es personnelles, veuillez nous contacter \u00e0 l\u2019adresse <a rel=\"noopener\" data-start=\"4002\" data-end=\"4024\">info@thefitnesthub.com<\/a>.<\/p>\t\t\t\t\t\t\t\t<\/div>\n\t\t\t\t<\/div>\n\t\t\t\t\t<\/div>\n\t\t<\/div>\n\t\t\t\t\t<\/div>\n\t\t<\/section>\n\t\t\t\t<\/div>\n\t\t","protected":false},"excerpt":{"rendered":"<p>POLITIQUE DE CONFIDENTIALIT\u00c9 Derni\u00e8re mise \u00e0 jour : 01\/04\/2025 1. Introduction Bienvenue sur The FitNest Hub. Votre vie priv\u00e9e est importante pour nous. Cette Politique de Confidentialit\u00e9 d\u00e9crit comment nous collectons, utilisons et prot\u00e9geons vos informations personnelles lorsque vous visitez notre site web https:\/\/thefitnesthub.com\/. 2. Donn\u00e9es Personnelles Collect\u00e9es Nous collectons les donn\u00e9es personnelles suivantes : [&hellip;]<\/p>\n","protected":false},"author":1,"featured_media":0,"parent":0,"menu_order":0,"comment_status":"closed","ping_status":"closed","template":"elementor_header_footer","meta":{"footnotes":""},"class_list":["post-3452","page","type-page","status-publish","hentry"],"_wp_page_template":"elementor_header_footer","hostinger_preview_image_url":null,"hostinger_preview_image_id":null,"hostinger_preview_image_post_id":null,"hostinger_ai_post_meta_title":null,"hostinger_ai_post_meta_description":null,"hostinger_ai_post_meta_seo_keywords":null,"_wp_attached_file":null,"_wp_attachment_metadata":null,"_edit_last":null,"origin":null,"_thumbnail_id":null,"_wp_trash_meta_status":null,"_wp_trash_meta_time":null,"_wp_desired_post_slug":null,"_edit_lock":null,"yoast_head":"<!-- This site is optimized with the Yoast SEO plugin v27.4 - https:\/\/yoast.com\/product\/yoast-seo-wordpress\/ -->\n<title>Politique de Confidentialit\u00e9 - The FitNest Hub<\/title>\n<meta name=\"robots\" content=\"index, follow, max-snippet:-1, max-image-preview:large, max-video-preview:-1\" \/>\n<link rel=\"canonical\" href=\"https:\/\/thefitnesthub.com\/fr\/politique-de-confidentialite\/\" \/>\n<meta property=\"og:locale\" content=\"fr_FR\" \/>\n<meta property=\"og:type\" content=\"article\" \/>\n<meta property=\"og:title\" content=\"Politique de Confidentialit\u00e9 - The FitNest Hub\" \/>\n<meta property=\"og:description\" content=\"POLITIQUE DE CONFIDENTIALIT\u00c9 Derni\u00e8re mise \u00e0 jour : 01\/04\/2025 1. Introduction Bienvenue sur The FitNest Hub. Votre vie priv\u00e9e est importante pour nous. Cette Politique de Confidentialit\u00e9 d\u00e9crit comment nous collectons, utilisons et prot\u00e9geons vos informations personnelles lorsque vous visitez notre site web https:\/\/thefitnesthub.com\/. 2. Donn\u00e9es Personnelles Collect\u00e9es Nous collectons les donn\u00e9es personnelles suivantes : [&hellip;]\" \/>\n<meta property=\"og:url\" content=\"https:\/\/thefitnesthub.com\/fr\/politique-de-confidentialite\/\" \/>\n<meta property=\"og:site_name\" content=\"The FitNest Hub\" \/>\n<meta property=\"article:modified_time\" content=\"2025-04-09T21:22:44+00:00\" \/>\n<meta name=\"twitter:card\" content=\"summary_large_image\" \/>\n<meta name=\"twitter:label1\" content=\"Dur\u00e9e de lecture estim\u00e9e\" \/>\n\t<meta name=\"twitter:data1\" content=\"3 minutes\" \/>\n<script type=\"application\/ld+json\" class=\"yoast-schema-graph\">{\"@context\":\"https:\\\/\\\/schema.org\",\"@graph\":[{\"@type\":\"WebPage\",\"@id\":\"https:\\\/\\\/thefitnesthub.com\\\/fr\\\/politique-de-confidentialite\\\/\",\"url\":\"https:\\\/\\\/thefitnesthub.com\\\/fr\\\/politique-de-confidentialite\\\/\",\"name\":\"Politique de Confidentialit\u00e9 - The FitNest Hub\",\"isPartOf\":{\"@id\":\"https:\\\/\\\/skyblue-rat-680472.hostingersite.com\\\/es\\\/#website\"},\"datePublished\":\"2025-03-17T19:35:22+00:00\",\"dateModified\":\"2025-04-09T21:22:44+00:00\",\"breadcrumb\":{\"@id\":\"https:\\\/\\\/thefitnesthub.com\\\/fr\\\/politique-de-confidentialite\\\/#breadcrumb\"},\"inLanguage\":\"fr-FR\",\"potentialAction\":[{\"@type\":\"ReadAction\",\"target\":[\"https:\\\/\\\/thefitnesthub.com\\\/fr\\\/politique-de-confidentialite\\\/\"]}]},{\"@type\":\"BreadcrumbList\",\"@id\":\"https:\\\/\\\/thefitnesthub.com\\\/fr\\\/politique-de-confidentialite\\\/#breadcrumb\",\"itemListElement\":[{\"@type\":\"ListItem\",\"position\":1,\"name\":\"Home\",\"item\":\"https:\\\/\\\/thefitnesthub.com\\\/fr\\\/\"},{\"@type\":\"ListItem\",\"position\":2,\"name\":\"Politique de Confidentialit\u00e9\"}]},{\"@type\":\"WebSite\",\"@id\":\"https:\\\/\\\/skyblue-rat-680472.hostingersite.com\\\/es\\\/#website\",\"url\":\"https:\\\/\\\/skyblue-rat-680472.hostingersite.com\\\/es\\\/\",\"name\":\"The FitNest Hub\",\"description\":\"\",\"publisher\":{\"@id\":\"https:\\\/\\\/skyblue-rat-680472.hostingersite.com\\\/es\\\/#organization\"},\"potentialAction\":[{\"@type\":\"SearchAction\",\"target\":{\"@type\":\"EntryPoint\",\"urlTemplate\":\"https:\\\/\\\/skyblue-rat-680472.hostingersite.com\\\/es\\\/?s={search_term_string}\"},\"query-input\":{\"@type\":\"PropertyValueSpecification\",\"valueRequired\":true,\"valueName\":\"search_term_string\"}}],\"inLanguage\":\"fr-FR\"},{\"@type\":\"Organization\",\"@id\":\"https:\\\/\\\/skyblue-rat-680472.hostingersite.com\\\/es\\\/#organization\",\"name\":\"The FitNest Hub\",\"url\":\"https:\\\/\\\/skyblue-rat-680472.hostingersite.com\\\/es\\\/\",\"logo\":{\"@type\":\"ImageObject\",\"inLanguage\":\"fr-FR\",\"@id\":\"https:\\\/\\\/skyblue-rat-680472.hostingersite.com\\\/es\\\/#\\\/schema\\\/logo\\\/image\\\/\",\"url\":\"https:\\\/\\\/thefitnesthub.com\\\/wp-content\\\/uploads\\\/2025\\\/03\\\/favicon-solo-nera-1.png\",\"contentUrl\":\"https:\\\/\\\/thefitnesthub.com\\\/wp-content\\\/uploads\\\/2025\\\/03\\\/favicon-solo-nera-1.png\",\"width\":512,\"height\":512,\"caption\":\"The FitNest Hub\"},\"image\":{\"@id\":\"https:\\\/\\\/skyblue-rat-680472.hostingersite.com\\\/es\\\/#\\\/schema\\\/logo\\\/image\\\/\"}}]}<\/script>\n<!-- \/ Yoast SEO plugin. -->","yoast_head_json":{"title":"Politique de Confidentialit\u00e9 - The FitNest Hub","robots":{"index":"index","follow":"follow","max-snippet":"max-snippet:-1","max-image-preview":"max-image-preview:large","max-video-preview":"max-video-preview:-1"},"canonical":"https:\/\/thefitnesthub.com\/fr\/politique-de-confidentialite\/","og_locale":"fr_FR","og_type":"article","og_title":"Politique de Confidentialit\u00e9 - The FitNest Hub","og_description":"POLITIQUE DE CONFIDENTIALIT\u00c9 Derni\u00e8re mise \u00e0 jour : 01\/04\/2025 1. Introduction Bienvenue sur The FitNest Hub. Votre vie priv\u00e9e est importante pour nous. Cette Politique de Confidentialit\u00e9 d\u00e9crit comment nous collectons, utilisons et prot\u00e9geons vos informations personnelles lorsque vous visitez notre site web https:\/\/thefitnesthub.com\/. 2. Donn\u00e9es Personnelles Collect\u00e9es Nous collectons les donn\u00e9es personnelles suivantes : [&hellip;]","og_url":"https:\/\/thefitnesthub.com\/fr\/politique-de-confidentialite\/","og_site_name":"The FitNest Hub","article_modified_time":"2025-04-09T21:22:44+00:00","twitter_card":"summary_large_image","twitter_misc":{"Dur\u00e9e de lecture estim\u00e9e":"3 minutes"},"schema":{"@context":"https:\/\/schema.org","@graph":[{"@type":"WebPage","@id":"https:\/\/thefitnesthub.com\/fr\/politique-de-confidentialite\/","url":"https:\/\/thefitnesthub.com\/fr\/politique-de-confidentialite\/","name":"Politique de Confidentialit\u00e9 - The FitNest Hub","isPartOf":{"@id":"https:\/\/skyblue-rat-680472.hostingersite.com\/es\/#website"},"datePublished":"2025-03-17T19:35:22+00:00","dateModified":"2025-04-09T21:22:44+00:00","breadcrumb":{"@id":"https:\/\/thefitnesthub.com\/fr\/politique-de-confidentialite\/#breadcrumb"},"inLanguage":"fr-FR","potentialAction":[{"@type":"ReadAction","target":["https:\/\/thefitnesthub.com\/fr\/politique-de-confidentialite\/"]}]},{"@type":"BreadcrumbList","@id":"https:\/\/thefitnesthub.com\/fr\/politique-de-confidentialite\/#breadcrumb","itemListElement":[{"@type":"ListItem","position":1,"name":"Home","item":"https:\/\/thefitnesthub.com\/fr\/"},{"@type":"ListItem","position":2,"name":"Politique de Confidentialit\u00e9"}]},{"@type":"WebSite","@id":"https:\/\/skyblue-rat-680472.hostingersite.com\/es\/#website","url":"https:\/\/skyblue-rat-680472.hostingersite.com\/es\/","name":"The FitNest Hub","description":"","publisher":{"@id":"https:\/\/skyblue-rat-680472.hostingersite.com\/es\/#organization"},"potentialAction":[{"@type":"SearchAction","target":{"@type":"EntryPoint","urlTemplate":"https:\/\/skyblue-rat-680472.hostingersite.com\/es\/?s={search_term_string}"},"query-input":{"@type":"PropertyValueSpecification","valueRequired":true,"valueName":"search_term_string"}}],"inLanguage":"fr-FR"},{"@type":"Organization","@id":"https:\/\/skyblue-rat-680472.hostingersite.com\/es\/#organization","name":"The FitNest Hub","url":"https:\/\/skyblue-rat-680472.hostingersite.com\/es\/","logo":{"@type":"ImageObject","inLanguage":"fr-FR","@id":"https:\/\/skyblue-rat-680472.hostingersite.com\/es\/#\/schema\/logo\/image\/","url":"https:\/\/thefitnesthub.com\/wp-content\/uploads\/2025\/03\/favicon-solo-nera-1.png","contentUrl":"https:\/\/thefitnesthub.com\/wp-content\/uploads\/2025\/03\/favicon-solo-nera-1.png","width":512,"height":512,"caption":"The FitNest Hub"},"image":{"@id":"https:\/\/skyblue-rat-680472.hostingersite.com\/es\/#\/schema\/logo\/image\/"}}]}},"_links":{"self":[{"href":"https:\/\/thefitnesthub.com\/fr\/wp-json\/wp\/v2\/pages\/3452","targetHints":{"allow":["GET"]}}],"collection":[{"href":"https:\/\/thefitnesthub.com\/fr\/wp-json\/wp\/v2\/pages"}],"about":[{"href":"https:\/\/thefitnesthub.com\/fr\/wp-json\/wp\/v2\/types\/page"}],"author":[{"embeddable":true,"href":"https:\/\/thefitnesthub.com\/fr\/wp-json\/wp\/v2\/users\/1"}],"replies":[{"embeddable":true,"href":"https:\/\/thefitnesthub.com\/fr\/wp-json\/wp\/v2\/comments?post=3452"}],"version-history":[{"count":1,"href":"https:\/\/thefitnesthub.com\/fr\/wp-json\/wp\/v2\/pages\/3452\/revisions"}],"predecessor-version":[{"id":3453,"href":"https:\/\/thefitnesthub.com\/fr\/wp-json\/wp\/v2\/pages\/3452\/revisions\/3453"}],"wp:attachment":[{"href":"https:\/\/thefitnesthub.com\/fr\/wp-json\/wp\/v2\/media?parent=3452"}],"curies":[{"name":"wp","href":"https:\/\/api.w.org\/{rel}","templated":true}]}}