{"id":2924,"date":"2025-03-27T19:00:50","date_gmt":"2025-03-27T18:00:50","guid":{"rendered":"https:\/\/thefitnesthub.com\/disclaimer-affiliate\/"},"modified":"2025-04-03T21:18:33","modified_gmt":"2025-04-03T20:18:33","slug":"disclaimer-affiliate","status":"publish","type":"page","link":"https:\/\/thefitnesthub.com\/fr\/disclaimer-affiliate\/","title":{"rendered":"Disclaimer Affiliate"},"content":{"rendered":"\t\t<div data-elementor-type=\"wp-page\" data-elementor-id=\"2924\" class=\"elementor elementor-2924 elementor-1312\" data-elementor-post-type=\"page\">\n\t\t\t\t\t\t<section class=\"elementor-section elementor-top-section elementor-element elementor-element-0e522a8 elementor-section-height-min-height elementor-section-boxed elementor-section-height-default elementor-section-items-middle\" data-id=\"0e522a8\" data-element_type=\"section\" data-e-type=\"section\" data-settings=\"{&quot;background_background&quot;:&quot;classic&quot;}\">\n\t\t\t\t\t\t<div class=\"elementor-container elementor-column-gap-default\">\n\t\t\t\t\t<div class=\"elementor-column elementor-col-100 elementor-top-column elementor-element elementor-element-57ab927\" data-id=\"57ab927\" data-element_type=\"column\" data-e-type=\"column\">\n\t\t\t<div class=\"elementor-widget-wrap elementor-element-populated\">\n\t\t\t\t\t\t<div class=\"elementor-element elementor-element-48ac802 elementor-widget elementor-widget-heading\" data-id=\"48ac802\" data-element_type=\"widget\" data-e-type=\"widget\" data-widget_type=\"heading.default\">\n\t\t\t\t<div class=\"elementor-widget-container\">\n\t\t\t\t\t<h2 class=\"elementor-heading-title elementor-size-default\">AVERTISSEMENT SUR LES LIENS D\u2019AFFILIATION AMAZON<\/h2>\t\t\t\t<\/div>\n\t\t\t\t<\/div>\n\t\t\t\t<div class=\"elementor-element elementor-element-ac17356 elementor-widget elementor-widget-text-editor\" data-id=\"ac17356\" data-element_type=\"widget\" data-e-type=\"widget\" data-widget_type=\"text-editor.default\">\n\t\t\t\t<div class=\"elementor-widget-container\">\n\t\t\t\t\t\t\t\t\t<p class=\"\" data-start=\"271\" data-end=\"472\">The FitNest Hub participe au <strong>Programme Partenaires d\u2019Amazon EU<\/strong>, un programme d\u2019affiliation con\u00e7u pour permettre aux sites web de percevoir une r\u00e9mun\u00e9ration gr\u00e2ce \u00e0 la promotion et aux liens vers <strong>Amazon.fr<\/strong>.<\/p><br><p class=\"\" data-start=\"474\" data-end=\"758\"><strong data-start=\"474\" data-end=\"501\">Comment \u00e7a fonctionne ?<\/strong><br data-start=\"501\" data-end=\"504\" \/>Certains liens vers des produits pr\u00e9sents sur ce site peuvent \u00eatre des liens affili\u00e9s. Cela signifie que si tu cliques sur l\u2019un de ces liens et effectues un achat, FitNest Hub peut recevoir une petite commission \u2014 <strong data-start=\"718\" data-end=\"757\">sans frais suppl\u00e9mentaires pour toi<\/strong>.<\/p><br><p class=\"\" data-start=\"760\" data-end=\"796\">Ces commissions nous permettent de :<\/p><br><br><ul data-start=\"798\" data-end=\"991\">\r\n \t<li class=\"\" data-start=\"798\" data-end=\"861\">\r\n<p class=\"\" data-start=\"800\" data-end=\"861\">Tester et \u00e9valuer les \u00e9quipements de mani\u00e8re ind\u00e9pendante ;<\/p>\r\n<\/li>\r\n \t<li class=\"\" data-start=\"862\" data-end=\"938\">\r\n<p class=\"\" data-start=\"864\" data-end=\"938\">Te proposer des contenus gratuits, fiables et r\u00e9guli\u00e8rement mis \u00e0 jour ;<\/p>\r\n<\/li>\r\n \t<li class=\"\" data-start=\"939\" data-end=\"991\">\r\n<p class=\"\" data-start=\"941\" data-end=\"991\">Maintenir le site actif et en constante \u00e9volution.<\/p>\r\n<\/li>\r\n<\/ul><br><p class=\"\" data-start=\"993\" data-end=\"1305\"><strong data-start=\"993\" data-end=\"1022\">Transparence et int\u00e9grit\u00e9<\/strong><br data-start=\"1022\" data-end=\"1025\" \/>Nous tenons \u00e0 \u00eatre clairs : toutes les opinions exprim\u00e9es sur FitNest Hub sont sinc\u00e8res et impartiales.<br data-start=\"1128\" data-end=\"1131\" \/>Les produits recommand\u00e9s sont s\u00e9lectionn\u00e9s selon des crit\u00e8res de qualit\u00e9, d\u2019utilit\u00e9 et de valeur ajout\u00e9e pour l\u2019utilisateur \u2014 <strong data-start=\"1257\" data-end=\"1267\">et non<\/strong> en fonction des commissions g\u00e9n\u00e9r\u00e9es.<\/p><br><p class=\"\" data-start=\"1307\" data-end=\"1424\">Ta confiance est essentielle pour nous, et nous nous engageons \u00e0 une transparence totale dans chacun de nos contenus.<\/p><br><p class=\"\" data-start=\"1426\" data-end=\"1599\">Pour en savoir plus sur le programme d\u2019affiliation Amazon, rends-toi sur le site officiel :<br data-start=\"1517\" data-end=\"1520\" \/>\ud83d\udc49 <a class=\"\" href=\"https:\/\/affiliate-program.amazon.fr\/\" target=\"_new\" rel=\"noopener\" data-start=\"1523\" data-end=\"1599\">https:\/\/affiliate-program.amazon.fr\/<\/a><\/p>\t\t\t\t\t\t\t\t<\/div>\n\t\t\t\t<\/div>\n\t\t\t\t\t<\/div>\n\t\t<\/div>\n\t\t\t\t\t<\/div>\n\t\t<\/section>\n\t\t\t\t<\/div>\n\t\t","protected":false},"excerpt":{"rendered":"<p>AVERTISSEMENT SUR LES LIENS D\u2019AFFILIATION AMAZON The FitNest Hub participe au Programme Partenaires d\u2019Amazon EU, un programme d\u2019affiliation con\u00e7u pour permettre aux sites web de percevoir une r\u00e9mun\u00e9ration gr\u00e2ce \u00e0 la promotion et aux liens vers Amazon.fr. Comment \u00e7a fonctionne ?Certains liens vers des produits pr\u00e9sents sur ce site peuvent \u00eatre des liens affili\u00e9s. Cela [&hellip;]<\/p>\n","protected":false},"author":1,"featured_media":0,"parent":0,"menu_order":0,"comment_status":"closed","ping_status":"closed","template":"elementor_header_footer","meta":{"footnotes":""},"class_list":["post-2924","page","type-page","status-publish","hentry"],"_wp_page_template":"elementor_header_footer","hostinger_preview_image_url":null,"hostinger_preview_image_id":null,"hostinger_preview_image_post_id":null,"hostinger_ai_post_meta_title":null,"hostinger_ai_post_meta_description":null,"hostinger_ai_post_meta_seo_keywords":null,"_wp_attached_file":null,"_wp_attachment_metadata":null,"_edit_last":null,"origin":null,"_thumbnail_id":null,"_wp_trash_meta_status":null,"_wp_trash_meta_time":null,"_wp_desired_post_slug":null,"_edit_lock":null,"yoast_head":"<!-- This site is optimized with the Yoast SEO plugin v27.4 - https:\/\/yoast.com\/product\/yoast-seo-wordpress\/ -->\n<title>Disclaimer Affiliate - The FitNest Hub<\/title>\n<meta name=\"robots\" content=\"index, follow, max-snippet:-1, max-image-preview:large, max-video-preview:-1\" \/>\n<link rel=\"canonical\" href=\"https:\/\/thefitnesthub.com\/fr\/disclaimer-affiliate\/\" \/>\n<meta property=\"og:locale\" content=\"fr_FR\" \/>\n<meta property=\"og:type\" content=\"article\" \/>\n<meta property=\"og:title\" content=\"Disclaimer Affiliate - The FitNest Hub\" \/>\n<meta property=\"og:description\" content=\"AVERTISSEMENT SUR LES LIENS D\u2019AFFILIATION AMAZON The FitNest Hub participe au Programme Partenaires d\u2019Amazon EU, un programme d\u2019affiliation con\u00e7u pour permettre aux sites web de percevoir une r\u00e9mun\u00e9ration gr\u00e2ce \u00e0 la promotion et aux liens vers Amazon.fr. Comment \u00e7a fonctionne ?Certains liens vers des produits pr\u00e9sents sur ce site peuvent \u00eatre des liens affili\u00e9s. Cela [&hellip;]\" \/>\n<meta property=\"og:url\" content=\"https:\/\/thefitnesthub.com\/fr\/disclaimer-affiliate\/\" \/>\n<meta property=\"og:site_name\" content=\"The FitNest Hub\" \/>\n<meta property=\"article:modified_time\" content=\"2025-04-03T20:18:33+00:00\" \/>\n<meta name=\"twitter:card\" content=\"summary_large_image\" \/>\n<meta name=\"twitter:label1\" content=\"Dur\u00e9e de lecture estim\u00e9e\" \/>\n\t<meta name=\"twitter:data1\" content=\"1 minute\" \/>\n<script type=\"application\/ld+json\" class=\"yoast-schema-graph\">{\"@context\":\"https:\\\/\\\/schema.org\",\"@graph\":[{\"@type\":\"WebPage\",\"@id\":\"https:\\\/\\\/thefitnesthub.com\\\/fr\\\/disclaimer-affiliate\\\/\",\"url\":\"https:\\\/\\\/thefitnesthub.com\\\/fr\\\/disclaimer-affiliate\\\/\",\"name\":\"Disclaimer Affiliate - The FitNest Hub\",\"isPartOf\":{\"@id\":\"https:\\\/\\\/skyblue-rat-680472.hostingersite.com\\\/es\\\/#website\"},\"datePublished\":\"2025-03-27T18:00:50+00:00\",\"dateModified\":\"2025-04-03T20:18:33+00:00\",\"breadcrumb\":{\"@id\":\"https:\\\/\\\/thefitnesthub.com\\\/fr\\\/disclaimer-affiliate\\\/#breadcrumb\"},\"inLanguage\":\"fr-FR\",\"potentialAction\":[{\"@type\":\"ReadAction\",\"target\":[\"https:\\\/\\\/thefitnesthub.com\\\/fr\\\/disclaimer-affiliate\\\/\"]}]},{\"@type\":\"BreadcrumbList\",\"@id\":\"https:\\\/\\\/thefitnesthub.com\\\/fr\\\/disclaimer-affiliate\\\/#breadcrumb\",\"itemListElement\":[{\"@type\":\"ListItem\",\"position\":1,\"name\":\"Home\",\"item\":\"https:\\\/\\\/thefitnesthub.com\\\/fr\\\/\"},{\"@type\":\"ListItem\",\"position\":2,\"name\":\"Disclaimer Affiliate\"}]},{\"@type\":\"WebSite\",\"@id\":\"https:\\\/\\\/skyblue-rat-680472.hostingersite.com\\\/es\\\/#website\",\"url\":\"https:\\\/\\\/skyblue-rat-680472.hostingersite.com\\\/es\\\/\",\"name\":\"The FitNest Hub\",\"description\":\"\",\"publisher\":{\"@id\":\"https:\\\/\\\/skyblue-rat-680472.hostingersite.com\\\/es\\\/#organization\"},\"potentialAction\":[{\"@type\":\"SearchAction\",\"target\":{\"@type\":\"EntryPoint\",\"urlTemplate\":\"https:\\\/\\\/skyblue-rat-680472.hostingersite.com\\\/es\\\/?s={search_term_string}\"},\"query-input\":{\"@type\":\"PropertyValueSpecification\",\"valueRequired\":true,\"valueName\":\"search_term_string\"}}],\"inLanguage\":\"fr-FR\"},{\"@type\":\"Organization\",\"@id\":\"https:\\\/\\\/skyblue-rat-680472.hostingersite.com\\\/es\\\/#organization\",\"name\":\"The FitNest Hub\",\"url\":\"https:\\\/\\\/skyblue-rat-680472.hostingersite.com\\\/es\\\/\",\"logo\":{\"@type\":\"ImageObject\",\"inLanguage\":\"fr-FR\",\"@id\":\"https:\\\/\\\/skyblue-rat-680472.hostingersite.com\\\/es\\\/#\\\/schema\\\/logo\\\/image\\\/\",\"url\":\"https:\\\/\\\/thefitnesthub.com\\\/wp-content\\\/uploads\\\/2025\\\/03\\\/favicon-solo-nera-1.png\",\"contentUrl\":\"https:\\\/\\\/thefitnesthub.com\\\/wp-content\\\/uploads\\\/2025\\\/03\\\/favicon-solo-nera-1.png\",\"width\":512,\"height\":512,\"caption\":\"The FitNest Hub\"},\"image\":{\"@id\":\"https:\\\/\\\/skyblue-rat-680472.hostingersite.com\\\/es\\\/#\\\/schema\\\/logo\\\/image\\\/\"}}]}<\/script>\n<!-- \/ Yoast SEO plugin. -->","yoast_head_json":{"title":"Disclaimer Affiliate - The FitNest Hub","robots":{"index":"index","follow":"follow","max-snippet":"max-snippet:-1","max-image-preview":"max-image-preview:large","max-video-preview":"max-video-preview:-1"},"canonical":"https:\/\/thefitnesthub.com\/fr\/disclaimer-affiliate\/","og_locale":"fr_FR","og_type":"article","og_title":"Disclaimer Affiliate - The FitNest Hub","og_description":"AVERTISSEMENT SUR LES LIENS D\u2019AFFILIATION AMAZON The FitNest Hub participe au Programme Partenaires d\u2019Amazon EU, un programme d\u2019affiliation con\u00e7u pour permettre aux sites web de percevoir une r\u00e9mun\u00e9ration gr\u00e2ce \u00e0 la promotion et aux liens vers Amazon.fr. Comment \u00e7a fonctionne ?Certains liens vers des produits pr\u00e9sents sur ce site peuvent \u00eatre des liens affili\u00e9s. Cela [&hellip;]","og_url":"https:\/\/thefitnesthub.com\/fr\/disclaimer-affiliate\/","og_site_name":"The FitNest Hub","article_modified_time":"2025-04-03T20:18:33+00:00","twitter_card":"summary_large_image","twitter_misc":{"Dur\u00e9e de lecture estim\u00e9e":"1 minute"},"schema":{"@context":"https:\/\/schema.org","@graph":[{"@type":"WebPage","@id":"https:\/\/thefitnesthub.com\/fr\/disclaimer-affiliate\/","url":"https:\/\/thefitnesthub.com\/fr\/disclaimer-affiliate\/","name":"Disclaimer Affiliate - The FitNest Hub","isPartOf":{"@id":"https:\/\/skyblue-rat-680472.hostingersite.com\/es\/#website"},"datePublished":"2025-03-27T18:00:50+00:00","dateModified":"2025-04-03T20:18:33+00:00","breadcrumb":{"@id":"https:\/\/thefitnesthub.com\/fr\/disclaimer-affiliate\/#breadcrumb"},"inLanguage":"fr-FR","potentialAction":[{"@type":"ReadAction","target":["https:\/\/thefitnesthub.com\/fr\/disclaimer-affiliate\/"]}]},{"@type":"BreadcrumbList","@id":"https:\/\/thefitnesthub.com\/fr\/disclaimer-affiliate\/#breadcrumb","itemListElement":[{"@type":"ListItem","position":1,"name":"Home","item":"https:\/\/thefitnesthub.com\/fr\/"},{"@type":"ListItem","position":2,"name":"Disclaimer Affiliate"}]},{"@type":"WebSite","@id":"https:\/\/skyblue-rat-680472.hostingersite.com\/es\/#website","url":"https:\/\/skyblue-rat-680472.hostingersite.com\/es\/","name":"The FitNest Hub","description":"","publisher":{"@id":"https:\/\/skyblue-rat-680472.hostingersite.com\/es\/#organization"},"potentialAction":[{"@type":"SearchAction","target":{"@type":"EntryPoint","urlTemplate":"https:\/\/skyblue-rat-680472.hostingersite.com\/es\/?s={search_term_string}"},"query-input":{"@type":"PropertyValueSpecification","valueRequired":true,"valueName":"search_term_string"}}],"inLanguage":"fr-FR"},{"@type":"Organization","@id":"https:\/\/skyblue-rat-680472.hostingersite.com\/es\/#organization","name":"The FitNest Hub","url":"https:\/\/skyblue-rat-680472.hostingersite.com\/es\/","logo":{"@type":"ImageObject","inLanguage":"fr-FR","@id":"https:\/\/skyblue-rat-680472.hostingersite.com\/es\/#\/schema\/logo\/image\/","url":"https:\/\/thefitnesthub.com\/wp-content\/uploads\/2025\/03\/favicon-solo-nera-1.png","contentUrl":"https:\/\/thefitnesthub.com\/wp-content\/uploads\/2025\/03\/favicon-solo-nera-1.png","width":512,"height":512,"caption":"The FitNest Hub"},"image":{"@id":"https:\/\/skyblue-rat-680472.hostingersite.com\/es\/#\/schema\/logo\/image\/"}}]}},"_links":{"self":[{"href":"https:\/\/thefitnesthub.com\/fr\/wp-json\/wp\/v2\/pages\/2924","targetHints":{"allow":["GET"]}}],"collection":[{"href":"https:\/\/thefitnesthub.com\/fr\/wp-json\/wp\/v2\/pages"}],"about":[{"href":"https:\/\/thefitnesthub.com\/fr\/wp-json\/wp\/v2\/types\/page"}],"author":[{"embeddable":true,"href":"https:\/\/thefitnesthub.com\/fr\/wp-json\/wp\/v2\/users\/1"}],"replies":[{"embeddable":true,"href":"https:\/\/thefitnesthub.com\/fr\/wp-json\/wp\/v2\/comments?post=2924"}],"version-history":[{"count":1,"href":"https:\/\/thefitnesthub.com\/fr\/wp-json\/wp\/v2\/pages\/2924\/revisions"}],"predecessor-version":[{"id":2925,"href":"https:\/\/thefitnesthub.com\/fr\/wp-json\/wp\/v2\/pages\/2924\/revisions\/2925"}],"wp:attachment":[{"href":"https:\/\/thefitnesthub.com\/fr\/wp-json\/wp\/v2\/media?parent=2924"}],"curies":[{"name":"wp","href":"https:\/\/api.w.org\/{rel}","templated":true}]}}