{"id":2914,"date":"2025-03-27T02:12:16","date_gmt":"2025-03-27T01:12:16","guid":{"rendered":"https:\/\/thefitnesthub.com\/disclaimer-medico\/"},"modified":"2025-04-03T21:14:35","modified_gmt":"2025-04-03T20:14:35","slug":"disclaimer-medico","status":"publish","type":"page","link":"https:\/\/thefitnesthub.com\/fr\/disclaimer-medico\/","title":{"rendered":"Disclaimer Medico"},"content":{"rendered":"\t\t<div data-elementor-type=\"wp-page\" data-elementor-id=\"2914\" class=\"elementor elementor-2914 elementor-1213\" data-elementor-post-type=\"page\">\n\t\t\t\t\t\t<section class=\"elementor-section elementor-top-section elementor-element elementor-element-d6cf51b elementor-section-height-min-height elementor-section-boxed elementor-section-height-default elementor-section-items-middle\" data-id=\"d6cf51b\" data-element_type=\"section\" data-e-type=\"section\" data-settings=\"{&quot;background_background&quot;:&quot;classic&quot;}\">\n\t\t\t\t\t\t<div class=\"elementor-container elementor-column-gap-default\">\n\t\t\t\t\t<div class=\"elementor-column elementor-col-100 elementor-top-column elementor-element elementor-element-c1ce8cc\" data-id=\"c1ce8cc\" data-element_type=\"column\" data-e-type=\"column\">\n\t\t\t<div class=\"elementor-widget-wrap elementor-element-populated\">\n\t\t\t\t\t\t<div class=\"elementor-element elementor-element-285ce1a elementor-widget elementor-widget-heading\" data-id=\"285ce1a\" data-element_type=\"widget\" data-e-type=\"widget\" data-widget_type=\"heading.default\">\n\t\t\t\t<div class=\"elementor-widget-container\">\n\t\t\t\t\t<h2 class=\"elementor-heading-title elementor-size-default\">AVERTISSEMENT M\u00c9DICAL<\/h2>\t\t\t\t<\/div>\n\t\t\t\t<\/div>\n\t\t\t\t<div class=\"elementor-element elementor-element-e04020f elementor-widget elementor-widget-text-editor\" data-id=\"e04020f\" data-element_type=\"widget\" data-e-type=\"widget\" data-widget_type=\"text-editor.default\">\n\t\t\t\t<div class=\"elementor-widget-container\">\n\t\t\t\t\t\t\t\t\t<p class=\"\" data-start=\"238\" data-end=\"431\">Les informations fournies sur The FitNest Hub ont un but exclusivement informatif et \u00e9ducatif.<br data-start=\"328\" data-end=\"331\" \/>Elles ne remplacent en aucun cas l\u2019avis, le diagnostic ou le traitement d\u2019un professionnel de sant\u00e9.<\/p>\n<p><\/p>\n<p class=\"\" data-start=\"433\" data-end=\"759\">Avant d\u2019entamer un programme d\u2019entra\u00eenement, de pratiquer une activit\u00e9 physique ou de modifier votre alimentation, il est fortement recommand\u00e9 de consulter votre m\u00e9decin ou un professionnel de sant\u00e9 qualifi\u00e9, en particulier si vous souffrez de probl\u00e8mes de sant\u00e9, de maladies chroniques, de blessures ou si vous \u00eates enceinte.<\/p>\n<p><\/p>\n<p class=\"\" data-start=\"761\" data-end=\"926\">Les auteurs, collaborateurs et r\u00e9dacteurs de ce site ne peuvent \u00eatre tenus responsables des cons\u00e9quences li\u00e9es \u00e0 une mauvaise utilisation des informations partag\u00e9es.<\/p>\n<p><\/p>\n<p class=\"\" data-start=\"928\" data-end=\"1062\">L\u2019utilisateur assume l\u2019enti\u00e8re responsabilit\u00e9 de l\u2019application des conseils, exercices ou recommandations pr\u00e9sent\u00e9s dans nos contenus.<\/p>\n\t\t\t\t\t\t\t\t<\/div>\n\t\t\t\t<\/div>\n\t\t\t\t\t<\/div>\n\t\t<\/div>\n\t\t\t\t\t<\/div>\n\t\t<\/section>\n\t\t\t\t<\/div>\n\t\t","protected":false},"excerpt":{"rendered":"<p>AVERTISSEMENT M\u00c9DICAL Les informations fournies sur The FitNest Hub ont un but exclusivement informatif et \u00e9ducatif.Elles ne remplacent en aucun cas l\u2019avis, le diagnostic ou le traitement d\u2019un professionnel de sant\u00e9. Avant d\u2019entamer un programme d\u2019entra\u00eenement, de pratiquer une activit\u00e9 physique ou de modifier votre alimentation, il est fortement recommand\u00e9 de consulter votre m\u00e9decin ou [&hellip;]<\/p>\n","protected":false},"author":1,"featured_media":0,"parent":0,"menu_order":0,"comment_status":"closed","ping_status":"closed","template":"elementor_header_footer","meta":{"footnotes":""},"class_list":["post-2914","page","type-page","status-publish","hentry"],"_wp_page_template":"elementor_header_footer","hostinger_preview_image_url":null,"hostinger_preview_image_id":null,"hostinger_preview_image_post_id":null,"hostinger_ai_post_meta_title":null,"hostinger_ai_post_meta_description":null,"hostinger_ai_post_meta_seo_keywords":null,"_wp_attached_file":null,"_wp_attachment_metadata":null,"_edit_last":null,"origin":null,"_thumbnail_id":null,"_wp_trash_meta_status":null,"_wp_trash_meta_time":null,"_wp_desired_post_slug":null,"_edit_lock":null,"yoast_head":"<!-- This site is optimized with the Yoast SEO plugin v27.4 - https:\/\/yoast.com\/product\/yoast-seo-wordpress\/ -->\n<title>Disclaimer Medico - The FitNest Hub<\/title>\n<meta name=\"robots\" content=\"index, follow, max-snippet:-1, max-image-preview:large, max-video-preview:-1\" \/>\n<link rel=\"canonical\" href=\"https:\/\/thefitnesthub.com\/fr\/disclaimer-medico\/\" \/>\n<meta property=\"og:locale\" content=\"fr_FR\" \/>\n<meta property=\"og:type\" content=\"article\" \/>\n<meta property=\"og:title\" content=\"Disclaimer Medico - The FitNest Hub\" \/>\n<meta property=\"og:description\" content=\"AVERTISSEMENT M\u00c9DICAL Les informations fournies sur The FitNest Hub ont un but exclusivement informatif et \u00e9ducatif.Elles ne remplacent en aucun cas l\u2019avis, le diagnostic ou le traitement d\u2019un professionnel de sant\u00e9. Avant d\u2019entamer un programme d\u2019entra\u00eenement, de pratiquer une activit\u00e9 physique ou de modifier votre alimentation, il est fortement recommand\u00e9 de consulter votre m\u00e9decin ou [&hellip;]\" \/>\n<meta property=\"og:url\" content=\"https:\/\/thefitnesthub.com\/fr\/disclaimer-medico\/\" \/>\n<meta property=\"og:site_name\" content=\"The FitNest Hub\" \/>\n<meta property=\"article:modified_time\" content=\"2025-04-03T20:14:35+00:00\" \/>\n<meta name=\"twitter:card\" content=\"summary_large_image\" \/>\n<meta name=\"twitter:label1\" content=\"Dur\u00e9e de lecture estim\u00e9e\" \/>\n\t<meta name=\"twitter:data1\" content=\"1 minute\" \/>\n<script type=\"application\/ld+json\" class=\"yoast-schema-graph\">{\"@context\":\"https:\\\/\\\/schema.org\",\"@graph\":[{\"@type\":\"WebPage\",\"@id\":\"https:\\\/\\\/thefitnesthub.com\\\/fr\\\/disclaimer-medico\\\/\",\"url\":\"https:\\\/\\\/thefitnesthub.com\\\/fr\\\/disclaimer-medico\\\/\",\"name\":\"Disclaimer Medico - The FitNest Hub\",\"isPartOf\":{\"@id\":\"https:\\\/\\\/skyblue-rat-680472.hostingersite.com\\\/es\\\/#website\"},\"datePublished\":\"2025-03-27T01:12:16+00:00\",\"dateModified\":\"2025-04-03T20:14:35+00:00\",\"breadcrumb\":{\"@id\":\"https:\\\/\\\/thefitnesthub.com\\\/fr\\\/disclaimer-medico\\\/#breadcrumb\"},\"inLanguage\":\"fr-FR\",\"potentialAction\":[{\"@type\":\"ReadAction\",\"target\":[\"https:\\\/\\\/thefitnesthub.com\\\/fr\\\/disclaimer-medico\\\/\"]}]},{\"@type\":\"BreadcrumbList\",\"@id\":\"https:\\\/\\\/thefitnesthub.com\\\/fr\\\/disclaimer-medico\\\/#breadcrumb\",\"itemListElement\":[{\"@type\":\"ListItem\",\"position\":1,\"name\":\"Home\",\"item\":\"https:\\\/\\\/thefitnesthub.com\\\/fr\\\/\"},{\"@type\":\"ListItem\",\"position\":2,\"name\":\"Disclaimer Medico\"}]},{\"@type\":\"WebSite\",\"@id\":\"https:\\\/\\\/skyblue-rat-680472.hostingersite.com\\\/es\\\/#website\",\"url\":\"https:\\\/\\\/skyblue-rat-680472.hostingersite.com\\\/es\\\/\",\"name\":\"The FitNest Hub\",\"description\":\"\",\"publisher\":{\"@id\":\"https:\\\/\\\/skyblue-rat-680472.hostingersite.com\\\/es\\\/#organization\"},\"potentialAction\":[{\"@type\":\"SearchAction\",\"target\":{\"@type\":\"EntryPoint\",\"urlTemplate\":\"https:\\\/\\\/skyblue-rat-680472.hostingersite.com\\\/es\\\/?s={search_term_string}\"},\"query-input\":{\"@type\":\"PropertyValueSpecification\",\"valueRequired\":true,\"valueName\":\"search_term_string\"}}],\"inLanguage\":\"fr-FR\"},{\"@type\":\"Organization\",\"@id\":\"https:\\\/\\\/skyblue-rat-680472.hostingersite.com\\\/es\\\/#organization\",\"name\":\"The FitNest Hub\",\"url\":\"https:\\\/\\\/skyblue-rat-680472.hostingersite.com\\\/es\\\/\",\"logo\":{\"@type\":\"ImageObject\",\"inLanguage\":\"fr-FR\",\"@id\":\"https:\\\/\\\/skyblue-rat-680472.hostingersite.com\\\/es\\\/#\\\/schema\\\/logo\\\/image\\\/\",\"url\":\"https:\\\/\\\/thefitnesthub.com\\\/wp-content\\\/uploads\\\/2025\\\/03\\\/favicon-solo-nera-1.png\",\"contentUrl\":\"https:\\\/\\\/thefitnesthub.com\\\/wp-content\\\/uploads\\\/2025\\\/03\\\/favicon-solo-nera-1.png\",\"width\":512,\"height\":512,\"caption\":\"The FitNest Hub\"},\"image\":{\"@id\":\"https:\\\/\\\/skyblue-rat-680472.hostingersite.com\\\/es\\\/#\\\/schema\\\/logo\\\/image\\\/\"}}]}<\/script>\n<!-- \/ Yoast SEO plugin. -->","yoast_head_json":{"title":"Disclaimer Medico - The FitNest Hub","robots":{"index":"index","follow":"follow","max-snippet":"max-snippet:-1","max-image-preview":"max-image-preview:large","max-video-preview":"max-video-preview:-1"},"canonical":"https:\/\/thefitnesthub.com\/fr\/disclaimer-medico\/","og_locale":"fr_FR","og_type":"article","og_title":"Disclaimer Medico - The FitNest Hub","og_description":"AVERTISSEMENT M\u00c9DICAL Les informations fournies sur The FitNest Hub ont un but exclusivement informatif et \u00e9ducatif.Elles ne remplacent en aucun cas l\u2019avis, le diagnostic ou le traitement d\u2019un professionnel de sant\u00e9. Avant d\u2019entamer un programme d\u2019entra\u00eenement, de pratiquer une activit\u00e9 physique ou de modifier votre alimentation, il est fortement recommand\u00e9 de consulter votre m\u00e9decin ou [&hellip;]","og_url":"https:\/\/thefitnesthub.com\/fr\/disclaimer-medico\/","og_site_name":"The FitNest Hub","article_modified_time":"2025-04-03T20:14:35+00:00","twitter_card":"summary_large_image","twitter_misc":{"Dur\u00e9e de lecture estim\u00e9e":"1 minute"},"schema":{"@context":"https:\/\/schema.org","@graph":[{"@type":"WebPage","@id":"https:\/\/thefitnesthub.com\/fr\/disclaimer-medico\/","url":"https:\/\/thefitnesthub.com\/fr\/disclaimer-medico\/","name":"Disclaimer Medico - The FitNest Hub","isPartOf":{"@id":"https:\/\/skyblue-rat-680472.hostingersite.com\/es\/#website"},"datePublished":"2025-03-27T01:12:16+00:00","dateModified":"2025-04-03T20:14:35+00:00","breadcrumb":{"@id":"https:\/\/thefitnesthub.com\/fr\/disclaimer-medico\/#breadcrumb"},"inLanguage":"fr-FR","potentialAction":[{"@type":"ReadAction","target":["https:\/\/thefitnesthub.com\/fr\/disclaimer-medico\/"]}]},{"@type":"BreadcrumbList","@id":"https:\/\/thefitnesthub.com\/fr\/disclaimer-medico\/#breadcrumb","itemListElement":[{"@type":"ListItem","position":1,"name":"Home","item":"https:\/\/thefitnesthub.com\/fr\/"},{"@type":"ListItem","position":2,"name":"Disclaimer Medico"}]},{"@type":"WebSite","@id":"https:\/\/skyblue-rat-680472.hostingersite.com\/es\/#website","url":"https:\/\/skyblue-rat-680472.hostingersite.com\/es\/","name":"The FitNest Hub","description":"","publisher":{"@id":"https:\/\/skyblue-rat-680472.hostingersite.com\/es\/#organization"},"potentialAction":[{"@type":"SearchAction","target":{"@type":"EntryPoint","urlTemplate":"https:\/\/skyblue-rat-680472.hostingersite.com\/es\/?s={search_term_string}"},"query-input":{"@type":"PropertyValueSpecification","valueRequired":true,"valueName":"search_term_string"}}],"inLanguage":"fr-FR"},{"@type":"Organization","@id":"https:\/\/skyblue-rat-680472.hostingersite.com\/es\/#organization","name":"The FitNest Hub","url":"https:\/\/skyblue-rat-680472.hostingersite.com\/es\/","logo":{"@type":"ImageObject","inLanguage":"fr-FR","@id":"https:\/\/skyblue-rat-680472.hostingersite.com\/es\/#\/schema\/logo\/image\/","url":"https:\/\/thefitnesthub.com\/wp-content\/uploads\/2025\/03\/favicon-solo-nera-1.png","contentUrl":"https:\/\/thefitnesthub.com\/wp-content\/uploads\/2025\/03\/favicon-solo-nera-1.png","width":512,"height":512,"caption":"The FitNest Hub"},"image":{"@id":"https:\/\/skyblue-rat-680472.hostingersite.com\/es\/#\/schema\/logo\/image\/"}}]}},"_links":{"self":[{"href":"https:\/\/thefitnesthub.com\/fr\/wp-json\/wp\/v2\/pages\/2914","targetHints":{"allow":["GET"]}}],"collection":[{"href":"https:\/\/thefitnesthub.com\/fr\/wp-json\/wp\/v2\/pages"}],"about":[{"href":"https:\/\/thefitnesthub.com\/fr\/wp-json\/wp\/v2\/types\/page"}],"author":[{"embeddable":true,"href":"https:\/\/thefitnesthub.com\/fr\/wp-json\/wp\/v2\/users\/1"}],"replies":[{"embeddable":true,"href":"https:\/\/thefitnesthub.com\/fr\/wp-json\/wp\/v2\/comments?post=2914"}],"version-history":[{"count":3,"href":"https:\/\/thefitnesthub.com\/fr\/wp-json\/wp\/v2\/pages\/2914\/revisions"}],"predecessor-version":[{"id":2917,"href":"https:\/\/thefitnesthub.com\/fr\/wp-json\/wp\/v2\/pages\/2914\/revisions\/2917"}],"wp:attachment":[{"href":"https:\/\/thefitnesthub.com\/fr\/wp-json\/wp\/v2\/media?parent=2914"}],"curies":[{"name":"wp","href":"https:\/\/api.w.org\/{rel}","templated":true}]}}