{"id":3464,"date":"2025-04-09T22:12:35","date_gmt":"2025-04-09T21:12:35","guid":{"rendered":"https:\/\/thefitnesthub.com\/cookie-policy\/"},"modified":"2025-04-09T22:28:54","modified_gmt":"2025-04-09T21:28:54","slug":"cookie-policy","status":"publish","type":"page","link":"https:\/\/thefitnesthub.com\/es\/cookie-policy\/","title":{"rendered":"Cookie Policy"},"content":{"rendered":"\t\t<div data-elementor-type=\"wp-page\" data-elementor-id=\"3464\" class=\"elementor elementor-3464 elementor-3441\" data-elementor-post-type=\"page\">\n\t\t\t\t\t\t<section class=\"elementor-section elementor-top-section elementor-element elementor-element-f6e99ff elementor-section-height-min-height elementor-section-boxed elementor-section-height-default elementor-section-items-middle\" data-id=\"f6e99ff\" data-element_type=\"section\" data-e-type=\"section\" data-settings=\"{&quot;background_background&quot;:&quot;classic&quot;}\">\n\t\t\t\t\t\t<div class=\"elementor-container elementor-column-gap-default\">\n\t\t\t\t\t<div class=\"elementor-column elementor-col-100 elementor-top-column elementor-element elementor-element-3b2a6ae\" data-id=\"3b2a6ae\" data-element_type=\"column\" data-e-type=\"column\">\n\t\t\t<div class=\"elementor-widget-wrap elementor-element-populated\">\n\t\t\t\t\t\t<div class=\"elementor-element elementor-element-80ebc49 elementor-widget elementor-widget-heading\" data-id=\"80ebc49\" data-element_type=\"widget\" data-e-type=\"widget\" data-widget_type=\"heading.default\">\n\t\t\t\t<div class=\"elementor-widget-container\">\n\t\t\t\t\t<h2 class=\"elementor-heading-title elementor-size-default\">POLITICA DE COOKIES<\/h2>\t\t\t\t<\/div>\n\t\t\t\t<\/div>\n\t\t\t\t<div class=\"elementor-element elementor-element-b6f1bc1 elementor-widget elementor-widget-text-editor\" data-id=\"b6f1bc1\" data-element_type=\"widget\" data-e-type=\"widget\" data-widget_type=\"text-editor.default\">\n\t\t\t\t<div class=\"elementor-widget-container\">\n\t\t\t\t\t\t\t\t\t<p class=\"\" data-start=\"97\" data-end=\"133\"><strong data-start=\"97\" data-end=\"133\">\u00daltima actualizaci\u00f3n: 01\/04\/2025<\/strong><\/p>\n<p><\/p>\n<p class=\"\" data-start=\"135\" data-end=\"154\"><strong data-start=\"135\" data-end=\"154\">1. Introducci\u00f3n<\/strong><\/p>\n<p><\/p>\n<p class=\"\" data-start=\"156\" data-end=\"423\">El presente documento tiene como finalidad informarte sobre el uso de cookies en el sitio web de The FitNest Hub (<a class=\"\" href=\"https:\/\/thefitnesthub.com\/es\/\" target=\"_new\" rel=\"noopener\" data-start=\"270\" data-end=\"296\">https:\/\/thefitnesthub.com\/<\/a>). Utilizamos cookies para mejorar la experiencia de navegaci\u00f3n de los usuarios y recopilar informaci\u00f3n sobre el uso del sitio.<\/p>\n<p><\/p>\n<p class=\"\" data-start=\"425\" data-end=\"453\"><strong data-start=\"425\" data-end=\"453\">2. \u00bfQu\u00e9 son las cookies?<\/strong><\/p>\n<p><\/p>\n<p class=\"\" data-start=\"455\" data-end=\"722\">Las cookies son peque\u00f1os archivos de texto que se almacenan en tu dispositivo (ordenador, tableta, smartphone) cuando visitas un sitio web. Estos archivos permiten que el sitio reconozca tu dispositivo y recuerde informaci\u00f3n sobre tus preferencias o acciones pasadas.<\/p>\n<p><\/p>\n<p class=\"\" data-start=\"724\" data-end=\"758\"><strong data-start=\"724\" data-end=\"758\">3. Tipos de cookies utilizadas<\/strong><\/p>\n<p><\/p>\n<p class=\"\" data-start=\"760\" data-end=\"820\">En nuestro sitio utilizamos los siguientes tipos de cookies:<\/p>\n<p><\/p>\n<p class=\"\" data-start=\"822\" data-end=\"981\"><strong data-start=\"822\" data-end=\"856\">Cookies t\u00e9cnicas o necesarias:<\/strong> Estas cookies son esenciales para el correcto funcionamiento del sitio y te permiten navegar y utilizar sus funcionalidades.<\/p>\n<p><\/p>\n<p class=\"\" data-start=\"983\" data-end=\"1207\"><strong data-start=\"983\" data-end=\"1021\">Cookies anal\u00edticas o estad\u00edsticas:<\/strong> Estas cookies recopilan informaci\u00f3n sobre el uso del sitio por parte de los usuarios, como las p\u00e1ginas visitadas o los mensajes de error, con el fin de mejorar el rendimiento del sitio.<\/p>\n<p><\/p>\n<p class=\"\" data-start=\"1209\" data-end=\"1406\"><strong data-start=\"1209\" data-end=\"1238\">Cookies de funcionalidad:<\/strong> Estas cookies permiten que el sitio recuerde las elecciones que haces (como tu nombre de usuario, idioma o regi\u00f3n) y proporcionan funciones avanzadas y personalizadas.<\/p>\n<p><\/p>\n<p class=\"\" data-start=\"1408\" data-end=\"1615\"><strong data-start=\"1408\" data-end=\"1448\">Cookies de marketing o de perfilado:<\/strong> Estas cookies se utilizan para rastrear a los visitantes a trav\u00e9s de diferentes sitios web. El objetivo es mostrar anuncios relevantes y atractivos para cada usuario.<\/p>\n<p><\/p>\n<p class=\"\" data-start=\"1617\" data-end=\"1643\"><strong data-start=\"1617\" data-end=\"1643\">4. Cookies de terceros<\/strong><\/p>\n<p><\/p>\n<p class=\"\" data-start=\"1645\" data-end=\"1964\">Algunas cookies pueden ser establecidas por servicios de terceros que aparecen en nuestras p\u00e1ginas, como botones de redes sociales o contenido incrustado. No tenemos control sobre estas cookies. Para obtener m\u00e1s informaci\u00f3n, te recomendamos consultar las pol\u00edticas de privacidad de las terceras partes correspondientes.<\/p>\n<p><\/p>\n<p class=\"\" data-start=\"1966\" data-end=\"1991\"><strong data-start=\"1966\" data-end=\"1991\">5. Gesti\u00f3n de cookies<\/strong><\/p>\n<p><\/p>\n<p class=\"\" data-start=\"1993\" data-end=\"2306\">Al acceder por primera vez a nuestro sitio, se te mostrar\u00e1 un banner informativo sobre el uso de cookies, que te permitir\u00e1 aceptarlas todas, rechazarlas o personalizar tus preferencias. Puedes cambiar tus preferencias en cualquier momento accediendo a la secci\u00f3n \u00abConfiguraci\u00f3n de cookies\u00bb disponible en el sitio.<\/p>\n<p><\/p>\n<p class=\"\" data-start=\"2308\" data-end=\"2538\">Adem\u00e1s, la mayor\u00eda de los navegadores permiten controlar y gestionar las cookies desde sus configuraciones. Ten en cuenta que desactivar las cookies puede afectar al funcionamiento del sitio y limitar tu experiencia de navegaci\u00f3n.<\/p>\n<p><\/p>\n<p class=\"\" data-start=\"2540\" data-end=\"2570\"><strong data-start=\"2540\" data-end=\"2570\">6. Duraci\u00f3n de las cookies<\/strong><\/p>\n<p><\/p>\n<p class=\"\" data-start=\"2572\" data-end=\"2628\">Las cookies pueden tener diferentes duraciones. Existen:<\/p>\n<p><\/p>\n<p class=\"\" data-start=\"2630\" data-end=\"2708\"><strong data-start=\"2630\" data-end=\"2652\">Cookies de sesi\u00f3n:<\/strong> que se eliminan autom\u00e1ticamente al cerrar el navegador.<\/p>\n<p><\/p>\n<p class=\"\" data-start=\"2710\" data-end=\"2846\"><strong data-start=\"2710\" data-end=\"2735\">Cookies persistentes:<\/strong> que permanecen almacenadas en tu dispositivo hasta su fecha de caducidad o hasta que las elimines manualmente.<\/p>\n<p><\/p>\n<p class=\"\" data-start=\"2848\" data-end=\"2890\"><strong data-start=\"2848\" data-end=\"2890\">7. Cambios en esta Pol\u00edtica de Cookies<\/strong><\/p>\n<p><\/p>\n<p class=\"\" data-start=\"2892\" data-end=\"3158\">Nos reservamos el derecho de modificar esta Pol\u00edtica de Cookies. Cualquier cambio ser\u00e1 publicado en esta p\u00e1gina con la fecha de actualizaci\u00f3n correspondiente. Te recomendamos revisar peri\u00f3dicamente esta p\u00e1gina para mantenerte informado sobre cualquier actualizaci\u00f3n.<\/p>\n<p><\/p>\n<p class=\"\" data-start=\"3160\" data-end=\"3175\"><strong data-start=\"3160\" data-end=\"3175\">8. Contacto<\/strong><\/p>\n<p><\/p>\n<p class=\"\" data-start=\"3177\" data-end=\"3303\">Si tienes alguna pregunta o solicitud relacionada con esta Pol\u00edtica de Cookies, puedes contactarnos en <a rel=\"noopener\" data-start=\"3280\" data-end=\"3302\">info@thefitnesthub.com<\/a>.<\/p>\n\t\t\t\t\t\t\t\t<\/div>\n\t\t\t\t<\/div>\n\t\t\t\t\t<\/div>\n\t\t<\/div>\n\t\t\t\t\t<\/div>\n\t\t<\/section>\n\t\t\t\t<\/div>\n\t\t","protected":false},"excerpt":{"rendered":"<p>POLITICA DE COOKIES \u00daltima actualizaci\u00f3n: 01\/04\/2025 1. Introducci\u00f3n El presente documento tiene como finalidad informarte sobre el uso de cookies en el sitio web de The FitNest Hub (https:\/\/thefitnesthub.com\/). Utilizamos cookies para mejorar la experiencia de navegaci\u00f3n de los usuarios y recopilar informaci\u00f3n sobre el uso del sitio. 2. \u00bfQu\u00e9 son las cookies? Las cookies [&hellip;]<\/p>\n","protected":false},"author":1,"featured_media":0,"parent":0,"menu_order":0,"comment_status":"closed","ping_status":"closed","template":"elementor_header_footer","meta":{"footnotes":""},"class_list":["post-3464","page","type-page","status-publish","hentry"],"_wp_page_template":"elementor_header_footer","hostinger_preview_image_url":null,"hostinger_preview_image_id":null,"hostinger_preview_image_post_id":null,"hostinger_ai_post_meta_title":null,"hostinger_ai_post_meta_description":null,"hostinger_ai_post_meta_seo_keywords":null,"_wp_attached_file":null,"_wp_attachment_metadata":null,"_edit_last":null,"origin":null,"_thumbnail_id":null,"_wp_trash_meta_status":null,"_wp_trash_meta_time":null,"_wp_desired_post_slug":null,"_edit_lock":null,"yoast_head":"<!-- This site is optimized with the Yoast SEO plugin v27.4 - https:\/\/yoast.com\/product\/yoast-seo-wordpress\/ -->\n<title>Cookie Policy - The FitNest Hub<\/title>\n<meta name=\"robots\" content=\"index, follow, max-snippet:-1, max-image-preview:large, max-video-preview:-1\" \/>\n<link rel=\"canonical\" href=\"https:\/\/thefitnesthub.com\/es\/cookie-policy\/\" \/>\n<meta property=\"og:locale\" content=\"es_ES\" \/>\n<meta property=\"og:type\" content=\"article\" \/>\n<meta property=\"og:title\" content=\"Cookie Policy - The FitNest Hub\" \/>\n<meta property=\"og:description\" content=\"POLITICA DE COOKIES \u00daltima actualizaci\u00f3n: 01\/04\/2025 1. Introducci\u00f3n El presente documento tiene como finalidad informarte sobre el uso de cookies en el sitio web de The FitNest Hub (https:\/\/thefitnesthub.com\/). Utilizamos cookies para mejorar la experiencia de navegaci\u00f3n de los usuarios y recopilar informaci\u00f3n sobre el uso del sitio. 2. \u00bfQu\u00e9 son las cookies? Las cookies [&hellip;]\" \/>\n<meta property=\"og:url\" content=\"https:\/\/thefitnesthub.com\/es\/cookie-policy\/\" \/>\n<meta property=\"og:site_name\" content=\"The FitNest Hub\" \/>\n<meta property=\"article:modified_time\" content=\"2025-04-09T21:28:54+00:00\" \/>\n<meta name=\"twitter:card\" content=\"summary_large_image\" \/>\n<meta name=\"twitter:label1\" content=\"Tiempo de lectura\" \/>\n\t<meta name=\"twitter:data1\" content=\"2 minutos\" \/>\n<script type=\"application\/ld+json\" class=\"yoast-schema-graph\">{\"@context\":\"https:\\\/\\\/schema.org\",\"@graph\":[{\"@type\":\"WebPage\",\"@id\":\"https:\\\/\\\/thefitnesthub.com\\\/es\\\/cookie-policy\\\/\",\"url\":\"https:\\\/\\\/thefitnesthub.com\\\/es\\\/cookie-policy\\\/\",\"name\":\"Cookie Policy - The FitNest Hub\",\"isPartOf\":{\"@id\":\"https:\\\/\\\/skyblue-rat-680472.hostingersite.com\\\/es\\\/#website\"},\"datePublished\":\"2025-04-09T21:12:35+00:00\",\"dateModified\":\"2025-04-09T21:28:54+00:00\",\"breadcrumb\":{\"@id\":\"https:\\\/\\\/thefitnesthub.com\\\/es\\\/cookie-policy\\\/#breadcrumb\"},\"inLanguage\":\"es\",\"potentialAction\":[{\"@type\":\"ReadAction\",\"target\":[\"https:\\\/\\\/thefitnesthub.com\\\/es\\\/cookie-policy\\\/\"]}]},{\"@type\":\"BreadcrumbList\",\"@id\":\"https:\\\/\\\/thefitnesthub.com\\\/es\\\/cookie-policy\\\/#breadcrumb\",\"itemListElement\":[{\"@type\":\"ListItem\",\"position\":1,\"name\":\"Home\",\"item\":\"https:\\\/\\\/skyblue-rat-680472.hostingersite.com\\\/es\\\/\"},{\"@type\":\"ListItem\",\"position\":2,\"name\":\"Cookie Policy\"}]},{\"@type\":\"WebSite\",\"@id\":\"https:\\\/\\\/skyblue-rat-680472.hostingersite.com\\\/es\\\/#website\",\"url\":\"https:\\\/\\\/skyblue-rat-680472.hostingersite.com\\\/es\\\/\",\"name\":\"The FitNest Hub\",\"description\":\"\",\"publisher\":{\"@id\":\"https:\\\/\\\/skyblue-rat-680472.hostingersite.com\\\/es\\\/#organization\"},\"potentialAction\":[{\"@type\":\"SearchAction\",\"target\":{\"@type\":\"EntryPoint\",\"urlTemplate\":\"https:\\\/\\\/skyblue-rat-680472.hostingersite.com\\\/es\\\/?s={search_term_string}\"},\"query-input\":{\"@type\":\"PropertyValueSpecification\",\"valueRequired\":true,\"valueName\":\"search_term_string\"}}],\"inLanguage\":\"es\"},{\"@type\":\"Organization\",\"@id\":\"https:\\\/\\\/skyblue-rat-680472.hostingersite.com\\\/es\\\/#organization\",\"name\":\"The FitNest Hub\",\"url\":\"https:\\\/\\\/skyblue-rat-680472.hostingersite.com\\\/es\\\/\",\"logo\":{\"@type\":\"ImageObject\",\"inLanguage\":\"es\",\"@id\":\"https:\\\/\\\/skyblue-rat-680472.hostingersite.com\\\/es\\\/#\\\/schema\\\/logo\\\/image\\\/\",\"url\":\"https:\\\/\\\/thefitnesthub.com\\\/wp-content\\\/uploads\\\/2025\\\/03\\\/favicon-solo-nera-1.png\",\"contentUrl\":\"https:\\\/\\\/thefitnesthub.com\\\/wp-content\\\/uploads\\\/2025\\\/03\\\/favicon-solo-nera-1.png\",\"width\":512,\"height\":512,\"caption\":\"The FitNest Hub\"},\"image\":{\"@id\":\"https:\\\/\\\/skyblue-rat-680472.hostingersite.com\\\/es\\\/#\\\/schema\\\/logo\\\/image\\\/\"}}]}<\/script>\n<!-- \/ Yoast SEO plugin. -->","yoast_head_json":{"title":"Cookie Policy - The FitNest Hub","robots":{"index":"index","follow":"follow","max-snippet":"max-snippet:-1","max-image-preview":"max-image-preview:large","max-video-preview":"max-video-preview:-1"},"canonical":"https:\/\/thefitnesthub.com\/es\/cookie-policy\/","og_locale":"es_ES","og_type":"article","og_title":"Cookie Policy - The FitNest Hub","og_description":"POLITICA DE COOKIES \u00daltima actualizaci\u00f3n: 01\/04\/2025 1. Introducci\u00f3n El presente documento tiene como finalidad informarte sobre el uso de cookies en el sitio web de The FitNest Hub (https:\/\/thefitnesthub.com\/). Utilizamos cookies para mejorar la experiencia de navegaci\u00f3n de los usuarios y recopilar informaci\u00f3n sobre el uso del sitio. 2. \u00bfQu\u00e9 son las cookies? Las cookies [&hellip;]","og_url":"https:\/\/thefitnesthub.com\/es\/cookie-policy\/","og_site_name":"The FitNest Hub","article_modified_time":"2025-04-09T21:28:54+00:00","twitter_card":"summary_large_image","twitter_misc":{"Tiempo de lectura":"2 minutos"},"schema":{"@context":"https:\/\/schema.org","@graph":[{"@type":"WebPage","@id":"https:\/\/thefitnesthub.com\/es\/cookie-policy\/","url":"https:\/\/thefitnesthub.com\/es\/cookie-policy\/","name":"Cookie Policy - The FitNest Hub","isPartOf":{"@id":"https:\/\/skyblue-rat-680472.hostingersite.com\/es\/#website"},"datePublished":"2025-04-09T21:12:35+00:00","dateModified":"2025-04-09T21:28:54+00:00","breadcrumb":{"@id":"https:\/\/thefitnesthub.com\/es\/cookie-policy\/#breadcrumb"},"inLanguage":"es","potentialAction":[{"@type":"ReadAction","target":["https:\/\/thefitnesthub.com\/es\/cookie-policy\/"]}]},{"@type":"BreadcrumbList","@id":"https:\/\/thefitnesthub.com\/es\/cookie-policy\/#breadcrumb","itemListElement":[{"@type":"ListItem","position":1,"name":"Home","item":"https:\/\/skyblue-rat-680472.hostingersite.com\/es\/"},{"@type":"ListItem","position":2,"name":"Cookie Policy"}]},{"@type":"WebSite","@id":"https:\/\/skyblue-rat-680472.hostingersite.com\/es\/#website","url":"https:\/\/skyblue-rat-680472.hostingersite.com\/es\/","name":"The FitNest Hub","description":"","publisher":{"@id":"https:\/\/skyblue-rat-680472.hostingersite.com\/es\/#organization"},"potentialAction":[{"@type":"SearchAction","target":{"@type":"EntryPoint","urlTemplate":"https:\/\/skyblue-rat-680472.hostingersite.com\/es\/?s={search_term_string}"},"query-input":{"@type":"PropertyValueSpecification","valueRequired":true,"valueName":"search_term_string"}}],"inLanguage":"es"},{"@type":"Organization","@id":"https:\/\/skyblue-rat-680472.hostingersite.com\/es\/#organization","name":"The FitNest Hub","url":"https:\/\/skyblue-rat-680472.hostingersite.com\/es\/","logo":{"@type":"ImageObject","inLanguage":"es","@id":"https:\/\/skyblue-rat-680472.hostingersite.com\/es\/#\/schema\/logo\/image\/","url":"https:\/\/thefitnesthub.com\/wp-content\/uploads\/2025\/03\/favicon-solo-nera-1.png","contentUrl":"https:\/\/thefitnesthub.com\/wp-content\/uploads\/2025\/03\/favicon-solo-nera-1.png","width":512,"height":512,"caption":"The FitNest Hub"},"image":{"@id":"https:\/\/skyblue-rat-680472.hostingersite.com\/es\/#\/schema\/logo\/image\/"}}]}},"_links":{"self":[{"href":"https:\/\/thefitnesthub.com\/es\/wp-json\/wp\/v2\/pages\/3464","targetHints":{"allow":["GET"]}}],"collection":[{"href":"https:\/\/thefitnesthub.com\/es\/wp-json\/wp\/v2\/pages"}],"about":[{"href":"https:\/\/thefitnesthub.com\/es\/wp-json\/wp\/v2\/types\/page"}],"author":[{"embeddable":true,"href":"https:\/\/thefitnesthub.com\/es\/wp-json\/wp\/v2\/users\/1"}],"replies":[{"embeddable":true,"href":"https:\/\/thefitnesthub.com\/es\/wp-json\/wp\/v2\/comments?post=3464"}],"version-history":[{"count":1,"href":"https:\/\/thefitnesthub.com\/es\/wp-json\/wp\/v2\/pages\/3464\/revisions"}],"predecessor-version":[{"id":3465,"href":"https:\/\/thefitnesthub.com\/es\/wp-json\/wp\/v2\/pages\/3464\/revisions\/3465"}],"wp:attachment":[{"href":"https:\/\/thefitnesthub.com\/es\/wp-json\/wp\/v2\/media?parent=3464"}],"curies":[{"name":"wp","href":"https:\/\/api.w.org\/{rel}","templated":true}]}}