{"id":3456,"date":"2025-03-17T20:35:22","date_gmt":"2025-03-17T19:35:22","guid":{"rendered":"https:\/\/thefitnesthub.com\/politica-de-privacidad\/"},"modified":"2025-04-09T22:24:34","modified_gmt":"2025-04-09T21:24:34","slug":"politica-de-privacidad","status":"publish","type":"page","link":"https:\/\/thefitnesthub.com\/es\/politica-de-privacidad\/","title":{"rendered":"Pol\u00edtica de Privacidad"},"content":{"rendered":"\t\t<div data-elementor-type=\"wp-page\" data-elementor-id=\"3456\" class=\"elementor elementor-3456 elementor-3\" data-elementor-post-type=\"page\">\n\t\t\t\t\t\t<section class=\"elementor-section elementor-top-section elementor-element elementor-element-aec6aff elementor-section-height-min-height elementor-section-boxed elementor-section-height-default elementor-section-items-middle\" data-id=\"aec6aff\" data-element_type=\"section\" data-e-type=\"section\" data-settings=\"{&quot;background_background&quot;:&quot;classic&quot;}\">\n\t\t\t\t\t\t<div class=\"elementor-container elementor-column-gap-default\">\n\t\t\t\t\t<div class=\"elementor-column elementor-col-100 elementor-top-column elementor-element elementor-element-f43ddd9\" data-id=\"f43ddd9\" data-element_type=\"column\" data-e-type=\"column\">\n\t\t\t<div class=\"elementor-widget-wrap elementor-element-populated\">\n\t\t\t\t\t\t<div class=\"elementor-element elementor-element-f502215 elementor-widget elementor-widget-heading\" data-id=\"f502215\" data-element_type=\"widget\" data-e-type=\"widget\" data-widget_type=\"heading.default\">\n\t\t\t\t<div class=\"elementor-widget-container\">\n\t\t\t\t\t<h2 class=\"elementor-heading-title elementor-size-default\">POL\u00cdTICA DE PRIVACIDAD<\/h2>\t\t\t\t<\/div>\n\t\t\t\t<\/div>\n\t\t\t\t<div class=\"elementor-element elementor-element-4be98a9 elementor-widget elementor-widget-text-editor\" data-id=\"4be98a9\" data-element_type=\"widget\" data-e-type=\"widget\" data-widget_type=\"text-editor.default\">\n\t\t\t\t<div class=\"elementor-widget-container\">\n\t\t\t\t\t\t\t\t\t<p class=\"\" data-start=\"104\" data-end=\"140\"><strong data-start=\"104\" data-end=\"140\">\u00daltima actualizaci\u00f3n: 01\/04\/2025<\/strong><\/p><br><p class=\"\" data-start=\"142\" data-end=\"161\"><strong data-start=\"142\" data-end=\"161\">1. Introducci\u00f3n<\/strong><\/p><br><p class=\"\" data-start=\"163\" data-end=\"395\">Bienvenido a The FitNest Hub. Tu privacidad es importante para nosotros. Esta Pol\u00edtica de Privacidad describe c\u00f3mo recopilamos, usamos y protegemos tu informaci\u00f3n personal cuando visitas nuestro sitio web <a class=\"\" href=\"https:\/\/thefitnesthub.com\/es\/\" target=\"_new\" rel=\"noopener\" data-start=\"368\" data-end=\"394\">https:\/\/thefitnesthub.com\/<\/a>.<\/p><br><p class=\"\" data-start=\"397\" data-end=\"432\"><strong data-start=\"397\" data-end=\"432\">2. Datos Personales Recopilados<\/strong><\/p><br><p class=\"\" data-start=\"434\" data-end=\"478\">Recopilamos los siguientes datos personales:<\/p><br><p class=\"\" data-start=\"480\" data-end=\"700\"><strong data-start=\"480\" data-end=\"521\">Datos proporcionados voluntariamente:<\/strong> Cuando completas formularios en nuestro sitio, como la suscripci\u00f3n al bolet\u00edn o solicitudes de contacto, recopilamos informaci\u00f3n como tu nombre y direcci\u00f3n de correo electr\u00f3nico.<\/p><br><p class=\"\" data-start=\"702\" data-end=\"997\"><strong data-start=\"702\" data-end=\"726\">Datos de navegaci\u00f3n:<\/strong> Recopilamos informaci\u00f3n est\u00e1ndar de registros del servidor, como la direcci\u00f3n IP, tipo de navegador, p\u00e1ginas visitadas y el tiempo que pasas en nuestro sitio. Estos datos nos ayudan a mejorar la experiencia del usuario y a comprender mejor c\u00f3mo se utiliza nuestro sitio.<\/p><br><p class=\"\" data-start=\"999\" data-end=\"1049\"><strong data-start=\"999\" data-end=\"1049\">3. Finalidades y Bases Legales del Tratamiento<\/strong><\/p><br><p class=\"\" data-start=\"1051\" data-end=\"1161\">Usamos tus datos personales para las siguientes finalidades, bas\u00e1ndonos en las correspondientes bases legales:<\/p><br><p class=\"\" data-start=\"1163\" data-end=\"1339\"><strong data-start=\"1163\" data-end=\"1207\">Prestaci\u00f3n de los servicios solicitados:<\/strong> Para responder a tus solicitudes o proporcionarte informaci\u00f3n.<br data-start=\"1270\" data-end=\"1273\" \/><em data-start=\"1273\" data-end=\"1339\">Base legal: ejecuci\u00f3n de un contrato o medidas precontractuales.<\/em><\/p><br><p class=\"\" data-start=\"1341\" data-end=\"1488\"><strong data-start=\"1341\" data-end=\"1363\">Marketing directo:<\/strong> Para enviarte comunicaciones promocionales, previa tu autorizaci\u00f3n expl\u00edcita.<br data-start=\"1441\" data-end=\"1444\" \/><em data-start=\"1444\" data-end=\"1488\">Base legal: consentimiento del interesado.<\/em><\/p><br><p class=\"\" data-start=\"1490\" data-end=\"1617\"><strong data-start=\"1490\" data-end=\"1515\">Mejora del sitio web:<\/strong> Para analizar el uso de nuestro sitio y mejorar nuestros servicios.<br data-start=\"1583\" data-end=\"1586\" \/><em data-start=\"1586\" data-end=\"1617\">Base legal: inter\u00e9s leg\u00edtimo.<\/em><\/p><br><p class=\"\" data-start=\"1619\" data-end=\"1651\"><strong data-start=\"1619\" data-end=\"1651\">4. Conservaci\u00f3n de los Datos<\/strong><\/p><br><p class=\"\" data-start=\"1653\" data-end=\"1853\">Conservamos tus datos personales durante el tiempo necesario para cumplir con las finalidades para las que fueron recogidos, salvo que obligaciones legales exijan un per\u00edodo de conservaci\u00f3n m\u00e1s largo.<\/p><br><p class=\"\" data-start=\"1855\" data-end=\"1883\"><strong data-start=\"1855\" data-end=\"1883\">5. Compartici\u00f3n de Datos<\/strong><\/p><br><p class=\"\" data-start=\"1885\" data-end=\"2191\">No vendemos ni alquilamos tu informaci\u00f3n personal a terceros. Sin embargo, podemos compartir tus datos con proveedores de servicios que nos ayudan en nuestras operaciones, como servicios de alojamiento web o email marketing, asegurando que cumplan con esta Pol\u00edtica de Privacidad y las normativas vigentes.<\/p><br><p class=\"\" data-start=\"2193\" data-end=\"2239\"><strong data-start=\"2193\" data-end=\"2239\">6. Transferencias Internacionales de Datos<\/strong><\/p><br><p class=\"\" data-start=\"2241\" data-end=\"2416\">Si transferimos tus datos personales fuera del Espacio Econ\u00f3mico Europeo (EEE), garantizaremos que se apliquen las medidas adecuadas para proteger tus datos, conforme al RGPD.<\/p><br><p class=\"\" data-start=\"2418\" data-end=\"2437\"><strong data-start=\"2418\" data-end=\"2437\">7. Tus Derechos<\/strong><\/p><br><p class=\"\" data-start=\"2439\" data-end=\"2480\">De acuerdo con el RGPD, tienes derecho a:<\/p><br><br><ul data-start=\"2482\" data-end=\"2910\">\r\n \t<li class=\"\" data-start=\"2482\" data-end=\"2537\">\r\n<p class=\"\" data-start=\"2484\" data-end=\"2537\">Acceder a tus datos personales y solicitar una copia.<\/p>\r\n<\/li>\r\n \t<li class=\"\" data-start=\"2538\" data-end=\"2594\">\r\n<p class=\"\" data-start=\"2540\" data-end=\"2594\">Solicitar la rectificaci\u00f3n o eliminaci\u00f3n de tus datos.<\/p>\r\n<\/li>\r\n \t<li class=\"\" data-start=\"2595\" data-end=\"2660\">\r\n<p class=\"\" data-start=\"2597\" data-end=\"2660\">Oponerte al tratamiento de tus datos o solicitar su limitaci\u00f3n.<\/p>\r\n<\/li>\r\n \t<li class=\"\" data-start=\"2661\" data-end=\"2702\">\r\n<p class=\"\" data-start=\"2663\" data-end=\"2702\">Solicitar la portabilidad de los datos.<\/p>\r\n<\/li>\r\n \t<li class=\"\" data-start=\"2703\" data-end=\"2851\">\r\n<p class=\"\" data-start=\"2705\" data-end=\"2851\">Retirar tu consentimiento en cualquier momento, sin que ello afecte la legalidad del tratamiento basado en el consentimiento antes de su retirada.<\/p>\r\n<\/li>\r\n \t<li class=\"\" data-start=\"2852\" data-end=\"2910\">\r\n<p class=\"\" data-start=\"2854\" data-end=\"2910\">Presentar una reclamaci\u00f3n ante una autoridad de control.<\/p>\r\n<\/li>\r\n<\/ul><br><p class=\"\" data-start=\"2912\" data-end=\"3001\">Para ejercer estos derechos, cont\u00e1ctanos a trav\u00e9s del correo electr\u00f3nico indicado arriba.<\/p><br><p class=\"\" data-start=\"3003\" data-end=\"3032\"><strong data-start=\"3003\" data-end=\"3032\">8. Seguridad de los Datos<\/strong><\/p><br><p class=\"\" data-start=\"3034\" data-end=\"3175\">Adoptamos medidas t\u00e9cnicas y organizativas adecuadas para proteger tus datos personales contra accesos no autorizados, p\u00e9rdida o destrucci\u00f3n.<\/p><br><p class=\"\" data-start=\"3177\" data-end=\"3222\"><strong data-start=\"3177\" data-end=\"3222\">9. Cambios en Esta Pol\u00edtica de Privacidad<\/strong><\/p><br><p class=\"\" data-start=\"3224\" data-end=\"3503\">Nos reservamos el derecho de actualizar esta Pol\u00edtica de Privacidad. Cualquier modificaci\u00f3n ser\u00e1 publicada en esta p\u00e1gina con la fecha de la \u00faltima actualizaci\u00f3n. Te recomendamos consultar esta p\u00e1gina peri\u00f3dicamente para mantenerte informado sobre c\u00f3mo protegemos tu informaci\u00f3n.<\/p><br><p class=\"\" data-start=\"3505\" data-end=\"3521\"><strong data-start=\"3505\" data-end=\"3521\">10. Contacto<\/strong><\/p><br><p class=\"\" data-start=\"3523\" data-end=\"3677\">Si tienes preguntas o inquietudes sobre esta Pol\u00edtica de Privacidad o sobre el tratamiento de tus datos personales, cont\u00e1ctanos en <a rel=\"noopener\" data-start=\"3654\" data-end=\"3676\">info@thefitnesthub.com<\/a>.<\/p>\t\t\t\t\t\t\t\t<\/div>\n\t\t\t\t<\/div>\n\t\t\t\t\t<\/div>\n\t\t<\/div>\n\t\t\t\t\t<\/div>\n\t\t<\/section>\n\t\t\t\t<\/div>\n\t\t","protected":false},"excerpt":{"rendered":"<p>POL\u00cdTICA DE PRIVACIDAD \u00daltima actualizaci\u00f3n: 01\/04\/2025 1. Introducci\u00f3n Bienvenido a The FitNest Hub. Tu privacidad es importante para nosotros. Esta Pol\u00edtica de Privacidad describe c\u00f3mo recopilamos, usamos y protegemos tu informaci\u00f3n personal cuando visitas nuestro sitio web https:\/\/thefitnesthub.com\/. 2. Datos Personales Recopilados Recopilamos los siguientes datos personales: Datos proporcionados voluntariamente: Cuando completas formularios en nuestro [&hellip;]<\/p>\n","protected":false},"author":1,"featured_media":0,"parent":0,"menu_order":0,"comment_status":"closed","ping_status":"closed","template":"elementor_header_footer","meta":{"footnotes":""},"class_list":["post-3456","page","type-page","status-publish","hentry"],"_wp_page_template":"elementor_header_footer","hostinger_preview_image_url":null,"hostinger_preview_image_id":null,"hostinger_preview_image_post_id":null,"hostinger_ai_post_meta_title":null,"hostinger_ai_post_meta_description":null,"hostinger_ai_post_meta_seo_keywords":null,"_wp_attached_file":null,"_wp_attachment_metadata":null,"_edit_last":null,"origin":null,"_thumbnail_id":null,"_wp_trash_meta_status":null,"_wp_trash_meta_time":null,"_wp_desired_post_slug":null,"_edit_lock":null,"yoast_head":"<!-- This site is optimized with the Yoast SEO plugin v27.4 - https:\/\/yoast.com\/product\/yoast-seo-wordpress\/ -->\n<title>Pol\u00edtica de Privacidad - The FitNest Hub<\/title>\n<meta name=\"robots\" content=\"index, follow, max-snippet:-1, max-image-preview:large, max-video-preview:-1\" \/>\n<link rel=\"canonical\" href=\"https:\/\/thefitnesthub.com\/es\/politica-de-privacidad\/\" \/>\n<meta property=\"og:locale\" content=\"es_ES\" \/>\n<meta property=\"og:type\" content=\"article\" \/>\n<meta property=\"og:title\" content=\"Pol\u00edtica de Privacidad - The FitNest Hub\" \/>\n<meta property=\"og:description\" content=\"POL\u00cdTICA DE PRIVACIDAD \u00daltima actualizaci\u00f3n: 01\/04\/2025 1. Introducci\u00f3n Bienvenido a The FitNest Hub. Tu privacidad es importante para nosotros. Esta Pol\u00edtica de Privacidad describe c\u00f3mo recopilamos, usamos y protegemos tu informaci\u00f3n personal cuando visitas nuestro sitio web https:\/\/thefitnesthub.com\/. 2. Datos Personales Recopilados Recopilamos los siguientes datos personales: Datos proporcionados voluntariamente: Cuando completas formularios en nuestro [&hellip;]\" \/>\n<meta property=\"og:url\" content=\"https:\/\/thefitnesthub.com\/es\/politica-de-privacidad\/\" \/>\n<meta property=\"og:site_name\" content=\"The FitNest Hub\" \/>\n<meta property=\"article:modified_time\" content=\"2025-04-09T21:24:34+00:00\" \/>\n<meta name=\"twitter:card\" content=\"summary_large_image\" \/>\n<meta name=\"twitter:label1\" content=\"Tiempo de lectura\" \/>\n\t<meta name=\"twitter:data1\" content=\"3 minutos\" \/>\n<script type=\"application\/ld+json\" class=\"yoast-schema-graph\">{\"@context\":\"https:\\\/\\\/schema.org\",\"@graph\":[{\"@type\":\"WebPage\",\"@id\":\"https:\\\/\\\/thefitnesthub.com\\\/es\\\/politica-de-privacidad\\\/\",\"url\":\"https:\\\/\\\/thefitnesthub.com\\\/es\\\/politica-de-privacidad\\\/\",\"name\":\"Pol\u00edtica de Privacidad - The FitNest Hub\",\"isPartOf\":{\"@id\":\"https:\\\/\\\/skyblue-rat-680472.hostingersite.com\\\/es\\\/#website\"},\"datePublished\":\"2025-03-17T19:35:22+00:00\",\"dateModified\":\"2025-04-09T21:24:34+00:00\",\"breadcrumb\":{\"@id\":\"https:\\\/\\\/thefitnesthub.com\\\/es\\\/politica-de-privacidad\\\/#breadcrumb\"},\"inLanguage\":\"es\",\"potentialAction\":[{\"@type\":\"ReadAction\",\"target\":[\"https:\\\/\\\/thefitnesthub.com\\\/es\\\/politica-de-privacidad\\\/\"]}]},{\"@type\":\"BreadcrumbList\",\"@id\":\"https:\\\/\\\/thefitnesthub.com\\\/es\\\/politica-de-privacidad\\\/#breadcrumb\",\"itemListElement\":[{\"@type\":\"ListItem\",\"position\":1,\"name\":\"Home\",\"item\":\"https:\\\/\\\/skyblue-rat-680472.hostingersite.com\\\/es\\\/\"},{\"@type\":\"ListItem\",\"position\":2,\"name\":\"Pol\u00edtica de Privacidad\"}]},{\"@type\":\"WebSite\",\"@id\":\"https:\\\/\\\/skyblue-rat-680472.hostingersite.com\\\/es\\\/#website\",\"url\":\"https:\\\/\\\/skyblue-rat-680472.hostingersite.com\\\/es\\\/\",\"name\":\"The FitNest Hub\",\"description\":\"\",\"publisher\":{\"@id\":\"https:\\\/\\\/skyblue-rat-680472.hostingersite.com\\\/es\\\/#organization\"},\"potentialAction\":[{\"@type\":\"SearchAction\",\"target\":{\"@type\":\"EntryPoint\",\"urlTemplate\":\"https:\\\/\\\/skyblue-rat-680472.hostingersite.com\\\/es\\\/?s={search_term_string}\"},\"query-input\":{\"@type\":\"PropertyValueSpecification\",\"valueRequired\":true,\"valueName\":\"search_term_string\"}}],\"inLanguage\":\"es\"},{\"@type\":\"Organization\",\"@id\":\"https:\\\/\\\/skyblue-rat-680472.hostingersite.com\\\/es\\\/#organization\",\"name\":\"The FitNest Hub\",\"url\":\"https:\\\/\\\/skyblue-rat-680472.hostingersite.com\\\/es\\\/\",\"logo\":{\"@type\":\"ImageObject\",\"inLanguage\":\"es\",\"@id\":\"https:\\\/\\\/skyblue-rat-680472.hostingersite.com\\\/es\\\/#\\\/schema\\\/logo\\\/image\\\/\",\"url\":\"https:\\\/\\\/thefitnesthub.com\\\/wp-content\\\/uploads\\\/2025\\\/03\\\/favicon-solo-nera-1.png\",\"contentUrl\":\"https:\\\/\\\/thefitnesthub.com\\\/wp-content\\\/uploads\\\/2025\\\/03\\\/favicon-solo-nera-1.png\",\"width\":512,\"height\":512,\"caption\":\"The FitNest Hub\"},\"image\":{\"@id\":\"https:\\\/\\\/skyblue-rat-680472.hostingersite.com\\\/es\\\/#\\\/schema\\\/logo\\\/image\\\/\"}}]}<\/script>\n<!-- \/ Yoast SEO plugin. -->","yoast_head_json":{"title":"Pol\u00edtica de Privacidad - The FitNest Hub","robots":{"index":"index","follow":"follow","max-snippet":"max-snippet:-1","max-image-preview":"max-image-preview:large","max-video-preview":"max-video-preview:-1"},"canonical":"https:\/\/thefitnesthub.com\/es\/politica-de-privacidad\/","og_locale":"es_ES","og_type":"article","og_title":"Pol\u00edtica de Privacidad - The FitNest Hub","og_description":"POL\u00cdTICA DE PRIVACIDAD \u00daltima actualizaci\u00f3n: 01\/04\/2025 1. Introducci\u00f3n Bienvenido a The FitNest Hub. Tu privacidad es importante para nosotros. Esta Pol\u00edtica de Privacidad describe c\u00f3mo recopilamos, usamos y protegemos tu informaci\u00f3n personal cuando visitas nuestro sitio web https:\/\/thefitnesthub.com\/. 2. Datos Personales Recopilados Recopilamos los siguientes datos personales: Datos proporcionados voluntariamente: Cuando completas formularios en nuestro [&hellip;]","og_url":"https:\/\/thefitnesthub.com\/es\/politica-de-privacidad\/","og_site_name":"The FitNest Hub","article_modified_time":"2025-04-09T21:24:34+00:00","twitter_card":"summary_large_image","twitter_misc":{"Tiempo de lectura":"3 minutos"},"schema":{"@context":"https:\/\/schema.org","@graph":[{"@type":"WebPage","@id":"https:\/\/thefitnesthub.com\/es\/politica-de-privacidad\/","url":"https:\/\/thefitnesthub.com\/es\/politica-de-privacidad\/","name":"Pol\u00edtica de Privacidad - The FitNest Hub","isPartOf":{"@id":"https:\/\/skyblue-rat-680472.hostingersite.com\/es\/#website"},"datePublished":"2025-03-17T19:35:22+00:00","dateModified":"2025-04-09T21:24:34+00:00","breadcrumb":{"@id":"https:\/\/thefitnesthub.com\/es\/politica-de-privacidad\/#breadcrumb"},"inLanguage":"es","potentialAction":[{"@type":"ReadAction","target":["https:\/\/thefitnesthub.com\/es\/politica-de-privacidad\/"]}]},{"@type":"BreadcrumbList","@id":"https:\/\/thefitnesthub.com\/es\/politica-de-privacidad\/#breadcrumb","itemListElement":[{"@type":"ListItem","position":1,"name":"Home","item":"https:\/\/skyblue-rat-680472.hostingersite.com\/es\/"},{"@type":"ListItem","position":2,"name":"Pol\u00edtica de Privacidad"}]},{"@type":"WebSite","@id":"https:\/\/skyblue-rat-680472.hostingersite.com\/es\/#website","url":"https:\/\/skyblue-rat-680472.hostingersite.com\/es\/","name":"The FitNest Hub","description":"","publisher":{"@id":"https:\/\/skyblue-rat-680472.hostingersite.com\/es\/#organization"},"potentialAction":[{"@type":"SearchAction","target":{"@type":"EntryPoint","urlTemplate":"https:\/\/skyblue-rat-680472.hostingersite.com\/es\/?s={search_term_string}"},"query-input":{"@type":"PropertyValueSpecification","valueRequired":true,"valueName":"search_term_string"}}],"inLanguage":"es"},{"@type":"Organization","@id":"https:\/\/skyblue-rat-680472.hostingersite.com\/es\/#organization","name":"The FitNest Hub","url":"https:\/\/skyblue-rat-680472.hostingersite.com\/es\/","logo":{"@type":"ImageObject","inLanguage":"es","@id":"https:\/\/skyblue-rat-680472.hostingersite.com\/es\/#\/schema\/logo\/image\/","url":"https:\/\/thefitnesthub.com\/wp-content\/uploads\/2025\/03\/favicon-solo-nera-1.png","contentUrl":"https:\/\/thefitnesthub.com\/wp-content\/uploads\/2025\/03\/favicon-solo-nera-1.png","width":512,"height":512,"caption":"The FitNest Hub"},"image":{"@id":"https:\/\/skyblue-rat-680472.hostingersite.com\/es\/#\/schema\/logo\/image\/"}}]}},"_links":{"self":[{"href":"https:\/\/thefitnesthub.com\/es\/wp-json\/wp\/v2\/pages\/3456","targetHints":{"allow":["GET"]}}],"collection":[{"href":"https:\/\/thefitnesthub.com\/es\/wp-json\/wp\/v2\/pages"}],"about":[{"href":"https:\/\/thefitnesthub.com\/es\/wp-json\/wp\/v2\/types\/page"}],"author":[{"embeddable":true,"href":"https:\/\/thefitnesthub.com\/es\/wp-json\/wp\/v2\/users\/1"}],"replies":[{"embeddable":true,"href":"https:\/\/thefitnesthub.com\/es\/wp-json\/wp\/v2\/comments?post=3456"}],"version-history":[{"count":1,"href":"https:\/\/thefitnesthub.com\/es\/wp-json\/wp\/v2\/pages\/3456\/revisions"}],"predecessor-version":[{"id":3457,"href":"https:\/\/thefitnesthub.com\/es\/wp-json\/wp\/v2\/pages\/3456\/revisions\/3457"}],"wp:attachment":[{"href":"https:\/\/thefitnesthub.com\/es\/wp-json\/wp\/v2\/media?parent=3456"}],"curies":[{"name":"wp","href":"https:\/\/api.w.org\/{rel}","templated":true}]}}