{"id":2928,"date":"2025-03-27T19:00:50","date_gmt":"2025-03-27T18:00:50","guid":{"rendered":"https:\/\/thefitnesthub.com\/disclaimer-affiliate\/"},"modified":"2025-04-03T21:20:39","modified_gmt":"2025-04-03T20:20:39","slug":"disclaimer-affiliate","status":"publish","type":"page","link":"https:\/\/thefitnesthub.com\/es\/disclaimer-affiliate\/","title":{"rendered":"Disclaimer Affiliate"},"content":{"rendered":"\t\t<div data-elementor-type=\"wp-page\" data-elementor-id=\"2928\" class=\"elementor elementor-2928 elementor-1312\" data-elementor-post-type=\"page\">\n\t\t\t\t\t\t<section class=\"elementor-section elementor-top-section elementor-element elementor-element-0e522a8 elementor-section-height-min-height elementor-section-boxed elementor-section-height-default elementor-section-items-middle\" data-id=\"0e522a8\" data-element_type=\"section\" data-e-type=\"section\" data-settings=\"{&quot;background_background&quot;:&quot;classic&quot;}\">\n\t\t\t\t\t\t<div class=\"elementor-container elementor-column-gap-default\">\n\t\t\t\t\t<div class=\"elementor-column elementor-col-100 elementor-top-column elementor-element elementor-element-57ab927\" data-id=\"57ab927\" data-element_type=\"column\" data-e-type=\"column\">\n\t\t\t<div class=\"elementor-widget-wrap elementor-element-populated\">\n\t\t\t\t\t\t<div class=\"elementor-element elementor-element-48ac802 elementor-widget elementor-widget-heading\" data-id=\"48ac802\" data-element_type=\"widget\" data-e-type=\"widget\" data-widget_type=\"heading.default\">\n\t\t\t\t<div class=\"elementor-widget-container\">\n\t\t\t\t\t<h2 class=\"elementor-heading-title elementor-size-default\">DESCARGO DE RESPONSABILIDAD POR ENLACES DE AFILIACI\u00d3N DE AMAZON<\/h2>\t\t\t\t<\/div>\n\t\t\t\t<\/div>\n\t\t\t\t<div class=\"elementor-element elementor-element-ac17356 elementor-widget elementor-widget-text-editor\" data-id=\"ac17356\" data-element_type=\"widget\" data-e-type=\"widget\" data-widget_type=\"text-editor.default\">\n\t\t\t\t<div class=\"elementor-widget-container\">\n\t\t\t\t\t\t\t\t\t<p class=\"\" data-start=\"336\" data-end=\"546\">The FitNest Hub participa en el <strong>Programa de Afiliados de Amazon EU<\/strong>, un programa dise\u00f1ado para que los sitios web puedan obtener comisiones por publicidad al promocionar y enlazar productos disponibles en <strong>Amazon.es<\/strong>.<\/p><br><p class=\"\" data-start=\"548\" data-end=\"825\"><strong data-start=\"548\" data-end=\"567\">\u00bfC\u00f3mo funciona?<\/strong><br data-start=\"567\" data-end=\"570\" \/>Algunos de los enlaces a productos que aparecen en este sitio pueden ser enlaces de afiliado. Esto significa que si haces clic en uno de ellos y realizas una compra, FitNest Hub podr\u00eda recibir una peque\u00f1a comisi\u00f3n \u2014 <strong data-start=\"786\" data-end=\"824\">sin ning\u00fan coste adicional para ti<\/strong>.<\/p><br><p class=\"\" data-start=\"827\" data-end=\"857\">Estas comisiones nos permiten:<\/p><br><br><ul data-start=\"859\" data-end=\"1022\">\r\n \t<li class=\"\" data-start=\"859\" data-end=\"912\">\r\n<p class=\"\" data-start=\"861\" data-end=\"912\">Probar y analizar equipos de forma independiente;<\/p>\r\n<\/li>\r\n \t<li class=\"\" data-start=\"913\" data-end=\"972\">\r\n<p class=\"\" data-start=\"915\" data-end=\"972\">Ofrecerte contenido gratuito, actualizado y de calidad;<\/p>\r\n<\/li>\r\n \t<li class=\"\" data-start=\"973\" data-end=\"1022\">\r\n<p class=\"\" data-start=\"975\" data-end=\"1022\">Mantener el sitio activo y en constante mejora.<\/p>\r\n<\/li>\r\n<\/ul><br><p class=\"\" data-start=\"1024\" data-end=\"1300\"><strong data-start=\"1024\" data-end=\"1054\">Transparencia e integridad<\/strong><br data-start=\"1054\" data-end=\"1057\" \/>Queremos dejarlo claro: todas las opiniones expresadas en FitNest Hub son siempre honestas e imparciales.<br data-start=\"1162\" data-end=\"1165\" \/>Los productos recomendados se seleccionan por su calidad, utilidad y valor para el usuario \u2014 <strong data-start=\"1258\" data-end=\"1264\">no<\/strong> por la comisi\u00f3n que puedan generar.<\/p><br><p class=\"\" data-start=\"1302\" data-end=\"1425\">Tu confianza es fundamental para nosotros y nos comprometemos a mantener la m\u00e1xima transparencia en todo lo que publicamos.<\/p><br><p class=\"\" data-start=\"1427\" data-end=\"1605\">Para m\u00e1s informaci\u00f3n sobre el Programa de Afiliados de Amazon, puedes visitar la p\u00e1gina oficial:<br data-start=\"1523\" data-end=\"1526\" \/>\ud83d\udc49 <a class=\"\" href=\"https:\/\/affiliate-program.amazon.es\/\" target=\"_new\" rel=\"noopener\" data-start=\"1529\" data-end=\"1605\">https:\/\/affiliate-program.amazon.es\/<\/a><\/p>\t\t\t\t\t\t\t\t<\/div>\n\t\t\t\t<\/div>\n\t\t\t\t\t<\/div>\n\t\t<\/div>\n\t\t\t\t\t<\/div>\n\t\t<\/section>\n\t\t\t\t<\/div>\n\t\t","protected":false},"excerpt":{"rendered":"<p>DESCARGO DE RESPONSABILIDAD POR ENLACES DE AFILIACI\u00d3N DE AMAZON The FitNest Hub participa en el Programa de Afiliados de Amazon EU, un programa dise\u00f1ado para que los sitios web puedan obtener comisiones por publicidad al promocionar y enlazar productos disponibles en Amazon.es. \u00bfC\u00f3mo funciona?Algunos de los enlaces a productos que aparecen en este sitio pueden [&hellip;]<\/p>\n","protected":false},"author":1,"featured_media":0,"parent":0,"menu_order":0,"comment_status":"closed","ping_status":"closed","template":"elementor_header_footer","meta":{"footnotes":""},"class_list":["post-2928","page","type-page","status-publish","hentry"],"_wp_page_template":"elementor_header_footer","hostinger_preview_image_url":null,"hostinger_preview_image_id":null,"hostinger_preview_image_post_id":null,"hostinger_ai_post_meta_title":null,"hostinger_ai_post_meta_description":null,"hostinger_ai_post_meta_seo_keywords":null,"_wp_attached_file":null,"_wp_attachment_metadata":null,"_edit_last":null,"origin":null,"_thumbnail_id":null,"_wp_trash_meta_status":null,"_wp_trash_meta_time":null,"_wp_desired_post_slug":null,"_edit_lock":null,"yoast_head":"<!-- This site is optimized with the Yoast SEO plugin v27.4 - https:\/\/yoast.com\/product\/yoast-seo-wordpress\/ -->\n<title>Disclaimer Affiliate - The FitNest Hub<\/title>\n<meta name=\"robots\" content=\"index, follow, max-snippet:-1, max-image-preview:large, max-video-preview:-1\" \/>\n<link rel=\"canonical\" href=\"https:\/\/thefitnesthub.com\/es\/disclaimer-affiliate\/\" \/>\n<meta property=\"og:locale\" content=\"es_ES\" \/>\n<meta property=\"og:type\" content=\"article\" \/>\n<meta property=\"og:title\" content=\"Disclaimer Affiliate - The FitNest Hub\" \/>\n<meta property=\"og:description\" content=\"DESCARGO DE RESPONSABILIDAD POR ENLACES DE AFILIACI\u00d3N DE AMAZON The FitNest Hub participa en el Programa de Afiliados de Amazon EU, un programa dise\u00f1ado para que los sitios web puedan obtener comisiones por publicidad al promocionar y enlazar productos disponibles en Amazon.es. \u00bfC\u00f3mo funciona?Algunos de los enlaces a productos que aparecen en este sitio pueden [&hellip;]\" \/>\n<meta property=\"og:url\" content=\"https:\/\/thefitnesthub.com\/es\/disclaimer-affiliate\/\" \/>\n<meta property=\"og:site_name\" content=\"The FitNest Hub\" \/>\n<meta property=\"article:modified_time\" content=\"2025-04-03T20:20:39+00:00\" \/>\n<meta name=\"twitter:card\" content=\"summary_large_image\" \/>\n<meta name=\"twitter:label1\" content=\"Tiempo de lectura\" \/>\n\t<meta name=\"twitter:data1\" content=\"1 minuto\" \/>\n<script type=\"application\/ld+json\" class=\"yoast-schema-graph\">{\"@context\":\"https:\\\/\\\/schema.org\",\"@graph\":[{\"@type\":\"WebPage\",\"@id\":\"https:\\\/\\\/thefitnesthub.com\\\/es\\\/disclaimer-affiliate\\\/\",\"url\":\"https:\\\/\\\/thefitnesthub.com\\\/es\\\/disclaimer-affiliate\\\/\",\"name\":\"Disclaimer Affiliate - The FitNest Hub\",\"isPartOf\":{\"@id\":\"https:\\\/\\\/skyblue-rat-680472.hostingersite.com\\\/es\\\/#website\"},\"datePublished\":\"2025-03-27T18:00:50+00:00\",\"dateModified\":\"2025-04-03T20:20:39+00:00\",\"breadcrumb\":{\"@id\":\"https:\\\/\\\/thefitnesthub.com\\\/es\\\/disclaimer-affiliate\\\/#breadcrumb\"},\"inLanguage\":\"es\",\"potentialAction\":[{\"@type\":\"ReadAction\",\"target\":[\"https:\\\/\\\/thefitnesthub.com\\\/es\\\/disclaimer-affiliate\\\/\"]}]},{\"@type\":\"BreadcrumbList\",\"@id\":\"https:\\\/\\\/thefitnesthub.com\\\/es\\\/disclaimer-affiliate\\\/#breadcrumb\",\"itemListElement\":[{\"@type\":\"ListItem\",\"position\":1,\"name\":\"Home\",\"item\":\"https:\\\/\\\/skyblue-rat-680472.hostingersite.com\\\/es\\\/\"},{\"@type\":\"ListItem\",\"position\":2,\"name\":\"Disclaimer Affiliate\"}]},{\"@type\":\"WebSite\",\"@id\":\"https:\\\/\\\/skyblue-rat-680472.hostingersite.com\\\/es\\\/#website\",\"url\":\"https:\\\/\\\/skyblue-rat-680472.hostingersite.com\\\/es\\\/\",\"name\":\"The FitNest Hub\",\"description\":\"\",\"publisher\":{\"@id\":\"https:\\\/\\\/skyblue-rat-680472.hostingersite.com\\\/es\\\/#organization\"},\"potentialAction\":[{\"@type\":\"SearchAction\",\"target\":{\"@type\":\"EntryPoint\",\"urlTemplate\":\"https:\\\/\\\/skyblue-rat-680472.hostingersite.com\\\/es\\\/?s={search_term_string}\"},\"query-input\":{\"@type\":\"PropertyValueSpecification\",\"valueRequired\":true,\"valueName\":\"search_term_string\"}}],\"inLanguage\":\"es\"},{\"@type\":\"Organization\",\"@id\":\"https:\\\/\\\/skyblue-rat-680472.hostingersite.com\\\/es\\\/#organization\",\"name\":\"The FitNest Hub\",\"url\":\"https:\\\/\\\/skyblue-rat-680472.hostingersite.com\\\/es\\\/\",\"logo\":{\"@type\":\"ImageObject\",\"inLanguage\":\"es\",\"@id\":\"https:\\\/\\\/skyblue-rat-680472.hostingersite.com\\\/es\\\/#\\\/schema\\\/logo\\\/image\\\/\",\"url\":\"https:\\\/\\\/thefitnesthub.com\\\/wp-content\\\/uploads\\\/2025\\\/03\\\/favicon-solo-nera-1.png\",\"contentUrl\":\"https:\\\/\\\/thefitnesthub.com\\\/wp-content\\\/uploads\\\/2025\\\/03\\\/favicon-solo-nera-1.png\",\"width\":512,\"height\":512,\"caption\":\"The FitNest Hub\"},\"image\":{\"@id\":\"https:\\\/\\\/skyblue-rat-680472.hostingersite.com\\\/es\\\/#\\\/schema\\\/logo\\\/image\\\/\"}}]}<\/script>\n<!-- \/ Yoast SEO plugin. -->","yoast_head_json":{"title":"Disclaimer Affiliate - The FitNest Hub","robots":{"index":"index","follow":"follow","max-snippet":"max-snippet:-1","max-image-preview":"max-image-preview:large","max-video-preview":"max-video-preview:-1"},"canonical":"https:\/\/thefitnesthub.com\/es\/disclaimer-affiliate\/","og_locale":"es_ES","og_type":"article","og_title":"Disclaimer Affiliate - The FitNest Hub","og_description":"DESCARGO DE RESPONSABILIDAD POR ENLACES DE AFILIACI\u00d3N DE AMAZON The FitNest Hub participa en el Programa de Afiliados de Amazon EU, un programa dise\u00f1ado para que los sitios web puedan obtener comisiones por publicidad al promocionar y enlazar productos disponibles en Amazon.es. \u00bfC\u00f3mo funciona?Algunos de los enlaces a productos que aparecen en este sitio pueden [&hellip;]","og_url":"https:\/\/thefitnesthub.com\/es\/disclaimer-affiliate\/","og_site_name":"The FitNest Hub","article_modified_time":"2025-04-03T20:20:39+00:00","twitter_card":"summary_large_image","twitter_misc":{"Tiempo de lectura":"1 minuto"},"schema":{"@context":"https:\/\/schema.org","@graph":[{"@type":"WebPage","@id":"https:\/\/thefitnesthub.com\/es\/disclaimer-affiliate\/","url":"https:\/\/thefitnesthub.com\/es\/disclaimer-affiliate\/","name":"Disclaimer Affiliate - The FitNest Hub","isPartOf":{"@id":"https:\/\/skyblue-rat-680472.hostingersite.com\/es\/#website"},"datePublished":"2025-03-27T18:00:50+00:00","dateModified":"2025-04-03T20:20:39+00:00","breadcrumb":{"@id":"https:\/\/thefitnesthub.com\/es\/disclaimer-affiliate\/#breadcrumb"},"inLanguage":"es","potentialAction":[{"@type":"ReadAction","target":["https:\/\/thefitnesthub.com\/es\/disclaimer-affiliate\/"]}]},{"@type":"BreadcrumbList","@id":"https:\/\/thefitnesthub.com\/es\/disclaimer-affiliate\/#breadcrumb","itemListElement":[{"@type":"ListItem","position":1,"name":"Home","item":"https:\/\/skyblue-rat-680472.hostingersite.com\/es\/"},{"@type":"ListItem","position":2,"name":"Disclaimer Affiliate"}]},{"@type":"WebSite","@id":"https:\/\/skyblue-rat-680472.hostingersite.com\/es\/#website","url":"https:\/\/skyblue-rat-680472.hostingersite.com\/es\/","name":"The FitNest Hub","description":"","publisher":{"@id":"https:\/\/skyblue-rat-680472.hostingersite.com\/es\/#organization"},"potentialAction":[{"@type":"SearchAction","target":{"@type":"EntryPoint","urlTemplate":"https:\/\/skyblue-rat-680472.hostingersite.com\/es\/?s={search_term_string}"},"query-input":{"@type":"PropertyValueSpecification","valueRequired":true,"valueName":"search_term_string"}}],"inLanguage":"es"},{"@type":"Organization","@id":"https:\/\/skyblue-rat-680472.hostingersite.com\/es\/#organization","name":"The FitNest Hub","url":"https:\/\/skyblue-rat-680472.hostingersite.com\/es\/","logo":{"@type":"ImageObject","inLanguage":"es","@id":"https:\/\/skyblue-rat-680472.hostingersite.com\/es\/#\/schema\/logo\/image\/","url":"https:\/\/thefitnesthub.com\/wp-content\/uploads\/2025\/03\/favicon-solo-nera-1.png","contentUrl":"https:\/\/thefitnesthub.com\/wp-content\/uploads\/2025\/03\/favicon-solo-nera-1.png","width":512,"height":512,"caption":"The FitNest Hub"},"image":{"@id":"https:\/\/skyblue-rat-680472.hostingersite.com\/es\/#\/schema\/logo\/image\/"}}]}},"_links":{"self":[{"href":"https:\/\/thefitnesthub.com\/es\/wp-json\/wp\/v2\/pages\/2928","targetHints":{"allow":["GET"]}}],"collection":[{"href":"https:\/\/thefitnesthub.com\/es\/wp-json\/wp\/v2\/pages"}],"about":[{"href":"https:\/\/thefitnesthub.com\/es\/wp-json\/wp\/v2\/types\/page"}],"author":[{"embeddable":true,"href":"https:\/\/thefitnesthub.com\/es\/wp-json\/wp\/v2\/users\/1"}],"replies":[{"embeddable":true,"href":"https:\/\/thefitnesthub.com\/es\/wp-json\/wp\/v2\/comments?post=2928"}],"version-history":[{"count":1,"href":"https:\/\/thefitnesthub.com\/es\/wp-json\/wp\/v2\/pages\/2928\/revisions"}],"predecessor-version":[{"id":2929,"href":"https:\/\/thefitnesthub.com\/es\/wp-json\/wp\/v2\/pages\/2928\/revisions\/2929"}],"wp:attachment":[{"href":"https:\/\/thefitnesthub.com\/es\/wp-json\/wp\/v2\/media?parent=2928"}],"curies":[{"name":"wp","href":"https:\/\/api.w.org\/{rel}","templated":true}]}}