{"id":2920,"date":"2025-03-27T02:12:16","date_gmt":"2025-03-27T01:12:16","guid":{"rendered":"https:\/\/thefitnesthub.com\/disclaimer-medico\/"},"modified":"2025-04-03T21:15:27","modified_gmt":"2025-04-03T20:15:27","slug":"disclaimer-medico","status":"publish","type":"page","link":"https:\/\/thefitnesthub.com\/es\/disclaimer-medico\/","title":{"rendered":"Disclaimer Medico"},"content":{"rendered":"\t\t<div data-elementor-type=\"wp-page\" data-elementor-id=\"2920\" class=\"elementor elementor-2920 elementor-1213\" data-elementor-post-type=\"page\">\n\t\t\t\t\t\t<section class=\"elementor-section elementor-top-section elementor-element elementor-element-d6cf51b elementor-section-height-min-height elementor-section-boxed elementor-section-height-default elementor-section-items-middle\" data-id=\"d6cf51b\" data-element_type=\"section\" data-e-type=\"section\" data-settings=\"{&quot;background_background&quot;:&quot;classic&quot;}\">\n\t\t\t\t\t\t<div class=\"elementor-container elementor-column-gap-default\">\n\t\t\t\t\t<div class=\"elementor-column elementor-col-100 elementor-top-column elementor-element elementor-element-c1ce8cc\" data-id=\"c1ce8cc\" data-element_type=\"column\" data-e-type=\"column\">\n\t\t\t<div class=\"elementor-widget-wrap elementor-element-populated\">\n\t\t\t\t\t\t<div class=\"elementor-element elementor-element-285ce1a elementor-widget elementor-widget-heading\" data-id=\"285ce1a\" data-element_type=\"widget\" data-e-type=\"widget\" data-widget_type=\"heading.default\">\n\t\t\t\t<div class=\"elementor-widget-container\">\n\t\t\t\t\t<h2 class=\"elementor-heading-title elementor-size-default\">AVISO M\u00c9DICO<\/h2>\t\t\t\t<\/div>\n\t\t\t\t<\/div>\n\t\t\t\t<div class=\"elementor-element elementor-element-e04020f elementor-widget elementor-widget-text-editor\" data-id=\"e04020f\" data-element_type=\"widget\" data-e-type=\"widget\" data-widget_type=\"text-editor.default\">\n\t\t\t\t<div class=\"elementor-widget-container\">\n\t\t\t\t\t\t\t\t\t<p class=\"\" data-start=\"282\" data-end=\"479\">La informaci\u00f3n publicada en The FitNest Hub tiene un prop\u00f3sito exclusivamente informativo y educativo.<br data-start=\"380\" data-end=\"383\" \/>No sustituye en ning\u00fan caso el consejo, diagn\u00f3stico o tratamiento de un profesional de la salud.<\/p>\n<p><\/p>\n<p class=\"\" data-start=\"481\" data-end=\"782\">Antes de comenzar cualquier programa de entrenamiento, actividad f\u00edsica o cambio en tu alimentaci\u00f3n, te recomendamos consultar con tu m\u00e9dico o con un profesional sanitario cualificado, especialmente si tienes alguna condici\u00f3n m\u00e9dica preexistente, enfermedades cr\u00f3nicas, lesiones o si est\u00e1s embarazada.<\/p>\n<p><\/p>\n<p class=\"\" data-start=\"784\" data-end=\"955\">Los autores, colaboradores y editores de este sitio no se hacen responsables de los posibles da\u00f1os o consecuencias derivados del uso inadecuado de la informaci\u00f3n ofrecida.<\/p>\n<p><\/p>\n<p class=\"\" data-start=\"957\" data-end=\"1084\">El usuario asume toda la responsabilidad al aplicar los consejos, ejercicios o indicaciones presentados en nuestros contenidos.<\/p>\n\t\t\t\t\t\t\t\t<\/div>\n\t\t\t\t<\/div>\n\t\t\t\t\t<\/div>\n\t\t<\/div>\n\t\t\t\t\t<\/div>\n\t\t<\/section>\n\t\t\t\t<\/div>\n\t\t","protected":false},"excerpt":{"rendered":"<p>AVISO M\u00c9DICO La informaci\u00f3n publicada en The FitNest Hub tiene un prop\u00f3sito exclusivamente informativo y educativo.No sustituye en ning\u00fan caso el consejo, diagn\u00f3stico o tratamiento de un profesional de la salud. Antes de comenzar cualquier programa de entrenamiento, actividad f\u00edsica o cambio en tu alimentaci\u00f3n, te recomendamos consultar con tu m\u00e9dico o con un profesional [&hellip;]<\/p>\n","protected":false},"author":1,"featured_media":0,"parent":0,"menu_order":0,"comment_status":"closed","ping_status":"closed","template":"elementor_header_footer","meta":{"footnotes":""},"class_list":["post-2920","page","type-page","status-publish","hentry"],"_wp_page_template":"elementor_header_footer","hostinger_preview_image_url":null,"hostinger_preview_image_id":null,"hostinger_preview_image_post_id":null,"hostinger_ai_post_meta_title":null,"hostinger_ai_post_meta_description":null,"hostinger_ai_post_meta_seo_keywords":null,"_wp_attached_file":null,"_wp_attachment_metadata":null,"_edit_last":null,"origin":null,"_thumbnail_id":null,"_wp_trash_meta_status":null,"_wp_trash_meta_time":null,"_wp_desired_post_slug":null,"_edit_lock":null,"yoast_head":"<!-- This site is optimized with the Yoast SEO plugin v27.4 - https:\/\/yoast.com\/product\/yoast-seo-wordpress\/ -->\n<title>Disclaimer Medico - The FitNest Hub<\/title>\n<meta name=\"robots\" content=\"index, follow, max-snippet:-1, max-image-preview:large, max-video-preview:-1\" \/>\n<link rel=\"canonical\" href=\"https:\/\/thefitnesthub.com\/es\/disclaimer-medico\/\" \/>\n<meta property=\"og:locale\" content=\"es_ES\" \/>\n<meta property=\"og:type\" content=\"article\" \/>\n<meta property=\"og:title\" content=\"Disclaimer Medico - The FitNest Hub\" \/>\n<meta property=\"og:description\" content=\"AVISO M\u00c9DICO La informaci\u00f3n publicada en The FitNest Hub tiene un prop\u00f3sito exclusivamente informativo y educativo.No sustituye en ning\u00fan caso el consejo, diagn\u00f3stico o tratamiento de un profesional de la salud. Antes de comenzar cualquier programa de entrenamiento, actividad f\u00edsica o cambio en tu alimentaci\u00f3n, te recomendamos consultar con tu m\u00e9dico o con un profesional [&hellip;]\" \/>\n<meta property=\"og:url\" content=\"https:\/\/thefitnesthub.com\/es\/disclaimer-medico\/\" \/>\n<meta property=\"og:site_name\" content=\"The FitNest Hub\" \/>\n<meta property=\"article:modified_time\" content=\"2025-04-03T20:15:27+00:00\" \/>\n<meta name=\"twitter:card\" content=\"summary_large_image\" \/>\n<meta name=\"twitter:label1\" content=\"Tiempo de lectura\" \/>\n\t<meta name=\"twitter:data1\" content=\"1 minuto\" \/>\n<script type=\"application\/ld+json\" class=\"yoast-schema-graph\">{\"@context\":\"https:\\\/\\\/schema.org\",\"@graph\":[{\"@type\":\"WebPage\",\"@id\":\"https:\\\/\\\/thefitnesthub.com\\\/es\\\/disclaimer-medico\\\/\",\"url\":\"https:\\\/\\\/thefitnesthub.com\\\/es\\\/disclaimer-medico\\\/\",\"name\":\"Disclaimer Medico - The FitNest Hub\",\"isPartOf\":{\"@id\":\"https:\\\/\\\/skyblue-rat-680472.hostingersite.com\\\/es\\\/#website\"},\"datePublished\":\"2025-03-27T01:12:16+00:00\",\"dateModified\":\"2025-04-03T20:15:27+00:00\",\"breadcrumb\":{\"@id\":\"https:\\\/\\\/thefitnesthub.com\\\/es\\\/disclaimer-medico\\\/#breadcrumb\"},\"inLanguage\":\"es\",\"potentialAction\":[{\"@type\":\"ReadAction\",\"target\":[\"https:\\\/\\\/thefitnesthub.com\\\/es\\\/disclaimer-medico\\\/\"]}]},{\"@type\":\"BreadcrumbList\",\"@id\":\"https:\\\/\\\/thefitnesthub.com\\\/es\\\/disclaimer-medico\\\/#breadcrumb\",\"itemListElement\":[{\"@type\":\"ListItem\",\"position\":1,\"name\":\"Home\",\"item\":\"https:\\\/\\\/skyblue-rat-680472.hostingersite.com\\\/es\\\/\"},{\"@type\":\"ListItem\",\"position\":2,\"name\":\"Disclaimer Medico\"}]},{\"@type\":\"WebSite\",\"@id\":\"https:\\\/\\\/skyblue-rat-680472.hostingersite.com\\\/es\\\/#website\",\"url\":\"https:\\\/\\\/skyblue-rat-680472.hostingersite.com\\\/es\\\/\",\"name\":\"The FitNest Hub\",\"description\":\"\",\"publisher\":{\"@id\":\"https:\\\/\\\/skyblue-rat-680472.hostingersite.com\\\/es\\\/#organization\"},\"potentialAction\":[{\"@type\":\"SearchAction\",\"target\":{\"@type\":\"EntryPoint\",\"urlTemplate\":\"https:\\\/\\\/skyblue-rat-680472.hostingersite.com\\\/es\\\/?s={search_term_string}\"},\"query-input\":{\"@type\":\"PropertyValueSpecification\",\"valueRequired\":true,\"valueName\":\"search_term_string\"}}],\"inLanguage\":\"es\"},{\"@type\":\"Organization\",\"@id\":\"https:\\\/\\\/skyblue-rat-680472.hostingersite.com\\\/es\\\/#organization\",\"name\":\"The FitNest Hub\",\"url\":\"https:\\\/\\\/skyblue-rat-680472.hostingersite.com\\\/es\\\/\",\"logo\":{\"@type\":\"ImageObject\",\"inLanguage\":\"es\",\"@id\":\"https:\\\/\\\/skyblue-rat-680472.hostingersite.com\\\/es\\\/#\\\/schema\\\/logo\\\/image\\\/\",\"url\":\"https:\\\/\\\/thefitnesthub.com\\\/wp-content\\\/uploads\\\/2025\\\/03\\\/favicon-solo-nera-1.png\",\"contentUrl\":\"https:\\\/\\\/thefitnesthub.com\\\/wp-content\\\/uploads\\\/2025\\\/03\\\/favicon-solo-nera-1.png\",\"width\":512,\"height\":512,\"caption\":\"The FitNest Hub\"},\"image\":{\"@id\":\"https:\\\/\\\/skyblue-rat-680472.hostingersite.com\\\/es\\\/#\\\/schema\\\/logo\\\/image\\\/\"}}]}<\/script>\n<!-- \/ Yoast SEO plugin. -->","yoast_head_json":{"title":"Disclaimer Medico - The FitNest Hub","robots":{"index":"index","follow":"follow","max-snippet":"max-snippet:-1","max-image-preview":"max-image-preview:large","max-video-preview":"max-video-preview:-1"},"canonical":"https:\/\/thefitnesthub.com\/es\/disclaimer-medico\/","og_locale":"es_ES","og_type":"article","og_title":"Disclaimer Medico - The FitNest Hub","og_description":"AVISO M\u00c9DICO La informaci\u00f3n publicada en The FitNest Hub tiene un prop\u00f3sito exclusivamente informativo y educativo.No sustituye en ning\u00fan caso el consejo, diagn\u00f3stico o tratamiento de un profesional de la salud. Antes de comenzar cualquier programa de entrenamiento, actividad f\u00edsica o cambio en tu alimentaci\u00f3n, te recomendamos consultar con tu m\u00e9dico o con un profesional [&hellip;]","og_url":"https:\/\/thefitnesthub.com\/es\/disclaimer-medico\/","og_site_name":"The FitNest Hub","article_modified_time":"2025-04-03T20:15:27+00:00","twitter_card":"summary_large_image","twitter_misc":{"Tiempo de lectura":"1 minuto"},"schema":{"@context":"https:\/\/schema.org","@graph":[{"@type":"WebPage","@id":"https:\/\/thefitnesthub.com\/es\/disclaimer-medico\/","url":"https:\/\/thefitnesthub.com\/es\/disclaimer-medico\/","name":"Disclaimer Medico - The FitNest Hub","isPartOf":{"@id":"https:\/\/skyblue-rat-680472.hostingersite.com\/es\/#website"},"datePublished":"2025-03-27T01:12:16+00:00","dateModified":"2025-04-03T20:15:27+00:00","breadcrumb":{"@id":"https:\/\/thefitnesthub.com\/es\/disclaimer-medico\/#breadcrumb"},"inLanguage":"es","potentialAction":[{"@type":"ReadAction","target":["https:\/\/thefitnesthub.com\/es\/disclaimer-medico\/"]}]},{"@type":"BreadcrumbList","@id":"https:\/\/thefitnesthub.com\/es\/disclaimer-medico\/#breadcrumb","itemListElement":[{"@type":"ListItem","position":1,"name":"Home","item":"https:\/\/skyblue-rat-680472.hostingersite.com\/es\/"},{"@type":"ListItem","position":2,"name":"Disclaimer Medico"}]},{"@type":"WebSite","@id":"https:\/\/skyblue-rat-680472.hostingersite.com\/es\/#website","url":"https:\/\/skyblue-rat-680472.hostingersite.com\/es\/","name":"The FitNest Hub","description":"","publisher":{"@id":"https:\/\/skyblue-rat-680472.hostingersite.com\/es\/#organization"},"potentialAction":[{"@type":"SearchAction","target":{"@type":"EntryPoint","urlTemplate":"https:\/\/skyblue-rat-680472.hostingersite.com\/es\/?s={search_term_string}"},"query-input":{"@type":"PropertyValueSpecification","valueRequired":true,"valueName":"search_term_string"}}],"inLanguage":"es"},{"@type":"Organization","@id":"https:\/\/skyblue-rat-680472.hostingersite.com\/es\/#organization","name":"The FitNest Hub","url":"https:\/\/skyblue-rat-680472.hostingersite.com\/es\/","logo":{"@type":"ImageObject","inLanguage":"es","@id":"https:\/\/skyblue-rat-680472.hostingersite.com\/es\/#\/schema\/logo\/image\/","url":"https:\/\/thefitnesthub.com\/wp-content\/uploads\/2025\/03\/favicon-solo-nera-1.png","contentUrl":"https:\/\/thefitnesthub.com\/wp-content\/uploads\/2025\/03\/favicon-solo-nera-1.png","width":512,"height":512,"caption":"The FitNest Hub"},"image":{"@id":"https:\/\/skyblue-rat-680472.hostingersite.com\/es\/#\/schema\/logo\/image\/"}}]}},"_links":{"self":[{"href":"https:\/\/thefitnesthub.com\/es\/wp-json\/wp\/v2\/pages\/2920","targetHints":{"allow":["GET"]}}],"collection":[{"href":"https:\/\/thefitnesthub.com\/es\/wp-json\/wp\/v2\/pages"}],"about":[{"href":"https:\/\/thefitnesthub.com\/es\/wp-json\/wp\/v2\/types\/page"}],"author":[{"embeddable":true,"href":"https:\/\/thefitnesthub.com\/es\/wp-json\/wp\/v2\/users\/1"}],"replies":[{"embeddable":true,"href":"https:\/\/thefitnesthub.com\/es\/wp-json\/wp\/v2\/comments?post=2920"}],"version-history":[{"count":1,"href":"https:\/\/thefitnesthub.com\/es\/wp-json\/wp\/v2\/pages\/2920\/revisions"}],"predecessor-version":[{"id":2921,"href":"https:\/\/thefitnesthub.com\/es\/wp-json\/wp\/v2\/pages\/2920\/revisions\/2921"}],"wp:attachment":[{"href":"https:\/\/thefitnesthub.com\/es\/wp-json\/wp\/v2\/media?parent=2920"}],"curies":[{"name":"wp","href":"https:\/\/api.w.org\/{rel}","templated":true}]}}