{"id":3462,"date":"2025-04-09T22:12:35","date_gmt":"2025-04-09T21:12:35","guid":{"rendered":"https:\/\/thefitnesthub.com\/cookie-policy\/"},"modified":"2025-04-09T22:28:18","modified_gmt":"2025-04-09T21:28:18","slug":"cookie-policy","status":"publish","type":"page","link":"https:\/\/thefitnesthub.com\/de\/cookie-policy\/","title":{"rendered":"Cookie Policy"},"content":{"rendered":"\t\t<div data-elementor-type=\"wp-page\" data-elementor-id=\"3462\" class=\"elementor elementor-3462 elementor-3441\" data-elementor-post-type=\"page\">\n\t\t\t\t\t\t<section class=\"elementor-section elementor-top-section elementor-element elementor-element-f6e99ff elementor-section-height-min-height elementor-section-boxed elementor-section-height-default elementor-section-items-middle\" data-id=\"f6e99ff\" data-element_type=\"section\" data-e-type=\"section\" data-settings=\"{&quot;background_background&quot;:&quot;classic&quot;}\">\n\t\t\t\t\t\t<div class=\"elementor-container elementor-column-gap-default\">\n\t\t\t\t\t<div class=\"elementor-column elementor-col-100 elementor-top-column elementor-element elementor-element-3b2a6ae\" data-id=\"3b2a6ae\" data-element_type=\"column\" data-e-type=\"column\">\n\t\t\t<div class=\"elementor-widget-wrap elementor-element-populated\">\n\t\t\t\t\t\t<div class=\"elementor-element elementor-element-80ebc49 elementor-widget elementor-widget-heading\" data-id=\"80ebc49\" data-element_type=\"widget\" data-e-type=\"widget\" data-widget_type=\"heading.default\">\n\t\t\t\t<div class=\"elementor-widget-container\">\n\t\t\t\t\t<h2 class=\"elementor-heading-title elementor-size-default\">COOKIE-RICHTLINIE<\/h2>\t\t\t\t<\/div>\n\t\t\t\t<\/div>\n\t\t\t\t<div class=\"elementor-element elementor-element-b6f1bc1 elementor-widget elementor-widget-text-editor\" data-id=\"b6f1bc1\" data-element_type=\"widget\" data-e-type=\"widget\" data-widget_type=\"text-editor.default\">\n\t\t\t\t<div class=\"elementor-widget-container\">\n\t\t\t\t\t\t\t\t\t<p class=\"\" data-start=\"94\" data-end=\"131\"><strong data-start=\"94\" data-end=\"131\">Letzte Aktualisierung: 01.04.2025<\/strong><\/p>\n<p><\/p>\n<p class=\"\" data-start=\"133\" data-end=\"150\"><strong data-start=\"133\" data-end=\"150\">1. Einf\u00fchrung<\/strong><\/p>\n<p><\/p>\n<p class=\"\" data-start=\"152\" data-end=\"414\">Dieses Dokument dient dazu, Sie \u00fcber die Verwendung von Cookies auf der Website von The FitNest Hub (<a class=\"\" href=\"https:\/\/thefitnesthub.com\/de\/\" target=\"_new\" rel=\"noopener\" data-start=\"253\" data-end=\"279\">https:\/\/thefitnesthub.com\/<\/a>) zu informieren. Wir verwenden Cookies, um das Nutzererlebnis zu verbessern und Informationen \u00fcber die Nutzung der Website zu sammeln.<\/p>\n<p><\/p>\n<p class=\"\" data-start=\"416\" data-end=\"440\"><strong data-start=\"416\" data-end=\"440\">2. Was sind Cookies?<\/strong><\/p>\n<p><\/p>\n<p class=\"\" data-start=\"442\" data-end=\"708\">Cookies sind kleine Textdateien, die auf Ihrem Ger\u00e4t (Computer, Tablet, Smartphone) gespeichert werden, wenn Sie eine Website besuchen. Diese Dateien erm\u00f6glichen es der Website, Ihr Ger\u00e4t zu erkennen und sich an Ihre Pr\u00e4ferenzen oder vergangene Aktionen zu erinnern.<\/p>\n<p><\/p>\n<p class=\"\" data-start=\"710\" data-end=\"746\"><strong data-start=\"710\" data-end=\"746\">3. Arten von verwendeten Cookies<\/strong><\/p>\n<p><\/p>\n<p class=\"\" data-start=\"748\" data-end=\"809\">Wir verwenden auf unserer Website folgende Arten von Cookies:<\/p>\n<p><\/p>\n<p class=\"\" data-start=\"811\" data-end=\"995\"><strong data-start=\"811\" data-end=\"844\">Technisch notwendige Cookies:<\/strong> Diese Cookies sind f\u00fcr den ordnungsgem\u00e4\u00dfen Betrieb der Website unerl\u00e4sslich und erm\u00f6glichen Ihnen die Navigation und Nutzung grundlegender Funktionen.<\/p>\n<p><\/p>\n<p class=\"\" data-start=\"997\" data-end=\"1196\"><strong data-start=\"997\" data-end=\"1039\">Analytische oder statistische Cookies:<\/strong> Diese Cookies sammeln Informationen \u00fcber die Nutzung der Website, wie z.\u202fB. besuchte Seiten oder Fehlermeldungen, um die Leistung der Website zu verbessern.<\/p>\n<p><\/p>\n<p class=\"\" data-start=\"1198\" data-end=\"1420\"><strong data-start=\"1198\" data-end=\"1220\">Funktions-Cookies:<\/strong> Diese Cookies erm\u00f6glichen es der Website, sich an von Ihnen getroffene Entscheidungen zu erinnern (z.\u202fB. Benutzername, Sprache oder Region) und erweiterte, personalisierte Funktionen bereitzustellen.<\/p>\n<p><\/p>\n<p class=\"\" data-start=\"1422\" data-end=\"1613\"><strong data-start=\"1422\" data-end=\"1460\">Marketing- oder Profiling-Cookies:<\/strong> Diese Cookies werden verwendet, um Besucher \u00fcber verschiedene Websites hinweg zu verfolgen, mit dem Ziel, relevante und ansprechende Werbung anzuzeigen.<\/p>\n<p><\/p>\n<p class=\"\" data-start=\"1615\" data-end=\"1648\"><strong data-start=\"1615\" data-end=\"1648\">4. Cookies von Drittanbietern<\/strong><\/p>\n<p><\/p>\n<p class=\"\" data-start=\"1650\" data-end=\"1961\">Einige Cookies k\u00f6nnen von Drittanbietern gesetzt werden, deren Dienste auf unseren Seiten eingebunden sind, wie z.\u202fB. Social-Media-Sharing-Buttons oder eingebettete Inhalte. Wir haben keinen Einfluss auf diese Cookies. Weitere Informationen finden Sie in den Datenschutzrichtlinien der jeweiligen Drittanbieter.<\/p>\n<p><\/p>\n<p class=\"\" data-start=\"1963\" data-end=\"1992\"><strong data-start=\"1963\" data-end=\"1992\">5. Verwaltung von Cookies<\/strong><\/p>\n<p><\/p>\n<p class=\"\" data-start=\"1994\" data-end=\"2303\">Beim ersten Besuch unserer Website wird Ihnen ein Hinweisbanner zur Verwendung von Cookies angezeigt. Sie k\u00f6nnen dort alle Cookies akzeptieren, ablehnen oder Ihre Einstellungen individuell anpassen. Sie k\u00f6nnen Ihre Cookie-Einstellungen jederzeit \u00fcber den Bereich \u201eCookie-Einstellungen\u201c auf der Website \u00e4ndern.<\/p>\n<p><\/p>\n<p class=\"\" data-start=\"2305\" data-end=\"2566\">Dar\u00fcber hinaus erm\u00f6glichen die meisten Browser die Verwaltung und Kontrolle von Cookies \u00fcber die Browsereinstellungen. Bitte beachten Sie, dass das Deaktivieren von Cookies die Funktionalit\u00e4t der Website beeintr\u00e4chtigen und Ihr Nutzererlebnis einschr\u00e4nken kann.<\/p>\n<p><\/p>\n<p class=\"\" data-start=\"2568\" data-end=\"2598\"><strong data-start=\"2568\" data-end=\"2598\">6. Lebensdauer der Cookies<\/strong><\/p>\n<p><\/p>\n<p class=\"\" data-start=\"2600\" data-end=\"2670\">Cookies k\u00f6nnen unterschiedliche Lebensdauern haben. Man unterscheidet:<\/p>\n<p><\/p>\n<p class=\"\" data-start=\"2672\" data-end=\"2755\"><strong data-start=\"2672\" data-end=\"2692\">Sitzungscookies:<\/strong> Diese werden beim Schlie\u00dfen des Browsers automatisch gel\u00f6scht.<\/p>\n<p><\/p>\n<p class=\"\" data-start=\"2757\" data-end=\"2871\"><strong data-start=\"2757\" data-end=\"2781\">Persistente Cookies:<\/strong> Diese bleiben auf Ihrem Ger\u00e4t gespeichert, bis sie ablaufen oder manuell gel\u00f6scht werden.<\/p>\n<p><\/p>\n<p class=\"\" data-start=\"2873\" data-end=\"2915\"><strong data-start=\"2873\" data-end=\"2915\">7. \u00c4nderungen dieser Cookie-Richtlinie<\/strong><\/p>\n<p><\/p>\n<p class=\"\" data-start=\"2917\" data-end=\"3198\">Wir behalten uns das Recht vor, diese Cookie-Richtlinie zu \u00e4ndern. Alle \u00c4nderungen werden auf dieser Seite unter Angabe des Datums der letzten Aktualisierung ver\u00f6ffentlicht. Wir empfehlen, diese Seite regelm\u00e4\u00dfig zu besuchen, um \u00fcber m\u00f6gliche Aktualisierungen informiert zu bleiben.<\/p>\n<p><\/p>\n<p class=\"\" data-start=\"3200\" data-end=\"3214\"><strong data-start=\"3200\" data-end=\"3214\">8. Kontakt<\/strong><\/p>\n<p><\/p>\n<p class=\"\" data-start=\"3216\" data-end=\"3337\">Wenn Sie Fragen oder Anfragen zu dieser Cookie-Richtlinie haben, kontaktieren Sie uns bitte unter <a rel=\"noopener\" data-start=\"3314\" data-end=\"3336\">info@thefitnesthub.com<\/a>.<\/p>\n\t\t\t\t\t\t\t\t<\/div>\n\t\t\t\t<\/div>\n\t\t\t\t\t<\/div>\n\t\t<\/div>\n\t\t\t\t\t<\/div>\n\t\t<\/section>\n\t\t\t\t<\/div>\n\t\t","protected":false},"excerpt":{"rendered":"<p>COOKIE-RICHTLINIE Letzte Aktualisierung: 01.04.2025 1. Einf\u00fchrung Dieses Dokument dient dazu, Sie \u00fcber die Verwendung von Cookies auf der Website von The FitNest Hub (https:\/\/thefitnesthub.com\/) zu informieren. Wir verwenden Cookies, um das Nutzererlebnis zu verbessern und Informationen \u00fcber die Nutzung der Website zu sammeln. 2. Was sind Cookies? Cookies sind kleine Textdateien, die auf Ihrem Ger\u00e4t [&hellip;]<\/p>\n","protected":false},"author":1,"featured_media":0,"parent":0,"menu_order":0,"comment_status":"closed","ping_status":"closed","template":"elementor_header_footer","meta":{"footnotes":""},"class_list":["post-3462","page","type-page","status-publish","hentry"],"_wp_page_template":"elementor_header_footer","hostinger_preview_image_url":null,"hostinger_preview_image_id":null,"hostinger_preview_image_post_id":null,"hostinger_ai_post_meta_title":null,"hostinger_ai_post_meta_description":null,"hostinger_ai_post_meta_seo_keywords":null,"_wp_attached_file":null,"_wp_attachment_metadata":null,"_edit_last":null,"origin":null,"_thumbnail_id":null,"_wp_trash_meta_status":null,"_wp_trash_meta_time":null,"_wp_desired_post_slug":null,"_edit_lock":null,"yoast_head":"<!-- This site is optimized with the Yoast SEO plugin v27.4 - https:\/\/yoast.com\/product\/yoast-seo-wordpress\/ -->\n<title>Cookie Policy - The FitNest Hub<\/title>\n<meta name=\"robots\" content=\"index, follow, max-snippet:-1, max-image-preview:large, max-video-preview:-1\" \/>\n<link rel=\"canonical\" href=\"https:\/\/thefitnesthub.com\/de\/cookie-policy\/\" \/>\n<meta property=\"og:locale\" content=\"de_DE\" \/>\n<meta property=\"og:type\" content=\"article\" \/>\n<meta property=\"og:title\" content=\"Cookie Policy - The FitNest Hub\" \/>\n<meta property=\"og:description\" content=\"COOKIE-RICHTLINIE Letzte Aktualisierung: 01.04.2025 1. Einf\u00fchrung Dieses Dokument dient dazu, Sie \u00fcber die Verwendung von Cookies auf der Website von The FitNest Hub (https:\/\/thefitnesthub.com\/) zu informieren. Wir verwenden Cookies, um das Nutzererlebnis zu verbessern und Informationen \u00fcber die Nutzung der Website zu sammeln. 2. Was sind Cookies? Cookies sind kleine Textdateien, die auf Ihrem Ger\u00e4t [&hellip;]\" \/>\n<meta property=\"og:url\" content=\"https:\/\/thefitnesthub.com\/de\/cookie-policy\/\" \/>\n<meta property=\"og:site_name\" content=\"The FitNest Hub\" \/>\n<meta property=\"article:modified_time\" content=\"2025-04-09T21:28:18+00:00\" \/>\n<meta name=\"twitter:card\" content=\"summary_large_image\" \/>\n<meta name=\"twitter:label1\" content=\"Gesch\u00e4tzte Lesezeit\" \/>\n\t<meta name=\"twitter:data1\" content=\"2\u00a0Minuten\" \/>\n<script type=\"application\/ld+json\" class=\"yoast-schema-graph\">{\"@context\":\"https:\\\/\\\/schema.org\",\"@graph\":[{\"@type\":\"WebPage\",\"@id\":\"https:\\\/\\\/thefitnesthub.com\\\/de\\\/cookie-policy\\\/\",\"url\":\"https:\\\/\\\/thefitnesthub.com\\\/de\\\/cookie-policy\\\/\",\"name\":\"Cookie Policy - The FitNest Hub\",\"isPartOf\":{\"@id\":\"https:\\\/\\\/skyblue-rat-680472.hostingersite.com\\\/es\\\/#website\"},\"datePublished\":\"2025-04-09T21:12:35+00:00\",\"dateModified\":\"2025-04-09T21:28:18+00:00\",\"breadcrumb\":{\"@id\":\"https:\\\/\\\/thefitnesthub.com\\\/de\\\/cookie-policy\\\/#breadcrumb\"},\"inLanguage\":\"de\",\"potentialAction\":[{\"@type\":\"ReadAction\",\"target\":[\"https:\\\/\\\/thefitnesthub.com\\\/de\\\/cookie-policy\\\/\"]}]},{\"@type\":\"BreadcrumbList\",\"@id\":\"https:\\\/\\\/thefitnesthub.com\\\/de\\\/cookie-policy\\\/#breadcrumb\",\"itemListElement\":[{\"@type\":\"ListItem\",\"position\":1,\"name\":\"Home\",\"item\":\"https:\\\/\\\/thefitnesthub.com\\\/de\\\/\"},{\"@type\":\"ListItem\",\"position\":2,\"name\":\"Cookie Policy\"}]},{\"@type\":\"WebSite\",\"@id\":\"https:\\\/\\\/skyblue-rat-680472.hostingersite.com\\\/es\\\/#website\",\"url\":\"https:\\\/\\\/skyblue-rat-680472.hostingersite.com\\\/es\\\/\",\"name\":\"The FitNest Hub\",\"description\":\"\",\"publisher\":{\"@id\":\"https:\\\/\\\/skyblue-rat-680472.hostingersite.com\\\/es\\\/#organization\"},\"potentialAction\":[{\"@type\":\"SearchAction\",\"target\":{\"@type\":\"EntryPoint\",\"urlTemplate\":\"https:\\\/\\\/skyblue-rat-680472.hostingersite.com\\\/es\\\/?s={search_term_string}\"},\"query-input\":{\"@type\":\"PropertyValueSpecification\",\"valueRequired\":true,\"valueName\":\"search_term_string\"}}],\"inLanguage\":\"de\"},{\"@type\":\"Organization\",\"@id\":\"https:\\\/\\\/skyblue-rat-680472.hostingersite.com\\\/es\\\/#organization\",\"name\":\"The FitNest Hub\",\"url\":\"https:\\\/\\\/skyblue-rat-680472.hostingersite.com\\\/es\\\/\",\"logo\":{\"@type\":\"ImageObject\",\"inLanguage\":\"de\",\"@id\":\"https:\\\/\\\/skyblue-rat-680472.hostingersite.com\\\/es\\\/#\\\/schema\\\/logo\\\/image\\\/\",\"url\":\"https:\\\/\\\/thefitnesthub.com\\\/wp-content\\\/uploads\\\/2025\\\/03\\\/favicon-solo-nera-1.png\",\"contentUrl\":\"https:\\\/\\\/thefitnesthub.com\\\/wp-content\\\/uploads\\\/2025\\\/03\\\/favicon-solo-nera-1.png\",\"width\":512,\"height\":512,\"caption\":\"The FitNest Hub\"},\"image\":{\"@id\":\"https:\\\/\\\/skyblue-rat-680472.hostingersite.com\\\/es\\\/#\\\/schema\\\/logo\\\/image\\\/\"}}]}<\/script>\n<!-- \/ Yoast SEO plugin. -->","yoast_head_json":{"title":"Cookie Policy - The FitNest Hub","robots":{"index":"index","follow":"follow","max-snippet":"max-snippet:-1","max-image-preview":"max-image-preview:large","max-video-preview":"max-video-preview:-1"},"canonical":"https:\/\/thefitnesthub.com\/de\/cookie-policy\/","og_locale":"de_DE","og_type":"article","og_title":"Cookie Policy - The FitNest Hub","og_description":"COOKIE-RICHTLINIE Letzte Aktualisierung: 01.04.2025 1. Einf\u00fchrung Dieses Dokument dient dazu, Sie \u00fcber die Verwendung von Cookies auf der Website von The FitNest Hub (https:\/\/thefitnesthub.com\/) zu informieren. Wir verwenden Cookies, um das Nutzererlebnis zu verbessern und Informationen \u00fcber die Nutzung der Website zu sammeln. 2. Was sind Cookies? Cookies sind kleine Textdateien, die auf Ihrem Ger\u00e4t [&hellip;]","og_url":"https:\/\/thefitnesthub.com\/de\/cookie-policy\/","og_site_name":"The FitNest Hub","article_modified_time":"2025-04-09T21:28:18+00:00","twitter_card":"summary_large_image","twitter_misc":{"Gesch\u00e4tzte Lesezeit":"2\u00a0Minuten"},"schema":{"@context":"https:\/\/schema.org","@graph":[{"@type":"WebPage","@id":"https:\/\/thefitnesthub.com\/de\/cookie-policy\/","url":"https:\/\/thefitnesthub.com\/de\/cookie-policy\/","name":"Cookie Policy - The FitNest Hub","isPartOf":{"@id":"https:\/\/skyblue-rat-680472.hostingersite.com\/es\/#website"},"datePublished":"2025-04-09T21:12:35+00:00","dateModified":"2025-04-09T21:28:18+00:00","breadcrumb":{"@id":"https:\/\/thefitnesthub.com\/de\/cookie-policy\/#breadcrumb"},"inLanguage":"de","potentialAction":[{"@type":"ReadAction","target":["https:\/\/thefitnesthub.com\/de\/cookie-policy\/"]}]},{"@type":"BreadcrumbList","@id":"https:\/\/thefitnesthub.com\/de\/cookie-policy\/#breadcrumb","itemListElement":[{"@type":"ListItem","position":1,"name":"Home","item":"https:\/\/thefitnesthub.com\/de\/"},{"@type":"ListItem","position":2,"name":"Cookie Policy"}]},{"@type":"WebSite","@id":"https:\/\/skyblue-rat-680472.hostingersite.com\/es\/#website","url":"https:\/\/skyblue-rat-680472.hostingersite.com\/es\/","name":"The FitNest Hub","description":"","publisher":{"@id":"https:\/\/skyblue-rat-680472.hostingersite.com\/es\/#organization"},"potentialAction":[{"@type":"SearchAction","target":{"@type":"EntryPoint","urlTemplate":"https:\/\/skyblue-rat-680472.hostingersite.com\/es\/?s={search_term_string}"},"query-input":{"@type":"PropertyValueSpecification","valueRequired":true,"valueName":"search_term_string"}}],"inLanguage":"de"},{"@type":"Organization","@id":"https:\/\/skyblue-rat-680472.hostingersite.com\/es\/#organization","name":"The FitNest Hub","url":"https:\/\/skyblue-rat-680472.hostingersite.com\/es\/","logo":{"@type":"ImageObject","inLanguage":"de","@id":"https:\/\/skyblue-rat-680472.hostingersite.com\/es\/#\/schema\/logo\/image\/","url":"https:\/\/thefitnesthub.com\/wp-content\/uploads\/2025\/03\/favicon-solo-nera-1.png","contentUrl":"https:\/\/thefitnesthub.com\/wp-content\/uploads\/2025\/03\/favicon-solo-nera-1.png","width":512,"height":512,"caption":"The FitNest Hub"},"image":{"@id":"https:\/\/skyblue-rat-680472.hostingersite.com\/es\/#\/schema\/logo\/image\/"}}]}},"_links":{"self":[{"href":"https:\/\/thefitnesthub.com\/de\/wp-json\/wp\/v2\/pages\/3462","targetHints":{"allow":["GET"]}}],"collection":[{"href":"https:\/\/thefitnesthub.com\/de\/wp-json\/wp\/v2\/pages"}],"about":[{"href":"https:\/\/thefitnesthub.com\/de\/wp-json\/wp\/v2\/types\/page"}],"author":[{"embeddable":true,"href":"https:\/\/thefitnesthub.com\/de\/wp-json\/wp\/v2\/users\/1"}],"replies":[{"embeddable":true,"href":"https:\/\/thefitnesthub.com\/de\/wp-json\/wp\/v2\/comments?post=3462"}],"version-history":[{"count":1,"href":"https:\/\/thefitnesthub.com\/de\/wp-json\/wp\/v2\/pages\/3462\/revisions"}],"predecessor-version":[{"id":3463,"href":"https:\/\/thefitnesthub.com\/de\/wp-json\/wp\/v2\/pages\/3462\/revisions\/3463"}],"wp:attachment":[{"href":"https:\/\/thefitnesthub.com\/de\/wp-json\/wp\/v2\/media?parent=3462"}],"curies":[{"name":"wp","href":"https:\/\/api.w.org\/{rel}","templated":true}]}}