{"id":3454,"date":"2025-03-17T20:35:22","date_gmt":"2025-03-17T19:35:22","guid":{"rendered":"https:\/\/thefitnesthub.com\/datenschutzerklaerung\/"},"modified":"2025-04-09T22:23:40","modified_gmt":"2025-04-09T21:23:40","slug":"datenschutzerklaerung","status":"publish","type":"page","link":"https:\/\/thefitnesthub.com\/de\/datenschutzerklaerung\/","title":{"rendered":"Datenschutzerkl\u00e4rung"},"content":{"rendered":"\t\t<div data-elementor-type=\"wp-page\" data-elementor-id=\"3454\" class=\"elementor elementor-3454 elementor-3\" data-elementor-post-type=\"page\">\n\t\t\t\t\t\t<section class=\"elementor-section elementor-top-section elementor-element elementor-element-aec6aff elementor-section-height-min-height elementor-section-boxed elementor-section-height-default elementor-section-items-middle\" data-id=\"aec6aff\" data-element_type=\"section\" data-e-type=\"section\" data-settings=\"{&quot;background_background&quot;:&quot;classic&quot;}\">\n\t\t\t\t\t\t<div class=\"elementor-container elementor-column-gap-default\">\n\t\t\t\t\t<div class=\"elementor-column elementor-col-100 elementor-top-column elementor-element elementor-element-f43ddd9\" data-id=\"f43ddd9\" data-element_type=\"column\" data-e-type=\"column\">\n\t\t\t<div class=\"elementor-widget-wrap elementor-element-populated\">\n\t\t\t\t\t\t<div class=\"elementor-element elementor-element-f502215 elementor-widget elementor-widget-heading\" data-id=\"f502215\" data-element_type=\"widget\" data-e-type=\"widget\" data-widget_type=\"heading.default\">\n\t\t\t\t<div class=\"elementor-widget-container\">\n\t\t\t\t\t<h2 class=\"elementor-heading-title elementor-size-default\">DATENSCHUTZERKKL\u00c4RUNG<\/h2>\t\t\t\t<\/div>\n\t\t\t\t<\/div>\n\t\t\t\t<div class=\"elementor-element elementor-element-4be98a9 elementor-widget elementor-widget-text-editor\" data-id=\"4be98a9\" data-element_type=\"widget\" data-e-type=\"widget\" data-widget_type=\"text-editor.default\">\n\t\t\t\t<div class=\"elementor-widget-container\">\n\t\t\t\t\t\t\t\t\t<p class=\"\" data-start=\"107\" data-end=\"144\"><strong data-start=\"107\" data-end=\"144\">Letzte Aktualisierung: 01.04.2025<\/strong><\/p><br><p class=\"\" data-start=\"146\" data-end=\"163\"><strong data-start=\"146\" data-end=\"163\">1. Einleitung<\/strong><\/p><br><p class=\"\" data-start=\"165\" data-end=\"414\">Willkommen bei The FitNest Hub. Der Schutz Ihrer Privatsph\u00e4re ist uns wichtig. Diese Datenschutzerkl\u00e4rung beschreibt, wie wir Ihre personenbezogenen Daten erfassen, verwenden und sch\u00fctzen, wenn Sie unsere Website <a class=\"\" href=\"https:\/\/thefitnesthub.com\/de\/\" target=\"_new\" rel=\"noopener\" data-start=\"378\" data-end=\"404\">https:\/\/thefitnesthub.com\/<\/a> besuchen.<\/p><br><p class=\"\" data-start=\"416\" data-end=\"454\"><strong data-start=\"416\" data-end=\"454\">2. Erhobene personenbezogene Daten<\/strong><\/p><br><p class=\"\" data-start=\"456\" data-end=\"507\">Wir erfassen die folgenden personenbezogenen Daten:<\/p><br><p class=\"\" data-start=\"509\" data-end=\"733\"><strong data-start=\"509\" data-end=\"546\">Freiwillig bereitgestellte Daten:<\/strong> Wenn Sie Formulare auf unserer Website ausf\u00fcllen, z.\u202fB. zur Anmeldung f\u00fcr den Newsletter oder f\u00fcr eine Kontaktanfrage, erfassen wir Informationen wie Ihren Namen und Ihre E-Mail-Adresse.<\/p><br><p class=\"\" data-start=\"735\" data-end=\"1000\"><strong data-start=\"735\" data-end=\"753\">Nutzungsdaten:<\/strong> Wir erfassen standardm\u00e4\u00dfige Server-Log-Informationen, wie IP-Adresse, Browsertyp, besuchte Seiten und Verweildauer auf unserer Website. Diese Daten helfen uns, die Nutzererfahrung zu verbessern und die Nutzung unserer Website besser zu verstehen.<\/p><br><p class=\"\" data-start=\"1002\" data-end=\"1053\"><strong data-start=\"1002\" data-end=\"1053\">3. Zwecke und Rechtsgrundlagen der Verarbeitung<\/strong><\/p><br><p class=\"\" data-start=\"1055\" data-end=\"1173\">Wir verwenden Ihre personenbezogenen Daten zu folgenden Zwecken auf der Grundlage der entsprechenden Rechtsgrundlagen:<\/p><br><p class=\"\" data-start=\"1175\" data-end=\"1369\"><strong data-start=\"1175\" data-end=\"1216\">Erbringung der angeforderten Dienste:<\/strong> Um Ihre Anfragen zu beantworten oder Ihnen Informationen bereitzustellen.<br data-start=\"1290\" data-end=\"1293\" \/><em data-start=\"1293\" data-end=\"1369\">Rechtsgrundlage: Erf\u00fcllung eines Vertrags oder vorvertraglicher Ma\u00dfnahmen.<\/em><\/p><br><p class=\"\" data-start=\"1371\" data-end=\"1532\"><strong data-start=\"1371\" data-end=\"1391\">Direktmarketing:<\/strong> Um Ihnen Werbemitteilungen zuzusenden, sofern Sie ausdr\u00fccklich eingewilligt haben.<br data-start=\"1474\" data-end=\"1477\" \/><em data-start=\"1477\" data-end=\"1532\">Rechtsgrundlage: Einwilligung der betroffenen Person.<\/em><\/p><br><p class=\"\" data-start=\"1534\" data-end=\"1681\"><strong data-start=\"1534\" data-end=\"1558\">Website-Optimierung:<\/strong> Zur Analyse der Nutzung unserer Website und zur Verbesserung unserer Dienste.<br data-start=\"1636\" data-end=\"1639\" \/><em data-start=\"1639\" data-end=\"1681\">Rechtsgrundlage: Berechtigtes Interesse.<\/em><\/p><br><p class=\"\" data-start=\"1683\" data-end=\"1711\"><strong data-start=\"1683\" data-end=\"1711\">4. Speicherung der Daten<\/strong><\/p><br><p class=\"\" data-start=\"1713\" data-end=\"1936\">Wir speichern Ihre personenbezogenen Daten so lange, wie es f\u00fcr die Erf\u00fcllung der Zwecke, f\u00fcr die sie erhoben wurden, erforderlich ist, sofern keine gesetzlichen Aufbewahrungspflichten eine l\u00e4ngere Speicherung vorschreiben.<\/p><br><p class=\"\" data-start=\"1938\" data-end=\"1965\"><strong data-start=\"1938\" data-end=\"1965\">5. Weitergabe von Daten<\/strong><\/p><br><p class=\"\" data-start=\"1967\" data-end=\"2307\">Wir verkaufen oder vermieten Ihre personenbezogenen Daten nicht an Dritte. Wir k\u00f6nnen Ihre Daten jedoch mit Dienstleistern teilen, die uns bei unseren Gesch\u00e4ftsabl\u00e4ufen unterst\u00fctzen (z.\u202fB. Hosting- oder E-Mail-Marketing-Dienste), wobei wir sicherstellen, dass diese die geltenden Datenschutzgesetze und diese Datenschutzerkl\u00e4rung einhalten.<\/p><br><p class=\"\" data-start=\"2309\" data-end=\"2349\"><strong data-start=\"2309\" data-end=\"2349\">6. Internationale Daten\u00fcbertragungen<\/strong><\/p><br><p class=\"\" data-start=\"2351\" data-end=\"2537\">Wenn wir Ihre personenbezogenen Daten au\u00dferhalb des Europ\u00e4ischen Wirtschaftsraums (EWR) \u00fcbertragen, stellen wir sicher, dass angemessene Schutzma\u00dfnahmen gem\u00e4\u00df der DSGVO getroffen werden.<\/p><br><p class=\"\" data-start=\"2539\" data-end=\"2557\"><strong data-start=\"2539\" data-end=\"2557\">7. Ihre Rechte<\/strong><\/p><br><p class=\"\" data-start=\"2559\" data-end=\"2595\">Gem\u00e4\u00df der DSGVO haben Sie das Recht:<\/p><br><br><ul data-start=\"2597\" data-end=\"3052\">\r\n \t<li class=\"\" data-start=\"2597\" data-end=\"2677\">\r\n<p class=\"\" data-start=\"2599\" data-end=\"2677\">Auf Ihre personenbezogenen Daten zuzugreifen und eine Kopie davon zu erhalten.<\/p>\r\n<\/li>\r\n \t<li class=\"\" data-start=\"2678\" data-end=\"2736\">\r\n<p class=\"\" data-start=\"2680\" data-end=\"2736\">Die Berichtigung oder L\u00f6schung Ihrer Daten zu verlangen.<\/p>\r\n<\/li>\r\n \t<li class=\"\" data-start=\"2737\" data-end=\"2822\">\r\n<p class=\"\" data-start=\"2739\" data-end=\"2822\">Der Verarbeitung Ihrer Daten zu widersprechen oder eine Einschr\u00e4nkung zu verlangen.<\/p>\r\n<\/li>\r\n \t<li class=\"\" data-start=\"2823\" data-end=\"2870\">\r\n<p class=\"\" data-start=\"2825\" data-end=\"2870\">Die \u00dcbertragbarkeit Ihrer Daten zu verlangen.<\/p>\r\n<\/li>\r\n \t<li class=\"\" data-start=\"2871\" data-end=\"2993\">\r\n<p class=\"\" data-start=\"2873\" data-end=\"2993\">Ihre Einwilligung jederzeit zu widerrufen, ohne die Rechtm\u00e4\u00dfigkeit der Verarbeitung bis zum Widerruf zu beeintr\u00e4chtigen.<\/p>\r\n<\/li>\r\n \t<li class=\"\" data-start=\"2994\" data-end=\"3052\">\r\n<p class=\"\" data-start=\"2996\" data-end=\"3052\">Eine Beschwerde bei einer Aufsichtsbeh\u00f6rde einzureichen.<\/p>\r\n<\/li>\r\n<\/ul><br><p class=\"\" data-start=\"3054\" data-end=\"3150\">Um diese Rechte auszu\u00fcben, kontaktieren Sie uns bitte unter der oben angegebenen E-Mail-Adresse.<\/p><br><p class=\"\" data-start=\"3152\" data-end=\"3174\"><strong data-start=\"3152\" data-end=\"3174\">8. Datensicherheit<\/strong><\/p><br><p class=\"\" data-start=\"3176\" data-end=\"3335\">Wir ergreifen geeignete technische und organisatorische Ma\u00dfnahmen, um Ihre personenbezogenen Daten vor unbefugtem Zugriff, Verlust oder Zerst\u00f6rung zu sch\u00fctzen.<\/p><br><p class=\"\" data-start=\"3337\" data-end=\"3382\"><strong data-start=\"3337\" data-end=\"3382\">9. \u00c4nderungen dieser Datenschutzerkl\u00e4rung<\/strong><\/p><br><p class=\"\" data-start=\"3384\" data-end=\"3670\">Wir behalten uns das Recht vor, diese Datenschutzerkl\u00e4rung zu aktualisieren. \u00c4nderungen werden auf dieser Seite mit dem Datum der letzten Aktualisierung ver\u00f6ffentlicht. Wir empfehlen Ihnen, diese Seite regelm\u00e4\u00dfig zu besuchen, um sich dar\u00fcber zu informieren, wie wir Ihre Daten sch\u00fctzen.<\/p><br><p class=\"\" data-start=\"3672\" data-end=\"3687\"><strong data-start=\"3672\" data-end=\"3687\">10. Kontakt<\/strong><\/p><br><p class=\"\" data-start=\"3689\" data-end=\"3875\">Wenn Sie Fragen oder Bedenken hinsichtlich dieser Datenschutzerkl\u00e4rung oder der Verarbeitung Ihrer personenbezogenen Daten haben, kontaktieren Sie uns bitte unter <a rel=\"noopener\" data-start=\"3852\" data-end=\"3874\">info@thefitnesthub.com<\/a>.<\/p>\t\t\t\t\t\t\t\t<\/div>\n\t\t\t\t<\/div>\n\t\t\t\t\t<\/div>\n\t\t<\/div>\n\t\t\t\t\t<\/div>\n\t\t<\/section>\n\t\t\t\t<\/div>\n\t\t","protected":false},"excerpt":{"rendered":"<p>DATENSCHUTZERKKL\u00c4RUNG Letzte Aktualisierung: 01.04.2025 1. Einleitung Willkommen bei The FitNest Hub. Der Schutz Ihrer Privatsph\u00e4re ist uns wichtig. Diese Datenschutzerkl\u00e4rung beschreibt, wie wir Ihre personenbezogenen Daten erfassen, verwenden und sch\u00fctzen, wenn Sie unsere Website https:\/\/thefitnesthub.com\/ besuchen. 2. Erhobene personenbezogene Daten Wir erfassen die folgenden personenbezogenen Daten: Freiwillig bereitgestellte Daten: Wenn Sie Formulare auf unserer Website [&hellip;]<\/p>\n","protected":false},"author":1,"featured_media":0,"parent":0,"menu_order":0,"comment_status":"closed","ping_status":"closed","template":"elementor_header_footer","meta":{"footnotes":""},"class_list":["post-3454","page","type-page","status-publish","hentry"],"_wp_page_template":"elementor_header_footer","hostinger_preview_image_url":null,"hostinger_preview_image_id":null,"hostinger_preview_image_post_id":null,"hostinger_ai_post_meta_title":null,"hostinger_ai_post_meta_description":null,"hostinger_ai_post_meta_seo_keywords":null,"_wp_attached_file":null,"_wp_attachment_metadata":null,"_edit_last":null,"origin":null,"_thumbnail_id":null,"_wp_trash_meta_status":null,"_wp_trash_meta_time":null,"_wp_desired_post_slug":null,"_edit_lock":null,"yoast_head":"<!-- This site is optimized with the Yoast SEO plugin v27.4 - https:\/\/yoast.com\/product\/yoast-seo-wordpress\/ -->\n<title>Datenschutzerkl\u00e4rung - The FitNest Hub<\/title>\n<meta name=\"robots\" content=\"index, follow, max-snippet:-1, max-image-preview:large, max-video-preview:-1\" \/>\n<link rel=\"canonical\" href=\"https:\/\/thefitnesthub.com\/de\/datenschutzerklaerung\/\" \/>\n<meta property=\"og:locale\" content=\"de_DE\" \/>\n<meta property=\"og:type\" content=\"article\" \/>\n<meta property=\"og:title\" content=\"Datenschutzerkl\u00e4rung - The FitNest Hub\" \/>\n<meta property=\"og:description\" content=\"DATENSCHUTZERKKL\u00c4RUNG Letzte Aktualisierung: 01.04.2025 1. Einleitung Willkommen bei The FitNest Hub. Der Schutz Ihrer Privatsph\u00e4re ist uns wichtig. Diese Datenschutzerkl\u00e4rung beschreibt, wie wir Ihre personenbezogenen Daten erfassen, verwenden und sch\u00fctzen, wenn Sie unsere Website https:\/\/thefitnesthub.com\/ besuchen. 2. Erhobene personenbezogene Daten Wir erfassen die folgenden personenbezogenen Daten: Freiwillig bereitgestellte Daten: Wenn Sie Formulare auf unserer Website [&hellip;]\" \/>\n<meta property=\"og:url\" content=\"https:\/\/thefitnesthub.com\/de\/datenschutzerklaerung\/\" \/>\n<meta property=\"og:site_name\" content=\"The FitNest Hub\" \/>\n<meta property=\"article:modified_time\" content=\"2025-04-09T21:23:40+00:00\" \/>\n<meta name=\"twitter:card\" content=\"summary_large_image\" \/>\n<meta name=\"twitter:label1\" content=\"Gesch\u00e4tzte Lesezeit\" \/>\n\t<meta name=\"twitter:data1\" content=\"2\u00a0Minuten\" \/>\n<script type=\"application\/ld+json\" class=\"yoast-schema-graph\">{\"@context\":\"https:\\\/\\\/schema.org\",\"@graph\":[{\"@type\":\"WebPage\",\"@id\":\"https:\\\/\\\/thefitnesthub.com\\\/de\\\/datenschutzerklaerung\\\/\",\"url\":\"https:\\\/\\\/thefitnesthub.com\\\/de\\\/datenschutzerklaerung\\\/\",\"name\":\"Datenschutzerkl\u00e4rung - The FitNest Hub\",\"isPartOf\":{\"@id\":\"https:\\\/\\\/skyblue-rat-680472.hostingersite.com\\\/es\\\/#website\"},\"datePublished\":\"2025-03-17T19:35:22+00:00\",\"dateModified\":\"2025-04-09T21:23:40+00:00\",\"breadcrumb\":{\"@id\":\"https:\\\/\\\/thefitnesthub.com\\\/de\\\/datenschutzerklaerung\\\/#breadcrumb\"},\"inLanguage\":\"de\",\"potentialAction\":[{\"@type\":\"ReadAction\",\"target\":[\"https:\\\/\\\/thefitnesthub.com\\\/de\\\/datenschutzerklaerung\\\/\"]}]},{\"@type\":\"BreadcrumbList\",\"@id\":\"https:\\\/\\\/thefitnesthub.com\\\/de\\\/datenschutzerklaerung\\\/#breadcrumb\",\"itemListElement\":[{\"@type\":\"ListItem\",\"position\":1,\"name\":\"Home\",\"item\":\"https:\\\/\\\/thefitnesthub.com\\\/de\\\/\"},{\"@type\":\"ListItem\",\"position\":2,\"name\":\"Datenschutzerkl\u00e4rung\"}]},{\"@type\":\"WebSite\",\"@id\":\"https:\\\/\\\/skyblue-rat-680472.hostingersite.com\\\/es\\\/#website\",\"url\":\"https:\\\/\\\/skyblue-rat-680472.hostingersite.com\\\/es\\\/\",\"name\":\"The FitNest Hub\",\"description\":\"\",\"publisher\":{\"@id\":\"https:\\\/\\\/skyblue-rat-680472.hostingersite.com\\\/es\\\/#organization\"},\"potentialAction\":[{\"@type\":\"SearchAction\",\"target\":{\"@type\":\"EntryPoint\",\"urlTemplate\":\"https:\\\/\\\/skyblue-rat-680472.hostingersite.com\\\/es\\\/?s={search_term_string}\"},\"query-input\":{\"@type\":\"PropertyValueSpecification\",\"valueRequired\":true,\"valueName\":\"search_term_string\"}}],\"inLanguage\":\"de\"},{\"@type\":\"Organization\",\"@id\":\"https:\\\/\\\/skyblue-rat-680472.hostingersite.com\\\/es\\\/#organization\",\"name\":\"The FitNest Hub\",\"url\":\"https:\\\/\\\/skyblue-rat-680472.hostingersite.com\\\/es\\\/\",\"logo\":{\"@type\":\"ImageObject\",\"inLanguage\":\"de\",\"@id\":\"https:\\\/\\\/skyblue-rat-680472.hostingersite.com\\\/es\\\/#\\\/schema\\\/logo\\\/image\\\/\",\"url\":\"https:\\\/\\\/thefitnesthub.com\\\/wp-content\\\/uploads\\\/2025\\\/03\\\/favicon-solo-nera-1.png\",\"contentUrl\":\"https:\\\/\\\/thefitnesthub.com\\\/wp-content\\\/uploads\\\/2025\\\/03\\\/favicon-solo-nera-1.png\",\"width\":512,\"height\":512,\"caption\":\"The FitNest Hub\"},\"image\":{\"@id\":\"https:\\\/\\\/skyblue-rat-680472.hostingersite.com\\\/es\\\/#\\\/schema\\\/logo\\\/image\\\/\"}}]}<\/script>\n<!-- \/ Yoast SEO plugin. -->","yoast_head_json":{"title":"Datenschutzerkl\u00e4rung - The FitNest Hub","robots":{"index":"index","follow":"follow","max-snippet":"max-snippet:-1","max-image-preview":"max-image-preview:large","max-video-preview":"max-video-preview:-1"},"canonical":"https:\/\/thefitnesthub.com\/de\/datenschutzerklaerung\/","og_locale":"de_DE","og_type":"article","og_title":"Datenschutzerkl\u00e4rung - The FitNest Hub","og_description":"DATENSCHUTZERKKL\u00c4RUNG Letzte Aktualisierung: 01.04.2025 1. Einleitung Willkommen bei The FitNest Hub. Der Schutz Ihrer Privatsph\u00e4re ist uns wichtig. Diese Datenschutzerkl\u00e4rung beschreibt, wie wir Ihre personenbezogenen Daten erfassen, verwenden und sch\u00fctzen, wenn Sie unsere Website https:\/\/thefitnesthub.com\/ besuchen. 2. Erhobene personenbezogene Daten Wir erfassen die folgenden personenbezogenen Daten: Freiwillig bereitgestellte Daten: Wenn Sie Formulare auf unserer Website [&hellip;]","og_url":"https:\/\/thefitnesthub.com\/de\/datenschutzerklaerung\/","og_site_name":"The FitNest Hub","article_modified_time":"2025-04-09T21:23:40+00:00","twitter_card":"summary_large_image","twitter_misc":{"Gesch\u00e4tzte Lesezeit":"2\u00a0Minuten"},"schema":{"@context":"https:\/\/schema.org","@graph":[{"@type":"WebPage","@id":"https:\/\/thefitnesthub.com\/de\/datenschutzerklaerung\/","url":"https:\/\/thefitnesthub.com\/de\/datenschutzerklaerung\/","name":"Datenschutzerkl\u00e4rung - The FitNest Hub","isPartOf":{"@id":"https:\/\/skyblue-rat-680472.hostingersite.com\/es\/#website"},"datePublished":"2025-03-17T19:35:22+00:00","dateModified":"2025-04-09T21:23:40+00:00","breadcrumb":{"@id":"https:\/\/thefitnesthub.com\/de\/datenschutzerklaerung\/#breadcrumb"},"inLanguage":"de","potentialAction":[{"@type":"ReadAction","target":["https:\/\/thefitnesthub.com\/de\/datenschutzerklaerung\/"]}]},{"@type":"BreadcrumbList","@id":"https:\/\/thefitnesthub.com\/de\/datenschutzerklaerung\/#breadcrumb","itemListElement":[{"@type":"ListItem","position":1,"name":"Home","item":"https:\/\/thefitnesthub.com\/de\/"},{"@type":"ListItem","position":2,"name":"Datenschutzerkl\u00e4rung"}]},{"@type":"WebSite","@id":"https:\/\/skyblue-rat-680472.hostingersite.com\/es\/#website","url":"https:\/\/skyblue-rat-680472.hostingersite.com\/es\/","name":"The FitNest Hub","description":"","publisher":{"@id":"https:\/\/skyblue-rat-680472.hostingersite.com\/es\/#organization"},"potentialAction":[{"@type":"SearchAction","target":{"@type":"EntryPoint","urlTemplate":"https:\/\/skyblue-rat-680472.hostingersite.com\/es\/?s={search_term_string}"},"query-input":{"@type":"PropertyValueSpecification","valueRequired":true,"valueName":"search_term_string"}}],"inLanguage":"de"},{"@type":"Organization","@id":"https:\/\/skyblue-rat-680472.hostingersite.com\/es\/#organization","name":"The FitNest Hub","url":"https:\/\/skyblue-rat-680472.hostingersite.com\/es\/","logo":{"@type":"ImageObject","inLanguage":"de","@id":"https:\/\/skyblue-rat-680472.hostingersite.com\/es\/#\/schema\/logo\/image\/","url":"https:\/\/thefitnesthub.com\/wp-content\/uploads\/2025\/03\/favicon-solo-nera-1.png","contentUrl":"https:\/\/thefitnesthub.com\/wp-content\/uploads\/2025\/03\/favicon-solo-nera-1.png","width":512,"height":512,"caption":"The FitNest Hub"},"image":{"@id":"https:\/\/skyblue-rat-680472.hostingersite.com\/es\/#\/schema\/logo\/image\/"}}]}},"_links":{"self":[{"href":"https:\/\/thefitnesthub.com\/de\/wp-json\/wp\/v2\/pages\/3454","targetHints":{"allow":["GET"]}}],"collection":[{"href":"https:\/\/thefitnesthub.com\/de\/wp-json\/wp\/v2\/pages"}],"about":[{"href":"https:\/\/thefitnesthub.com\/de\/wp-json\/wp\/v2\/types\/page"}],"author":[{"embeddable":true,"href":"https:\/\/thefitnesthub.com\/de\/wp-json\/wp\/v2\/users\/1"}],"replies":[{"embeddable":true,"href":"https:\/\/thefitnesthub.com\/de\/wp-json\/wp\/v2\/comments?post=3454"}],"version-history":[{"count":1,"href":"https:\/\/thefitnesthub.com\/de\/wp-json\/wp\/v2\/pages\/3454\/revisions"}],"predecessor-version":[{"id":3455,"href":"https:\/\/thefitnesthub.com\/de\/wp-json\/wp\/v2\/pages\/3454\/revisions\/3455"}],"wp:attachment":[{"href":"https:\/\/thefitnesthub.com\/de\/wp-json\/wp\/v2\/media?parent=3454"}],"curies":[{"name":"wp","href":"https:\/\/api.w.org\/{rel}","templated":true}]}}