{"id":2926,"date":"2025-03-27T19:00:50","date_gmt":"2025-03-27T18:00:50","guid":{"rendered":"https:\/\/thefitnesthub.com\/disclaimer-affiliate\/"},"modified":"2025-04-03T21:19:36","modified_gmt":"2025-04-03T20:19:36","slug":"disclaimer-affiliate","status":"publish","type":"page","link":"https:\/\/thefitnesthub.com\/de\/disclaimer-affiliate\/","title":{"rendered":"Disclaimer Affiliate"},"content":{"rendered":"\t\t<div data-elementor-type=\"wp-page\" data-elementor-id=\"2926\" class=\"elementor elementor-2926 elementor-1312\" data-elementor-post-type=\"page\">\n\t\t\t\t\t\t<section class=\"elementor-section elementor-top-section elementor-element elementor-element-0e522a8 elementor-section-height-min-height elementor-section-boxed elementor-section-height-default elementor-section-items-middle\" data-id=\"0e522a8\" data-element_type=\"section\" data-e-type=\"section\" data-settings=\"{&quot;background_background&quot;:&quot;classic&quot;}\">\n\t\t\t\t\t\t<div class=\"elementor-container elementor-column-gap-default\">\n\t\t\t\t\t<div class=\"elementor-column elementor-col-100 elementor-top-column elementor-element elementor-element-57ab927\" data-id=\"57ab927\" data-element_type=\"column\" data-e-type=\"column\">\n\t\t\t<div class=\"elementor-widget-wrap elementor-element-populated\">\n\t\t\t\t\t\t<div class=\"elementor-element elementor-element-48ac802 elementor-widget elementor-widget-heading\" data-id=\"48ac802\" data-element_type=\"widget\" data-e-type=\"widget\" data-widget_type=\"heading.default\">\n\t\t\t\t<div class=\"elementor-widget-container\">\n\t\t\t\t\t<h2 class=\"elementor-heading-title elementor-size-default\">HAFTUNGSAUSSCHLUSS F\u00dcR AMAZON-AFFILIATE-LINKS<\/h2>\t\t\t\t<\/div>\n\t\t\t\t<\/div>\n\t\t\t\t<div class=\"elementor-element elementor-element-ac17356 elementor-widget elementor-widget-text-editor\" data-id=\"ac17356\" data-element_type=\"widget\" data-e-type=\"widget\" data-widget_type=\"text-editor.default\">\n\t\t\t\t<div class=\"elementor-widget-container\">\n\t\t\t\t\t\t\t\t\tThe<br><p class=\"\" data-start=\"265\" data-end=\"474\">FitNest Hub nimmt am <strong>Amazon EU-Partnerprogramm teil<\/strong>. Dieses Affiliate-Programm wurde entwickelt, um Webseiten eine M\u00f6glichkeit zu bieten, durch die Verlinkung zu <strong>Amazon.de<\/strong> Werbekostenerstattungen zu verdienen.<\/p><br><p class=\"\" data-start=\"476\" data-end=\"742\"><strong data-start=\"476\" data-end=\"501\">Wie funktioniert das?<\/strong><br data-start=\"501\" data-end=\"504\" \/>Einige Produktlinks auf dieser Website sind sogenannte Affiliate-Links. Das bedeutet: Wenn du auf einen dieser Links klickst und etwas kaufst, erh\u00e4lt FitNest Hub m\u00f6glicherweise eine kleine Provision \u2013 <strong data-start=\"705\" data-end=\"741\">ohne zus\u00e4tzliche Kosten f\u00fcr dich<\/strong>.<\/p><br><p class=\"\" data-start=\"744\" data-end=\"779\">Diese Provisionen helfen uns dabei:<\/p><br><br><ul data-start=\"781\" data-end=\"965\">\r\n \t<li class=\"\" data-start=\"781\" data-end=\"836\">\r\n<p class=\"\" data-start=\"783\" data-end=\"836\">Fitnessger\u00e4te unabh\u00e4ngig zu testen und zu bewerten;<\/p>\r\n<\/li>\r\n \t<li class=\"\" data-start=\"837\" data-end=\"906\">\r\n<p class=\"\" data-start=\"839\" data-end=\"906\">Dir hochwertige, aktuelle und kostenlose Inhalte bereitzustellen;<\/p>\r\n<\/li>\r\n \t<li class=\"\" data-start=\"907\" data-end=\"965\">\r\n<p class=\"\" data-start=\"909\" data-end=\"965\">Die Website aktiv und kontinuierlich weiterzuentwickeln.<\/p>\r\n<\/li>\r\n<\/ul><br><p class=\"\" data-start=\"967\" data-end=\"1260\"><strong data-start=\"967\" data-end=\"997\">Transparenz und Integrit\u00e4t<\/strong><br data-start=\"997\" data-end=\"1000\" \/>Wir legen gro\u00dfen Wert auf Offenheit: Alle Meinungen und Empfehlungen auf FitNest Hub sind ehrlich und unvoreingenommen.<br data-start=\"1119\" data-end=\"1122\" \/>Die vorgestellten Produkte werden anhand von Qualit\u00e4t, Nutzen und Mehrwert f\u00fcr dich ausgew\u00e4hlt \u2013 <strong data-start=\"1219\" data-end=\"1228\">nicht<\/strong> aufgrund m\u00f6glicher Provisionen.<\/p><br><p class=\"\" data-start=\"1262\" data-end=\"1377\">Dein Vertrauen ist uns wichtig. Deshalb setzen wir auf vollst\u00e4ndige Transparenz bei allem, was wir ver\u00f6ffentlichen.<\/p><br><p class=\"\" data-start=\"1379\" data-end=\"1549\">Weitere Informationen zum Amazon-Partnerprogramm findest du auf der offiziellen Website:<br data-start=\"1467\" data-end=\"1470\" \/>\ud83d\udc49 <a class=\"\" href=\"https:\/\/affiliate-program.amazon.de\/\" target=\"_new\" rel=\"noopener\" data-start=\"1473\" data-end=\"1549\">https:\/\/affiliate-program.amazon.de\/<\/a><\/p>\t\t\t\t\t\t\t\t<\/div>\n\t\t\t\t<\/div>\n\t\t\t\t\t<\/div>\n\t\t<\/div>\n\t\t\t\t\t<\/div>\n\t\t<\/section>\n\t\t\t\t<\/div>\n\t\t","protected":false},"excerpt":{"rendered":"<p>HAFTUNGSAUSSCHLUSS F\u00dcR AMAZON-AFFILIATE-LINKS The FitNest Hub nimmt am Amazon EU-Partnerprogramm teil. Dieses Affiliate-Programm wurde entwickelt, um Webseiten eine M\u00f6glichkeit zu bieten, durch die Verlinkung zu Amazon.de Werbekostenerstattungen zu verdienen. Wie funktioniert das?Einige Produktlinks auf dieser Website sind sogenannte Affiliate-Links. Das bedeutet: Wenn du auf einen dieser Links klickst und etwas kaufst, erh\u00e4lt FitNest Hub m\u00f6glicherweise [&hellip;]<\/p>\n","protected":false},"author":1,"featured_media":0,"parent":0,"menu_order":0,"comment_status":"closed","ping_status":"closed","template":"elementor_header_footer","meta":{"footnotes":""},"class_list":["post-2926","page","type-page","status-publish","hentry"],"_wp_page_template":"elementor_header_footer","hostinger_preview_image_url":null,"hostinger_preview_image_id":null,"hostinger_preview_image_post_id":null,"hostinger_ai_post_meta_title":null,"hostinger_ai_post_meta_description":null,"hostinger_ai_post_meta_seo_keywords":null,"_wp_attached_file":null,"_wp_attachment_metadata":null,"_edit_last":null,"origin":null,"_thumbnail_id":null,"_wp_trash_meta_status":null,"_wp_trash_meta_time":null,"_wp_desired_post_slug":null,"_edit_lock":null,"yoast_head":"<!-- This site is optimized with the Yoast SEO plugin v27.4 - https:\/\/yoast.com\/product\/yoast-seo-wordpress\/ -->\n<title>Disclaimer Affiliate - The FitNest Hub<\/title>\n<meta name=\"robots\" content=\"index, follow, max-snippet:-1, max-image-preview:large, max-video-preview:-1\" \/>\n<link rel=\"canonical\" href=\"https:\/\/thefitnesthub.com\/de\/disclaimer-affiliate\/\" \/>\n<meta property=\"og:locale\" content=\"de_DE\" \/>\n<meta property=\"og:type\" content=\"article\" \/>\n<meta property=\"og:title\" content=\"Disclaimer Affiliate - The FitNest Hub\" \/>\n<meta property=\"og:description\" content=\"HAFTUNGSAUSSCHLUSS F\u00dcR AMAZON-AFFILIATE-LINKS The FitNest Hub nimmt am Amazon EU-Partnerprogramm teil. Dieses Affiliate-Programm wurde entwickelt, um Webseiten eine M\u00f6glichkeit zu bieten, durch die Verlinkung zu Amazon.de Werbekostenerstattungen zu verdienen. Wie funktioniert das?Einige Produktlinks auf dieser Website sind sogenannte Affiliate-Links. Das bedeutet: Wenn du auf einen dieser Links klickst und etwas kaufst, erh\u00e4lt FitNest Hub m\u00f6glicherweise [&hellip;]\" \/>\n<meta property=\"og:url\" content=\"https:\/\/thefitnesthub.com\/de\/disclaimer-affiliate\/\" \/>\n<meta property=\"og:site_name\" content=\"The FitNest Hub\" \/>\n<meta property=\"article:modified_time\" content=\"2025-04-03T20:19:36+00:00\" \/>\n<meta name=\"twitter:card\" content=\"summary_large_image\" \/>\n<meta name=\"twitter:label1\" content=\"Gesch\u00e4tzte Lesezeit\" \/>\n\t<meta name=\"twitter:data1\" content=\"1\u00a0Minute\" \/>\n<script type=\"application\/ld+json\" class=\"yoast-schema-graph\">{\"@context\":\"https:\\\/\\\/schema.org\",\"@graph\":[{\"@type\":\"WebPage\",\"@id\":\"https:\\\/\\\/thefitnesthub.com\\\/de\\\/disclaimer-affiliate\\\/\",\"url\":\"https:\\\/\\\/thefitnesthub.com\\\/de\\\/disclaimer-affiliate\\\/\",\"name\":\"Disclaimer Affiliate - The FitNest Hub\",\"isPartOf\":{\"@id\":\"https:\\\/\\\/skyblue-rat-680472.hostingersite.com\\\/es\\\/#website\"},\"datePublished\":\"2025-03-27T18:00:50+00:00\",\"dateModified\":\"2025-04-03T20:19:36+00:00\",\"breadcrumb\":{\"@id\":\"https:\\\/\\\/thefitnesthub.com\\\/de\\\/disclaimer-affiliate\\\/#breadcrumb\"},\"inLanguage\":\"de\",\"potentialAction\":[{\"@type\":\"ReadAction\",\"target\":[\"https:\\\/\\\/thefitnesthub.com\\\/de\\\/disclaimer-affiliate\\\/\"]}]},{\"@type\":\"BreadcrumbList\",\"@id\":\"https:\\\/\\\/thefitnesthub.com\\\/de\\\/disclaimer-affiliate\\\/#breadcrumb\",\"itemListElement\":[{\"@type\":\"ListItem\",\"position\":1,\"name\":\"Home\",\"item\":\"https:\\\/\\\/thefitnesthub.com\\\/de\\\/\"},{\"@type\":\"ListItem\",\"position\":2,\"name\":\"Disclaimer Affiliate\"}]},{\"@type\":\"WebSite\",\"@id\":\"https:\\\/\\\/skyblue-rat-680472.hostingersite.com\\\/es\\\/#website\",\"url\":\"https:\\\/\\\/skyblue-rat-680472.hostingersite.com\\\/es\\\/\",\"name\":\"The FitNest Hub\",\"description\":\"\",\"publisher\":{\"@id\":\"https:\\\/\\\/skyblue-rat-680472.hostingersite.com\\\/es\\\/#organization\"},\"potentialAction\":[{\"@type\":\"SearchAction\",\"target\":{\"@type\":\"EntryPoint\",\"urlTemplate\":\"https:\\\/\\\/skyblue-rat-680472.hostingersite.com\\\/es\\\/?s={search_term_string}\"},\"query-input\":{\"@type\":\"PropertyValueSpecification\",\"valueRequired\":true,\"valueName\":\"search_term_string\"}}],\"inLanguage\":\"de\"},{\"@type\":\"Organization\",\"@id\":\"https:\\\/\\\/skyblue-rat-680472.hostingersite.com\\\/es\\\/#organization\",\"name\":\"The FitNest Hub\",\"url\":\"https:\\\/\\\/skyblue-rat-680472.hostingersite.com\\\/es\\\/\",\"logo\":{\"@type\":\"ImageObject\",\"inLanguage\":\"de\",\"@id\":\"https:\\\/\\\/skyblue-rat-680472.hostingersite.com\\\/es\\\/#\\\/schema\\\/logo\\\/image\\\/\",\"url\":\"https:\\\/\\\/thefitnesthub.com\\\/wp-content\\\/uploads\\\/2025\\\/03\\\/favicon-solo-nera-1.png\",\"contentUrl\":\"https:\\\/\\\/thefitnesthub.com\\\/wp-content\\\/uploads\\\/2025\\\/03\\\/favicon-solo-nera-1.png\",\"width\":512,\"height\":512,\"caption\":\"The FitNest Hub\"},\"image\":{\"@id\":\"https:\\\/\\\/skyblue-rat-680472.hostingersite.com\\\/es\\\/#\\\/schema\\\/logo\\\/image\\\/\"}}]}<\/script>\n<!-- \/ Yoast SEO plugin. -->","yoast_head_json":{"title":"Disclaimer Affiliate - The FitNest Hub","robots":{"index":"index","follow":"follow","max-snippet":"max-snippet:-1","max-image-preview":"max-image-preview:large","max-video-preview":"max-video-preview:-1"},"canonical":"https:\/\/thefitnesthub.com\/de\/disclaimer-affiliate\/","og_locale":"de_DE","og_type":"article","og_title":"Disclaimer Affiliate - The FitNest Hub","og_description":"HAFTUNGSAUSSCHLUSS F\u00dcR AMAZON-AFFILIATE-LINKS The FitNest Hub nimmt am Amazon EU-Partnerprogramm teil. Dieses Affiliate-Programm wurde entwickelt, um Webseiten eine M\u00f6glichkeit zu bieten, durch die Verlinkung zu Amazon.de Werbekostenerstattungen zu verdienen. Wie funktioniert das?Einige Produktlinks auf dieser Website sind sogenannte Affiliate-Links. Das bedeutet: Wenn du auf einen dieser Links klickst und etwas kaufst, erh\u00e4lt FitNest Hub m\u00f6glicherweise [&hellip;]","og_url":"https:\/\/thefitnesthub.com\/de\/disclaimer-affiliate\/","og_site_name":"The FitNest Hub","article_modified_time":"2025-04-03T20:19:36+00:00","twitter_card":"summary_large_image","twitter_misc":{"Gesch\u00e4tzte Lesezeit":"1\u00a0Minute"},"schema":{"@context":"https:\/\/schema.org","@graph":[{"@type":"WebPage","@id":"https:\/\/thefitnesthub.com\/de\/disclaimer-affiliate\/","url":"https:\/\/thefitnesthub.com\/de\/disclaimer-affiliate\/","name":"Disclaimer Affiliate - The FitNest Hub","isPartOf":{"@id":"https:\/\/skyblue-rat-680472.hostingersite.com\/es\/#website"},"datePublished":"2025-03-27T18:00:50+00:00","dateModified":"2025-04-03T20:19:36+00:00","breadcrumb":{"@id":"https:\/\/thefitnesthub.com\/de\/disclaimer-affiliate\/#breadcrumb"},"inLanguage":"de","potentialAction":[{"@type":"ReadAction","target":["https:\/\/thefitnesthub.com\/de\/disclaimer-affiliate\/"]}]},{"@type":"BreadcrumbList","@id":"https:\/\/thefitnesthub.com\/de\/disclaimer-affiliate\/#breadcrumb","itemListElement":[{"@type":"ListItem","position":1,"name":"Home","item":"https:\/\/thefitnesthub.com\/de\/"},{"@type":"ListItem","position":2,"name":"Disclaimer Affiliate"}]},{"@type":"WebSite","@id":"https:\/\/skyblue-rat-680472.hostingersite.com\/es\/#website","url":"https:\/\/skyblue-rat-680472.hostingersite.com\/es\/","name":"The FitNest Hub","description":"","publisher":{"@id":"https:\/\/skyblue-rat-680472.hostingersite.com\/es\/#organization"},"potentialAction":[{"@type":"SearchAction","target":{"@type":"EntryPoint","urlTemplate":"https:\/\/skyblue-rat-680472.hostingersite.com\/es\/?s={search_term_string}"},"query-input":{"@type":"PropertyValueSpecification","valueRequired":true,"valueName":"search_term_string"}}],"inLanguage":"de"},{"@type":"Organization","@id":"https:\/\/skyblue-rat-680472.hostingersite.com\/es\/#organization","name":"The FitNest Hub","url":"https:\/\/skyblue-rat-680472.hostingersite.com\/es\/","logo":{"@type":"ImageObject","inLanguage":"de","@id":"https:\/\/skyblue-rat-680472.hostingersite.com\/es\/#\/schema\/logo\/image\/","url":"https:\/\/thefitnesthub.com\/wp-content\/uploads\/2025\/03\/favicon-solo-nera-1.png","contentUrl":"https:\/\/thefitnesthub.com\/wp-content\/uploads\/2025\/03\/favicon-solo-nera-1.png","width":512,"height":512,"caption":"The FitNest Hub"},"image":{"@id":"https:\/\/skyblue-rat-680472.hostingersite.com\/es\/#\/schema\/logo\/image\/"}}]}},"_links":{"self":[{"href":"https:\/\/thefitnesthub.com\/de\/wp-json\/wp\/v2\/pages\/2926","targetHints":{"allow":["GET"]}}],"collection":[{"href":"https:\/\/thefitnesthub.com\/de\/wp-json\/wp\/v2\/pages"}],"about":[{"href":"https:\/\/thefitnesthub.com\/de\/wp-json\/wp\/v2\/types\/page"}],"author":[{"embeddable":true,"href":"https:\/\/thefitnesthub.com\/de\/wp-json\/wp\/v2\/users\/1"}],"replies":[{"embeddable":true,"href":"https:\/\/thefitnesthub.com\/de\/wp-json\/wp\/v2\/comments?post=2926"}],"version-history":[{"count":1,"href":"https:\/\/thefitnesthub.com\/de\/wp-json\/wp\/v2\/pages\/2926\/revisions"}],"predecessor-version":[{"id":2927,"href":"https:\/\/thefitnesthub.com\/de\/wp-json\/wp\/v2\/pages\/2926\/revisions\/2927"}],"wp:attachment":[{"href":"https:\/\/thefitnesthub.com\/de\/wp-json\/wp\/v2\/media?parent=2926"}],"curies":[{"name":"wp","href":"https:\/\/api.w.org\/{rel}","templated":true}]}}