{"id":2918,"date":"2025-03-27T02:12:16","date_gmt":"2025-03-27T01:12:16","guid":{"rendered":"https:\/\/thefitnesthub.com\/disclaimer-medico\/"},"modified":"2025-04-03T21:14:49","modified_gmt":"2025-04-03T20:14:49","slug":"disclaimer-medico","status":"publish","type":"page","link":"https:\/\/thefitnesthub.com\/de\/disclaimer-medico\/","title":{"rendered":"Disclaimer Medico"},"content":{"rendered":"\t\t<div data-elementor-type=\"wp-page\" data-elementor-id=\"2918\" class=\"elementor elementor-2918 elementor-1213\" data-elementor-post-type=\"page\">\n\t\t\t\t\t\t<section class=\"elementor-section elementor-top-section elementor-element elementor-element-d6cf51b elementor-section-height-min-height elementor-section-boxed elementor-section-height-default elementor-section-items-middle\" data-id=\"d6cf51b\" data-element_type=\"section\" data-e-type=\"section\" data-settings=\"{&quot;background_background&quot;:&quot;classic&quot;}\">\n\t\t\t\t\t\t<div class=\"elementor-container elementor-column-gap-default\">\n\t\t\t\t\t<div class=\"elementor-column elementor-col-100 elementor-top-column elementor-element elementor-element-c1ce8cc\" data-id=\"c1ce8cc\" data-element_type=\"column\" data-e-type=\"column\">\n\t\t\t<div class=\"elementor-widget-wrap elementor-element-populated\">\n\t\t\t\t\t\t<div class=\"elementor-element elementor-element-285ce1a elementor-widget elementor-widget-heading\" data-id=\"285ce1a\" data-element_type=\"widget\" data-e-type=\"widget\" data-widget_type=\"heading.default\">\n\t\t\t\t<div class=\"elementor-widget-container\">\n\t\t\t\t\t<h2 class=\"elementor-heading-title elementor-size-default\">MEDIZINISCHER HINWEIS<\/h2>\t\t\t\t<\/div>\n\t\t\t\t<\/div>\n\t\t\t\t<div class=\"elementor-element elementor-element-e04020f elementor-widget elementor-widget-text-editor\" data-id=\"e04020f\" data-element_type=\"widget\" data-e-type=\"widget\" data-widget_type=\"text-editor.default\">\n\t\t\t\t<div class=\"elementor-widget-container\">\n\t\t\t\t\t\t\t\t\t<p class=\"\" data-start=\"256\" data-end=\"452\">Die Inhalte auf The FitNest Hub dienen ausschlie\u00dflich zu Informations- und Bildungszwecken.<br data-start=\"343\" data-end=\"346\" \/>Sie ersetzen nicht die professionelle Beratung, Diagnose oder Behandlung durch medizinisches Fachpersonal.<\/p>\n<p><\/p>\n<p class=\"\" data-start=\"454\" data-end=\"775\">Bevor du ein Trainingsprogramm beginnst, k\u00f6rperlich aktiv wirst oder deine Ern\u00e4hrung umstellst, solltest du unbedingt deinen Arzt oder eine qualifizierte medizinische Fachkraft konsultieren \u2013 insbesondere bei bestehenden gesundheitlichen Problemen, chronischen Erkrankungen, Verletzungen oder w\u00e4hrend der Schwangerschaft.<\/p>\n<p><\/p>\n<p class=\"\" data-start=\"777\" data-end=\"966\">Die Autoren, Mitwirkenden und Redakteure dieser Website \u00fcbernehmen keine Haftung f\u00fcr Sch\u00e4den oder Folgen, die aus einer unsachgem\u00e4\u00dfen Anwendung der bereitgestellten Informationen entstehen.<\/p>\n<p><\/p>\n<p class=\"\" data-start=\"968\" data-end=\"1133\">Die Nutzung der Inhalte erfolgt auf eigene Verantwortung. Jeder Anwender tr\u00e4gt selbst die volle Verantwortung f\u00fcr die Umsetzung von Tipps, \u00dcbungen oder Empfehlungen.<\/p>\n\t\t\t\t\t\t\t\t<\/div>\n\t\t\t\t<\/div>\n\t\t\t\t\t<\/div>\n\t\t<\/div>\n\t\t\t\t\t<\/div>\n\t\t<\/section>\n\t\t\t\t<\/div>\n\t\t","protected":false},"excerpt":{"rendered":"<p>MEDIZINISCHER HINWEIS Die Inhalte auf The FitNest Hub dienen ausschlie\u00dflich zu Informations- und Bildungszwecken.Sie ersetzen nicht die professionelle Beratung, Diagnose oder Behandlung durch medizinisches Fachpersonal. Bevor du ein Trainingsprogramm beginnst, k\u00f6rperlich aktiv wirst oder deine Ern\u00e4hrung umstellst, solltest du unbedingt deinen Arzt oder eine qualifizierte medizinische Fachkraft konsultieren \u2013 insbesondere bei bestehenden gesundheitlichen Problemen, chronischen [&hellip;]<\/p>\n","protected":false},"author":1,"featured_media":0,"parent":0,"menu_order":0,"comment_status":"closed","ping_status":"closed","template":"elementor_header_footer","meta":{"footnotes":""},"class_list":["post-2918","page","type-page","status-publish","hentry"],"_wp_page_template":"elementor_header_footer","hostinger_preview_image_url":null,"hostinger_preview_image_id":null,"hostinger_preview_image_post_id":null,"hostinger_ai_post_meta_title":null,"hostinger_ai_post_meta_description":null,"hostinger_ai_post_meta_seo_keywords":null,"_wp_attached_file":null,"_wp_attachment_metadata":null,"_edit_last":null,"origin":null,"_thumbnail_id":null,"_wp_trash_meta_status":null,"_wp_trash_meta_time":null,"_wp_desired_post_slug":null,"_edit_lock":null,"yoast_head":"<!-- This site is optimized with the Yoast SEO plugin v27.4 - https:\/\/yoast.com\/product\/yoast-seo-wordpress\/ -->\n<title>Disclaimer Medico - The FitNest Hub<\/title>\n<meta name=\"robots\" content=\"index, follow, max-snippet:-1, max-image-preview:large, max-video-preview:-1\" \/>\n<link rel=\"canonical\" href=\"https:\/\/thefitnesthub.com\/de\/disclaimer-medico\/\" \/>\n<meta property=\"og:locale\" content=\"de_DE\" \/>\n<meta property=\"og:type\" content=\"article\" \/>\n<meta property=\"og:title\" content=\"Disclaimer Medico - The FitNest Hub\" \/>\n<meta property=\"og:description\" content=\"MEDIZINISCHER HINWEIS Die Inhalte auf The FitNest Hub dienen ausschlie\u00dflich zu Informations- und Bildungszwecken.Sie ersetzen nicht die professionelle Beratung, Diagnose oder Behandlung durch medizinisches Fachpersonal. Bevor du ein Trainingsprogramm beginnst, k\u00f6rperlich aktiv wirst oder deine Ern\u00e4hrung umstellst, solltest du unbedingt deinen Arzt oder eine qualifizierte medizinische Fachkraft konsultieren \u2013 insbesondere bei bestehenden gesundheitlichen Problemen, chronischen [&hellip;]\" \/>\n<meta property=\"og:url\" content=\"https:\/\/thefitnesthub.com\/de\/disclaimer-medico\/\" \/>\n<meta property=\"og:site_name\" content=\"The FitNest Hub\" \/>\n<meta property=\"article:modified_time\" content=\"2025-04-03T20:14:49+00:00\" \/>\n<meta name=\"twitter:card\" content=\"summary_large_image\" \/>\n<meta name=\"twitter:label1\" content=\"Gesch\u00e4tzte Lesezeit\" \/>\n\t<meta name=\"twitter:data1\" content=\"1\u00a0Minute\" \/>\n<script type=\"application\/ld+json\" class=\"yoast-schema-graph\">{\"@context\":\"https:\\\/\\\/schema.org\",\"@graph\":[{\"@type\":\"WebPage\",\"@id\":\"https:\\\/\\\/thefitnesthub.com\\\/de\\\/disclaimer-medico\\\/\",\"url\":\"https:\\\/\\\/thefitnesthub.com\\\/de\\\/disclaimer-medico\\\/\",\"name\":\"Disclaimer Medico - The FitNest Hub\",\"isPartOf\":{\"@id\":\"https:\\\/\\\/skyblue-rat-680472.hostingersite.com\\\/es\\\/#website\"},\"datePublished\":\"2025-03-27T01:12:16+00:00\",\"dateModified\":\"2025-04-03T20:14:49+00:00\",\"breadcrumb\":{\"@id\":\"https:\\\/\\\/thefitnesthub.com\\\/de\\\/disclaimer-medico\\\/#breadcrumb\"},\"inLanguage\":\"de\",\"potentialAction\":[{\"@type\":\"ReadAction\",\"target\":[\"https:\\\/\\\/thefitnesthub.com\\\/de\\\/disclaimer-medico\\\/\"]}]},{\"@type\":\"BreadcrumbList\",\"@id\":\"https:\\\/\\\/thefitnesthub.com\\\/de\\\/disclaimer-medico\\\/#breadcrumb\",\"itemListElement\":[{\"@type\":\"ListItem\",\"position\":1,\"name\":\"Home\",\"item\":\"https:\\\/\\\/thefitnesthub.com\\\/de\\\/\"},{\"@type\":\"ListItem\",\"position\":2,\"name\":\"Disclaimer Medico\"}]},{\"@type\":\"WebSite\",\"@id\":\"https:\\\/\\\/skyblue-rat-680472.hostingersite.com\\\/es\\\/#website\",\"url\":\"https:\\\/\\\/skyblue-rat-680472.hostingersite.com\\\/es\\\/\",\"name\":\"The FitNest Hub\",\"description\":\"\",\"publisher\":{\"@id\":\"https:\\\/\\\/skyblue-rat-680472.hostingersite.com\\\/es\\\/#organization\"},\"potentialAction\":[{\"@type\":\"SearchAction\",\"target\":{\"@type\":\"EntryPoint\",\"urlTemplate\":\"https:\\\/\\\/skyblue-rat-680472.hostingersite.com\\\/es\\\/?s={search_term_string}\"},\"query-input\":{\"@type\":\"PropertyValueSpecification\",\"valueRequired\":true,\"valueName\":\"search_term_string\"}}],\"inLanguage\":\"de\"},{\"@type\":\"Organization\",\"@id\":\"https:\\\/\\\/skyblue-rat-680472.hostingersite.com\\\/es\\\/#organization\",\"name\":\"The FitNest Hub\",\"url\":\"https:\\\/\\\/skyblue-rat-680472.hostingersite.com\\\/es\\\/\",\"logo\":{\"@type\":\"ImageObject\",\"inLanguage\":\"de\",\"@id\":\"https:\\\/\\\/skyblue-rat-680472.hostingersite.com\\\/es\\\/#\\\/schema\\\/logo\\\/image\\\/\",\"url\":\"https:\\\/\\\/thefitnesthub.com\\\/wp-content\\\/uploads\\\/2025\\\/03\\\/favicon-solo-nera-1.png\",\"contentUrl\":\"https:\\\/\\\/thefitnesthub.com\\\/wp-content\\\/uploads\\\/2025\\\/03\\\/favicon-solo-nera-1.png\",\"width\":512,\"height\":512,\"caption\":\"The FitNest Hub\"},\"image\":{\"@id\":\"https:\\\/\\\/skyblue-rat-680472.hostingersite.com\\\/es\\\/#\\\/schema\\\/logo\\\/image\\\/\"}}]}<\/script>\n<!-- \/ Yoast SEO plugin. -->","yoast_head_json":{"title":"Disclaimer Medico - The FitNest Hub","robots":{"index":"index","follow":"follow","max-snippet":"max-snippet:-1","max-image-preview":"max-image-preview:large","max-video-preview":"max-video-preview:-1"},"canonical":"https:\/\/thefitnesthub.com\/de\/disclaimer-medico\/","og_locale":"de_DE","og_type":"article","og_title":"Disclaimer Medico - The FitNest Hub","og_description":"MEDIZINISCHER HINWEIS Die Inhalte auf The FitNest Hub dienen ausschlie\u00dflich zu Informations- und Bildungszwecken.Sie ersetzen nicht die professionelle Beratung, Diagnose oder Behandlung durch medizinisches Fachpersonal. Bevor du ein Trainingsprogramm beginnst, k\u00f6rperlich aktiv wirst oder deine Ern\u00e4hrung umstellst, solltest du unbedingt deinen Arzt oder eine qualifizierte medizinische Fachkraft konsultieren \u2013 insbesondere bei bestehenden gesundheitlichen Problemen, chronischen [&hellip;]","og_url":"https:\/\/thefitnesthub.com\/de\/disclaimer-medico\/","og_site_name":"The FitNest Hub","article_modified_time":"2025-04-03T20:14:49+00:00","twitter_card":"summary_large_image","twitter_misc":{"Gesch\u00e4tzte Lesezeit":"1\u00a0Minute"},"schema":{"@context":"https:\/\/schema.org","@graph":[{"@type":"WebPage","@id":"https:\/\/thefitnesthub.com\/de\/disclaimer-medico\/","url":"https:\/\/thefitnesthub.com\/de\/disclaimer-medico\/","name":"Disclaimer Medico - The FitNest Hub","isPartOf":{"@id":"https:\/\/skyblue-rat-680472.hostingersite.com\/es\/#website"},"datePublished":"2025-03-27T01:12:16+00:00","dateModified":"2025-04-03T20:14:49+00:00","breadcrumb":{"@id":"https:\/\/thefitnesthub.com\/de\/disclaimer-medico\/#breadcrumb"},"inLanguage":"de","potentialAction":[{"@type":"ReadAction","target":["https:\/\/thefitnesthub.com\/de\/disclaimer-medico\/"]}]},{"@type":"BreadcrumbList","@id":"https:\/\/thefitnesthub.com\/de\/disclaimer-medico\/#breadcrumb","itemListElement":[{"@type":"ListItem","position":1,"name":"Home","item":"https:\/\/thefitnesthub.com\/de\/"},{"@type":"ListItem","position":2,"name":"Disclaimer Medico"}]},{"@type":"WebSite","@id":"https:\/\/skyblue-rat-680472.hostingersite.com\/es\/#website","url":"https:\/\/skyblue-rat-680472.hostingersite.com\/es\/","name":"The FitNest Hub","description":"","publisher":{"@id":"https:\/\/skyblue-rat-680472.hostingersite.com\/es\/#organization"},"potentialAction":[{"@type":"SearchAction","target":{"@type":"EntryPoint","urlTemplate":"https:\/\/skyblue-rat-680472.hostingersite.com\/es\/?s={search_term_string}"},"query-input":{"@type":"PropertyValueSpecification","valueRequired":true,"valueName":"search_term_string"}}],"inLanguage":"de"},{"@type":"Organization","@id":"https:\/\/skyblue-rat-680472.hostingersite.com\/es\/#organization","name":"The FitNest Hub","url":"https:\/\/skyblue-rat-680472.hostingersite.com\/es\/","logo":{"@type":"ImageObject","inLanguage":"de","@id":"https:\/\/skyblue-rat-680472.hostingersite.com\/es\/#\/schema\/logo\/image\/","url":"https:\/\/thefitnesthub.com\/wp-content\/uploads\/2025\/03\/favicon-solo-nera-1.png","contentUrl":"https:\/\/thefitnesthub.com\/wp-content\/uploads\/2025\/03\/favicon-solo-nera-1.png","width":512,"height":512,"caption":"The FitNest Hub"},"image":{"@id":"https:\/\/skyblue-rat-680472.hostingersite.com\/es\/#\/schema\/logo\/image\/"}}]}},"_links":{"self":[{"href":"https:\/\/thefitnesthub.com\/de\/wp-json\/wp\/v2\/pages\/2918","targetHints":{"allow":["GET"]}}],"collection":[{"href":"https:\/\/thefitnesthub.com\/de\/wp-json\/wp\/v2\/pages"}],"about":[{"href":"https:\/\/thefitnesthub.com\/de\/wp-json\/wp\/v2\/types\/page"}],"author":[{"embeddable":true,"href":"https:\/\/thefitnesthub.com\/de\/wp-json\/wp\/v2\/users\/1"}],"replies":[{"embeddable":true,"href":"https:\/\/thefitnesthub.com\/de\/wp-json\/wp\/v2\/comments?post=2918"}],"version-history":[{"count":1,"href":"https:\/\/thefitnesthub.com\/de\/wp-json\/wp\/v2\/pages\/2918\/revisions"}],"predecessor-version":[{"id":2919,"href":"https:\/\/thefitnesthub.com\/de\/wp-json\/wp\/v2\/pages\/2918\/revisions\/2919"}],"wp:attachment":[{"href":"https:\/\/thefitnesthub.com\/de\/wp-json\/wp\/v2\/media?parent=2918"}],"curies":[{"name":"wp","href":"https:\/\/api.w.org\/{rel}","templated":true}]}}